{"id":9104,"date":"2016-10-11T11:09:23","date_gmt":"2016-10-11T09:09:23","guid":{"rendered":"http:\/\/fundacjaoda.pl\/?page_id=9104"},"modified":"2016-10-11T11:18:14","modified_gmt":"2016-10-11T09:18:14","slug":"galeria-jak-chopin-muzyka-swiat-malowal","status":"publish","type":"page","link":"http:\/\/fundacjaoda.pl\/?page_id=9104","title":{"rendered":"Galeria &#8211; Jak Chopin muzyk\u0105 \u015bwiat malowa\u0142"},"content":{"rendered":"<div id=\"envira-gallery-wrap-9088\" class=\"envira-gallery-wrap envira-gallery-theme-base envira-lightbox-theme-base\"><div id=\"envira-gallery-9088\" class=\"envira-gallery-public envira-gallery-5-columns envira-clear isotope\" data-envira-columns=\"5\"><div id=\"envira-gallery-item-9089\" class=\"envira-gallery-item isotope-item envira-gallery-item-1\" style=\"margin-bottom: 10px;\" ><a href=\"http:\/\/fundacjaoda.pl\/wp-content\/uploads\/2016\/10\/20161009_155930.jpg\" class=\"envira-gallery-9088 envira-gallery-link\" rel=\"enviragallery9088\" title=\"20161009_155930\" data-thumbnail=\"\"><img id=\"envira-gallery-image-9089\" class=\"envira-gallery-image envira-gallery-preload envira-gallery-image-1\" src=\"http:\/\/fundacjaoda.pl\/wp-content\/plugins\/envira-gallery-lite\/assets\/css\/images\/holder.gif\" data-envira-src=\"http:\/\/fundacjaoda.pl\/wp-content\/uploads\/2016\/10\/20161009_155930-120x120_c.jpg\" alt=\"20161009_155930\" title=\"20161009_155930\"  \/><\/a><\/div><div id=\"envira-gallery-item-9090\" class=\"envira-gallery-item isotope-item envira-gallery-item-2\" style=\"margin-bottom: 10px;\" ><a href=\"http:\/\/fundacjaoda.pl\/wp-content\/uploads\/2016\/10\/20161009_155937.jpg\" class=\"envira-gallery-9088 envira-gallery-link\" rel=\"enviragallery9088\" title=\"20161009_155937\" data-thumbnail=\"\"><img id=\"envira-gallery-image-9090\" class=\"envira-gallery-image envira-gallery-preload envira-gallery-image-2\" src=\"http:\/\/fundacjaoda.pl\/wp-content\/plugins\/envira-gallery-lite\/assets\/css\/images\/holder.gif\" data-envira-src=\"http:\/\/fundacjaoda.pl\/wp-content\/uploads\/2016\/10\/20161009_155937-120x120_c.jpg\" alt=\"20161009_155937\" title=\"20161009_155937\"  \/><\/a><\/div><div id=\"envira-gallery-item-9091\" class=\"envira-gallery-item isotope-item envira-gallery-item-3\" style=\"margin-bottom: 10px;\" ><a href=\"http:\/\/fundacjaoda.pl\/wp-content\/uploads\/2016\/10\/20161009_161503.jpg\" class=\"envira-gallery-9088 envira-gallery-link\" rel=\"enviragallery9088\" title=\"20161009_161503\" data-thumbnail=\"\"><img id=\"envira-gallery-image-9091\" class=\"envira-gallery-image envira-gallery-preload envira-gallery-image-3\" src=\"http:\/\/fundacjaoda.pl\/wp-content\/plugins\/envira-gallery-lite\/assets\/css\/images\/holder.gif\" data-envira-src=\"http:\/\/fundacjaoda.pl\/wp-content\/uploads\/2016\/10\/20161009_161503-120x120_c.jpg\" alt=\"20161009_161503\" title=\"20161009_161503\"  \/><\/a><\/div><div id=\"envira-gallery-item-9093\" class=\"envira-gallery-item isotope-item envira-gallery-item-4\" style=\"margin-bottom: 10px;\" ><a href=\"http:\/\/fundacjaoda.pl\/wp-content\/uploads\/2016\/10\/20161009_163438.jpg\" class=\"envira-gallery-9088 envira-gallery-link\" rel=\"enviragallery9088\" title=\"20161009_163438\" data-thumbnail=\"\"><img id=\"envira-gallery-image-9093\" class=\"envira-gallery-image envira-gallery-preload envira-gallery-image-4\" src=\"http:\/\/fundacjaoda.pl\/wp-content\/plugins\/envira-gallery-lite\/assets\/css\/images\/holder.gif\" data-envira-src=\"http:\/\/fundacjaoda.pl\/wp-content\/uploads\/2016\/10\/20161009_163438-120x120_c.jpg\" alt=\"20161009_163438\" title=\"20161009_163438\"  \/><\/a><\/div><div id=\"envira-gallery-item-9094\" class=\"envira-gallery-item isotope-item envira-gallery-item-5\" style=\"margin-bottom: 10px;\" ><a href=\"http:\/\/fundacjaoda.pl\/wp-content\/uploads\/2016\/10\/20161009_163442.jpg\" class=\"envira-gallery-9088 envira-gallery-link\" rel=\"enviragallery9088\" title=\"20161009_163442\" data-thumbnail=\"\"><img id=\"envira-gallery-image-9094\" class=\"envira-gallery-image envira-gallery-preload envira-gallery-image-5\" src=\"http:\/\/fundacjaoda.pl\/wp-content\/plugins\/envira-gallery-lite\/assets\/css\/images\/holder.gif\" data-envira-src=\"http:\/\/fundacjaoda.pl\/wp-content\/uploads\/2016\/10\/20161009_163442-120x120_c.jpg\" alt=\"20161009_163442\" title=\"20161009_163442\"  \/><\/a><\/div><div id=\"envira-gallery-item-9095\" class=\"envira-gallery-item isotope-item envira-gallery-item-6\" style=\"margin-bottom: 10px;\" ><a href=\"http:\/\/fundacjaoda.pl\/wp-content\/uploads\/2016\/10\/20161009_163457.jpg\" class=\"envira-gallery-9088 envira-gallery-link\" rel=\"enviragallery9088\" title=\"20161009_163457\" data-thumbnail=\"\"><img id=\"envira-gallery-image-9095\" class=\"envira-gallery-image envira-gallery-preload envira-gallery-image-6\" src=\"http:\/\/fundacjaoda.pl\/wp-content\/plugins\/envira-gallery-lite\/assets\/css\/images\/holder.gif\" data-envira-src=\"http:\/\/fundacjaoda.pl\/wp-content\/uploads\/2016\/10\/20161009_163457-120x120_c.jpg\" alt=\"20161009_163457\" title=\"20161009_163457\"  \/><\/a><\/div><div id=\"envira-gallery-item-9096\" class=\"envira-gallery-item isotope-item envira-gallery-item-7\" style=\"margin-bottom: 10px;\" ><a href=\"http:\/\/fundacjaoda.pl\/wp-content\/uploads\/2016\/10\/20161009_163633.jpg\" class=\"envira-gallery-9088 envira-gallery-link\" rel=\"enviragallery9088\" title=\"20161009_163633\" data-thumbnail=\"\"><img id=\"envira-gallery-image-9096\" class=\"envira-gallery-image envira-gallery-preload envira-gallery-image-7\" src=\"http:\/\/fundacjaoda.pl\/wp-content\/plugins\/envira-gallery-lite\/assets\/css\/images\/holder.gif\" data-envira-src=\"http:\/\/fundacjaoda.pl\/wp-content\/uploads\/2016\/10\/20161009_163633-120x120_c.jpg\" alt=\"20161009_163633\" title=\"20161009_163633\"  \/><\/a><\/div><div id=\"envira-gallery-item-9098\" class=\"envira-gallery-item isotope-item envira-gallery-item-8\" style=\"margin-bottom: 10px;\" ><a href=\"http:\/\/fundacjaoda.pl\/wp-content\/uploads\/2016\/10\/20161009_171320.jpg\" class=\"envira-gallery-9088 envira-gallery-link\" rel=\"enviragallery9088\" title=\"20161009_171320\" data-thumbnail=\"\"><img id=\"envira-gallery-image-9098\" class=\"envira-gallery-image envira-gallery-preload envira-gallery-image-8\" src=\"http:\/\/fundacjaoda.pl\/wp-content\/plugins\/envira-gallery-lite\/assets\/css\/images\/holder.gif\" data-envira-src=\"http:\/\/fundacjaoda.pl\/wp-content\/uploads\/2016\/10\/20161009_171320-120x120_c.jpg\" alt=\"20161009_171320\" title=\"20161009_171320\"  \/><\/a><\/div><div id=\"envira-gallery-item-9099\" class=\"envira-gallery-item isotope-item envira-gallery-item-9\" style=\"margin-bottom: 10px;\" ><a href=\"http:\/\/fundacjaoda.pl\/wp-content\/uploads\/2016\/10\/20161009_171335.jpg\" class=\"envira-gallery-9088 envira-gallery-link\" rel=\"enviragallery9088\" title=\"20161009_171335\" data-thumbnail=\"\"><img id=\"envira-gallery-image-9099\" class=\"envira-gallery-image envira-gallery-preload envira-gallery-image-9\" src=\"http:\/\/fundacjaoda.pl\/wp-content\/plugins\/envira-gallery-lite\/assets\/css\/images\/holder.gif\" data-envira-src=\"http:\/\/fundacjaoda.pl\/wp-content\/uploads\/2016\/10\/20161009_171335-120x120_c.jpg\" alt=\"20161009_171335\" title=\"20161009_171335\"  \/><\/a><\/div><div id=\"envira-gallery-item-9100\" class=\"envira-gallery-item isotope-item envira-gallery-item-10\" style=\"margin-bottom: 10px;\" ><a href=\"http:\/\/fundacjaoda.pl\/wp-content\/uploads\/2016\/10\/20161009_171434.jpg\" class=\"envira-gallery-9088 envira-gallery-link\" rel=\"enviragallery9088\" title=\"20161009_171434\" data-thumbnail=\"\"><img id=\"envira-gallery-image-9100\" class=\"envira-gallery-image envira-gallery-preload envira-gallery-image-10\" src=\"http:\/\/fundacjaoda.pl\/wp-content\/plugins\/envira-gallery-lite\/assets\/css\/images\/holder.gif\" data-envira-src=\"http:\/\/fundacjaoda.pl\/wp-content\/uploads\/2016\/10\/20161009_171434-120x120_c.jpg\" alt=\"20161009_171434\" title=\"20161009_171434\"  \/><\/a><\/div><div id=\"envira-gallery-item-9101\" class=\"envira-gallery-item isotope-item envira-gallery-item-11\" style=\"margin-bottom: 10px;\" ><a href=\"http:\/\/fundacjaoda.pl\/wp-content\/uploads\/2016\/10\/20161009_171617.jpg\" class=\"envira-gallery-9088 envira-gallery-link\" rel=\"enviragallery9088\" title=\"20161009_171617\" data-thumbnail=\"\"><img id=\"envira-gallery-image-9101\" class=\"envira-gallery-image envira-gallery-preload envira-gallery-image-11\" src=\"http:\/\/fundacjaoda.pl\/wp-content\/plugins\/envira-gallery-lite\/assets\/css\/images\/holder.gif\" data-envira-src=\"http:\/\/fundacjaoda.pl\/wp-content\/uploads\/2016\/10\/20161009_171617-120x120_c.jpg\" alt=\"20161009_171617\" title=\"20161009_171617\"  \/><\/a><\/div><div id=\"envira-gallery-item-9102\" class=\"envira-gallery-item isotope-item envira-gallery-item-12\" style=\"margin-bottom: 10px;\" ><a href=\"http:\/\/fundacjaoda.pl\/wp-content\/uploads\/2016\/10\/20161009_171905.jpg\" class=\"envira-gallery-9088 envira-gallery-link\" rel=\"enviragallery9088\" title=\"20161009_171905\" data-thumbnail=\"\"><img id=\"envira-gallery-image-9102\" class=\"envira-gallery-image envira-gallery-preload envira-gallery-image-12\" src=\"http:\/\/fundacjaoda.pl\/wp-content\/plugins\/envira-gallery-lite\/assets\/css\/images\/holder.gif\" data-envira-src=\"http:\/\/fundacjaoda.pl\/wp-content\/uploads\/2016\/10\/20161009_171905-120x120_c.jpg\" alt=\"20161009_171905\" title=\"20161009_171905\"  \/><\/a><\/div><div id=\"envira-gallery-item-9097\" class=\"envira-gallery-item isotope-item envira-gallery-item-13\" style=\"margin-bottom: 10px;\" ><a href=\"http:\/\/fundacjaoda.pl\/wp-content\/uploads\/2016\/10\/20161009_165023.jpg\" class=\"envira-gallery-9088 envira-gallery-link\" rel=\"enviragallery9088\" title=\"20161009_165023\" data-thumbnail=\"\"><img id=\"envira-gallery-image-9097\" class=\"envira-gallery-image envira-gallery-preload envira-gallery-image-13\" src=\"http:\/\/fundacjaoda.pl\/wp-content\/plugins\/envira-gallery-lite\/assets\/css\/images\/holder.gif\" data-envira-src=\"http:\/\/fundacjaoda.pl\/wp-content\/uploads\/2016\/10\/20161009_165023-120x120_c.jpg\" alt=\"20161009_165023\" title=\"20161009_165023\"  \/><\/a><\/div><\/div><\/div>\n<p><strong><a href=\"http:\/\/fundacjaoda.pl\/?page_id=58\" title=\"Podwieczorki muzyczne dla dzieci\">Powr\u00f3t<\/a><\/strong><\/p>\n","protected":false},"excerpt":{"rendered":"<p>Powr\u00f3t<\/p>\n","protected":false},"author":1,"featured_media":0,"parent":0,"menu_order":0,"comment_status":"closed","ping_status":"closed","template":"","meta":[],"_links":{"self":[{"href":"http:\/\/fundacjaoda.pl\/index.php?rest_route=\/wp\/v2\/pages\/9104"}],"collection":[{"href":"http:\/\/fundacjaoda.pl\/index.php?rest_route=\/wp\/v2\/pages"}],"about":[{"href":"http:\/\/fundacjaoda.pl\/index.php?rest_route=\/wp\/v2\/types\/page"}],"author":[{"embeddable":true,"href":"http:\/\/fundacjaoda.pl\/index.php?rest_route=\/wp\/v2\/users\/1"}],"replies":[{"embeddable":true,"href":"http:\/\/fundacjaoda.pl\/index.php?rest_route=%2Fwp%2Fv2%2Fcomments&post=9104"}],"version-history":[{"count":1,"href":"http:\/\/fundacjaoda.pl\/index.php?rest_route=\/wp\/v2\/pages\/9104\/revisions"}],"predecessor-version":[{"id":9105,"href":"http:\/\/fundacjaoda.pl\/index.php?rest_route=\/wp\/v2\/pages\/9104\/revisions\/9105"}],"wp:attachment":[{"href":"http:\/\/fundacjaoda.pl\/index.php?rest_route=%2Fwp%2Fv2%2Fmedia&parent=9104"}],"curies":[{"name":"wp","href":"https:\/\/api.w.org\/{rel}","templated":true}]}}