{"id":7669,"date":"2016-04-28T09:20:10","date_gmt":"2016-04-28T07:20:10","guid":{"rendered":"http:\/\/fundacjaoda.pl\/?page_id=7669"},"modified":"2016-04-28T09:46:04","modified_gmt":"2016-04-28T07:46:04","slug":"galeria-dzien-przedsiebiorczosci-2016","status":"publish","type":"page","link":"http:\/\/fundacjaoda.pl\/?page_id=7669","title":{"rendered":"Galeria &#8211; Dzie\u0144 Przedsi\u0119biorczo\u015bci 2016"},"content":{"rendered":"<div id=\"envira-gallery-wrap-7661\" class=\"envira-gallery-wrap envira-gallery-theme-base envira-lightbox-theme-base\"><div id=\"envira-gallery-7661\" class=\"envira-gallery-public envira-gallery-5-columns envira-clear isotope\" data-envira-columns=\"5\"><div id=\"envira-gallery-item-7662\" class=\"envira-gallery-item isotope-item envira-gallery-item-1\" style=\"margin-bottom: 10px;\" ><a href=\"http:\/\/fundacjaoda.pl\/wp-content\/uploads\/2016\/04\/20160420_111811.jpg\" class=\"envira-gallery-7661 envira-gallery-link\" rel=\"enviragallery7661\" title=\"20160420_111811\" data-thumbnail=\"\"><img id=\"envira-gallery-image-7662\" class=\"envira-gallery-image envira-gallery-preload envira-gallery-image-1\" src=\"http:\/\/fundacjaoda.pl\/wp-content\/plugins\/envira-gallery-lite\/assets\/css\/images\/holder.gif\" data-envira-src=\"http:\/\/fundacjaoda.pl\/wp-content\/uploads\/2016\/04\/20160420_111811-120x120_c.jpg\" alt=\"20160420_111811\" title=\"20160420_111811\"  \/><\/a><\/div><div id=\"envira-gallery-item-7663\" class=\"envira-gallery-item isotope-item envira-gallery-item-2\" style=\"margin-bottom: 10px;\" ><a href=\"http:\/\/fundacjaoda.pl\/wp-content\/uploads\/2016\/04\/20160420_111820.jpg\" class=\"envira-gallery-7661 envira-gallery-link\" rel=\"enviragallery7661\" title=\"20160420_111820\" data-thumbnail=\"\"><img id=\"envira-gallery-image-7663\" class=\"envira-gallery-image envira-gallery-preload envira-gallery-image-2\" src=\"http:\/\/fundacjaoda.pl\/wp-content\/plugins\/envira-gallery-lite\/assets\/css\/images\/holder.gif\" data-envira-src=\"http:\/\/fundacjaoda.pl\/wp-content\/uploads\/2016\/04\/20160420_111820-120x120_c.jpg\" alt=\"20160420_111820\" title=\"20160420_111820\"  \/><\/a><\/div><div id=\"envira-gallery-item-7664\" class=\"envira-gallery-item isotope-item envira-gallery-item-3\" style=\"margin-bottom: 10px;\" ><a href=\"http:\/\/fundacjaoda.pl\/wp-content\/uploads\/2016\/04\/20160420_111837.jpg\" class=\"envira-gallery-7661 envira-gallery-link\" rel=\"enviragallery7661\" title=\"20160420_111837\" data-thumbnail=\"\"><img id=\"envira-gallery-image-7664\" class=\"envira-gallery-image envira-gallery-preload envira-gallery-image-3\" src=\"http:\/\/fundacjaoda.pl\/wp-content\/plugins\/envira-gallery-lite\/assets\/css\/images\/holder.gif\" data-envira-src=\"http:\/\/fundacjaoda.pl\/wp-content\/uploads\/2016\/04\/20160420_111837-120x120_c.jpg\" alt=\"20160420_111837\" title=\"20160420_111837\"  \/><\/a><\/div><div id=\"envira-gallery-item-7665\" class=\"envira-gallery-item isotope-item envira-gallery-item-4\" style=\"margin-bottom: 10px;\" ><a href=\"http:\/\/fundacjaoda.pl\/wp-content\/uploads\/2016\/04\/20160420_111852.jpg\" class=\"envira-gallery-7661 envira-gallery-link\" rel=\"enviragallery7661\" title=\"20160420_111852\" data-thumbnail=\"\"><img id=\"envira-gallery-image-7665\" class=\"envira-gallery-image envira-gallery-preload envira-gallery-image-4\" src=\"http:\/\/fundacjaoda.pl\/wp-content\/plugins\/envira-gallery-lite\/assets\/css\/images\/holder.gif\" data-envira-src=\"http:\/\/fundacjaoda.pl\/wp-content\/uploads\/2016\/04\/20160420_111852-120x120_c.jpg\" alt=\"20160420_111852\" title=\"20160420_111852\"  \/><\/a><\/div><div id=\"envira-gallery-item-7666\" class=\"envira-gallery-item isotope-item envira-gallery-item-5\" style=\"margin-bottom: 10px;\" ><a href=\"http:\/\/fundacjaoda.pl\/wp-content\/uploads\/2016\/04\/20160420_111856.jpg\" class=\"envira-gallery-7661 envira-gallery-link\" rel=\"enviragallery7661\" title=\"20160420_111856\" data-thumbnail=\"\"><img id=\"envira-gallery-image-7666\" class=\"envira-gallery-image envira-gallery-preload envira-gallery-image-5\" src=\"http:\/\/fundacjaoda.pl\/wp-content\/plugins\/envira-gallery-lite\/assets\/css\/images\/holder.gif\" data-envira-src=\"http:\/\/fundacjaoda.pl\/wp-content\/uploads\/2016\/04\/20160420_111856-120x120_c.jpg\" alt=\"20160420_111856\" title=\"20160420_111856\"  \/><\/a><\/div><div id=\"envira-gallery-item-7667\" class=\"envira-gallery-item isotope-item envira-gallery-item-6\" style=\"margin-bottom: 10px;\" ><a href=\"http:\/\/fundacjaoda.pl\/wp-content\/uploads\/2016\/04\/20160420_112953.jpg\" class=\"envira-gallery-7661 envira-gallery-link\" rel=\"enviragallery7661\" title=\"20160420_112953\" data-thumbnail=\"\"><img id=\"envira-gallery-image-7667\" class=\"envira-gallery-image envira-gallery-preload envira-gallery-image-6\" src=\"http:\/\/fundacjaoda.pl\/wp-content\/plugins\/envira-gallery-lite\/assets\/css\/images\/holder.gif\" data-envira-src=\"http:\/\/fundacjaoda.pl\/wp-content\/uploads\/2016\/04\/20160420_112953-120x120_c.jpg\" alt=\"20160420_112953\" title=\"20160420_112953\"  \/><\/a><\/div><div id=\"envira-gallery-item-7668\" class=\"envira-gallery-item isotope-item envira-gallery-item-7\" style=\"margin-bottom: 10px;\" ><a href=\"http:\/\/fundacjaoda.pl\/wp-content\/uploads\/2016\/04\/20160420_113007.jpg\" class=\"envira-gallery-7661 envira-gallery-link\" rel=\"enviragallery7661\" title=\"20160420_113007\" data-thumbnail=\"\"><img id=\"envira-gallery-image-7668\" class=\"envira-gallery-image envira-gallery-preload envira-gallery-image-7\" src=\"http:\/\/fundacjaoda.pl\/wp-content\/plugins\/envira-gallery-lite\/assets\/css\/images\/holder.gif\" data-envira-src=\"http:\/\/fundacjaoda.pl\/wp-content\/uploads\/2016\/04\/20160420_113007-120x120_c.jpg\" alt=\"20160420_113007\" title=\"20160420_113007\"  \/><\/a><\/div><\/div><\/div>\n<p><a href=\"http:\/\/fundacjaoda.pl\/?page_id=2206\" title=\"Popularyzacja nauki\">Powr\u00f3t<\/a><\/p>\n","protected":false},"excerpt":{"rendered":"<p>Powr\u00f3t<\/p>\n","protected":false},"author":1,"featured_media":0,"parent":0,"menu_order":0,"comment_status":"closed","ping_status":"closed","template":"","meta":[],"_links":{"self":[{"href":"http:\/\/fundacjaoda.pl\/index.php?rest_route=\/wp\/v2\/pages\/7669"}],"collection":[{"href":"http:\/\/fundacjaoda.pl\/index.php?rest_route=\/wp\/v2\/pages"}],"about":[{"href":"http:\/\/fundacjaoda.pl\/index.php?rest_route=\/wp\/v2\/types\/page"}],"author":[{"embeddable":true,"href":"http:\/\/fundacjaoda.pl\/index.php?rest_route=\/wp\/v2\/users\/1"}],"replies":[{"embeddable":true,"href":"http:\/\/fundacjaoda.pl\/index.php?rest_route=%2Fwp%2Fv2%2Fcomments&post=7669"}],"version-history":[{"count":2,"href":"http:\/\/fundacjaoda.pl\/index.php?rest_route=\/wp\/v2\/pages\/7669\/revisions"}],"predecessor-version":[{"id":7675,"href":"http:\/\/fundacjaoda.pl\/index.php?rest_route=\/wp\/v2\/pages\/7669\/revisions\/7675"}],"wp:attachment":[{"href":"http:\/\/fundacjaoda.pl\/index.php?rest_route=%2Fwp%2Fv2%2Fmedia&parent=7669"}],"curies":[{"name":"wp","href":"https:\/\/api.w.org\/{rel}","templated":true}]}}