{"id":7301,"date":"2016-04-25T11:02:45","date_gmt":"2016-04-25T09:02:45","guid":{"rendered":"http:\/\/fundacjaoda.pl\/?page_id=7301"},"modified":"2016-04-25T15:18:18","modified_gmt":"2016-04-25T13:18:18","slug":"dookola-swiata-cz-iv","status":"publish","type":"page","link":"http:\/\/fundacjaoda.pl\/?page_id=7301","title":{"rendered":"Dooko\u0142a \u015bwiata &#8211; cz. IV"},"content":{"rendered":"<p><a href=\"http:\/\/fundacjaoda.pl\/wp-content\/uploads\/2016\/04\/SpotkanieIV_Ameryka-Srodkowa.jpg\"><img loading=\"lazy\" src=\"http:\/\/fundacjaoda.pl\/wp-content\/uploads\/2016\/04\/SpotkanieIV_Ameryka-Srodkowa-1000x678.jpg\" alt=\"SpotkanieIV_Ameryka Srodkowa\" style=\"margin-right:5px\" width=\"35%\" height=\"35%\" class=\"alignnone size-medium wp-image-7376\" align=\"left\" srcset=\"http:\/\/fundacjaoda.pl\/wp-content\/uploads\/2016\/04\/SpotkanieIV_Ameryka-Srodkowa-1000x678.jpg 1000w, http:\/\/fundacjaoda.pl\/wp-content\/uploads\/2016\/04\/SpotkanieIV_Ameryka-Srodkowa-1024x694.jpg 1024w, http:\/\/fundacjaoda.pl\/wp-content\/uploads\/2016\/04\/SpotkanieIV_Ameryka-Srodkowa-150x101.jpg 150w, http:\/\/fundacjaoda.pl\/wp-content\/uploads\/2016\/04\/SpotkanieIV_Ameryka-Srodkowa.jpg 1162w\" sizes=\"(max-width: 1000px) 100vw, 1000px\" \/><\/a>Tym razem gospodarze wieczoru, Gra\u017cyna i Marek \u0141adomirscy, zabrali nas do Kolumbii i&nbsp;Wenezueli. Po przekroczeniu granicy brazylijsko-wenezuelskiej, po dziewi\u0119tnastogodzinnej podr\u00f3\u017cy autobusem z oszronionymi szybami w temperaturze 12 st. C. dotarli do Puerto La Cruz. Tylko po to, aby zmieni\u0107 autobus na inny, kt\u00f3rym dotarli do Santa Fe. Jest to miejscowo\u015b\u0107 po\u0142o\u017cona na terenie Parku Narodowego Mochima na p\u00f3\u0142nocno-wschodnim wybrze\u017cu Wenezueli.<br \/>\n&nbsp;<br \/>\n&nbsp;<br \/>\n&nbsp;<br \/>\n<a href=\"http:\/\/fundacjaoda.pl\/wp-content\/uploads\/2016\/04\/machim_2.jpg\"><img loading=\"lazy\" src=\"http:\/\/fundacjaoda.pl\/wp-content\/uploads\/2016\/04\/machim_2.jpg\" style=\"margin-left:5px\" alt=\"machim_2\" width=\"30%\" height=\"30%\" class=\"alignnone size-full wp-image-7305\" align=\"right\" srcset=\"http:\/\/fundacjaoda.pl\/wp-content\/uploads\/2016\/04\/machim_2.jpg 643w, http:\/\/fundacjaoda.pl\/wp-content\/uploads\/2016\/04\/machim_2-150x112.jpg 150w\" sizes=\"(max-width: 643px) 100vw, 643px\" \/><\/a><a href=\"http:\/\/fundacjaoda.pl\/wp-content\/uploads\/2016\/04\/Machjimo.jpg\"><img loading=\"lazy\" src=\"http:\/\/fundacjaoda.pl\/wp-content\/uploads\/2016\/04\/Machjimo.jpg\" style=\"margin-right:5px\" alt=\"Machjimo\" width=\"30%\" height=\"30%\" class=\"alignnone size-full wp-image-7306\" align=\"left\" srcset=\"http:\/\/fundacjaoda.pl\/wp-content\/uploads\/2016\/04\/Machjimo.jpg 644w, http:\/\/fundacjaoda.pl\/wp-content\/uploads\/2016\/04\/Machjimo-150x112.jpg 150w\" sizes=\"(max-width: 644px) 100vw, 644px\" \/><\/a>Park obejmuje 94,935 ha powierzchni wodnej zatoki Santa Fe i Mochima Bay. Wybrze\u017ce tego wodnego obszaru to strefa pla\u017c, zatok i zatoczek s\u0142yn\u0105cych z&nbsp;niezwyk\u0142ej urody. Z powodu r\u00f3\u017cnych mikroklimatycznych zjawisk niekt\u00f3re obszary parku to gigantyczne ska\u0142y wystaj\u0105ce z wody i niemal pozbawione ro\u015blinno\u015bci, podczas gdy inne obszary s\u0105 poro\u015bni\u0119te ro\u015blinno\u015bci\u0105 d\u017cungli, las\u00f3w namorzynowych, a jeszcze inne to ci\u0105gn\u0105ce si\u0119 kilometrami szerokie, piaszczyste pla\u017ce. Nic wi\u0119c dziwnego, \u017ce w tym raju postanowili sp\u0119dzi\u0107 troch\u0119 wi\u0119cej czasu nurkuj\u0105c, p\u0142ywaj\u0105c, obserwuj\u0105c wielobarwne bogactwo Morza Karaibskiego i odpoczywaj\u0105c w cieniu palm z przybran\u0105 c\u00f3rk\u0105 i jej rodzin\u0105. Kilkudniowy pobyt w tym raju urozmaicali sobie zwiedzaniem s\u0105siednim wysepek. <\/p>\n<p><strong>Og\u00f3lne wra\u017cenie z Wenezueli<\/strong> \u2013 bardzo przyja\u017ani Wenezuelczycy, zakochani w swoim kraju i jego przyw\u00f3dcy Chavezie, skansen dla starych, \u015bwietnie zachowanych samochod\u00f3w sprzed epoki katalizator\u00f3w, tanie paliwo i przepi\u0119kne wybrze\u017ca ciep\u0142ego Morza Karaibskiego.<\/p>\n<p><a href=\"http:\/\/fundacjaoda.pl\/wp-content\/uploads\/2016\/04\/zolwie.jpg\"><img loading=\"lazy\" src=\"http:\/\/fundacjaoda.pl\/wp-content\/uploads\/2016\/04\/zolwie.jpg\" style=\"margin-right:5px\" alt=\"zolwie\" width=\"30%\" height=\"30%\" class=\"alignnone size-full wp-image-7308\" align=\"left\" srcset=\"http:\/\/fundacjaoda.pl\/wp-content\/uploads\/2016\/04\/zolwie.jpg 644w, http:\/\/fundacjaoda.pl\/wp-content\/uploads\/2016\/04\/zolwie-150x112.jpg 150w\" sizes=\"(max-width: 644px) 100vw, 644px\" \/><\/a>Z Santa Fe, po ponad 15 kontrolach i zrzutkach na pa\u0144stwowych funkcjonariuszy kontroluj\u0105cych przejazdy po drogach Wenezueli, przenie\u015bli si\u0119 do Kolumbii. Tym razem skusi\u0142 ich Park Narodowy Tyrona, w kt\u00f3rym sp\u0119dzili 4 dni. Park obejmuje oko\u0142o 30 kilometr\u00f3w kwadratowych obszaru Morza Karaibskiego i oko\u0142o 150 kilometr\u00f3w kwadratowych ziemi ci\u0105gn\u0105cy si\u0119 na wsch\u00f3d od miasta Santa Marta.<br \/>\n<a href=\"http:\/\/fundacjaoda.pl\/wp-content\/uploads\/2016\/04\/kartagena.jpg\"><img loading=\"lazy\" src=\"http:\/\/fundacjaoda.pl\/wp-content\/uploads\/2016\/04\/kartagena.jpg\" style=\"margin-left:5px\" alt=\"kartagena\" width=\"30%\" height=\"30%\" class=\"alignnone size-full wp-image-7304\" align=\"right\" srcset=\"http:\/\/fundacjaoda.pl\/wp-content\/uploads\/2016\/04\/kartagena.jpg 644w, http:\/\/fundacjaoda.pl\/wp-content\/uploads\/2016\/04\/kartagena-150x112.jpg 150w\" sizes=\"(max-width: 644px) 100vw, 644px\" \/><\/a>St\u0105d ruszaj\u0105 dalej, do Kartageny, miasta wpisanego na list\u0119 \u015bwiatowego dziedzictwa UNESCO. Miasto jest g\u0142\u00f3wnym portem Kolumbii i stolic\u0105 departamentu Bolivar. Liczy oko\u0142o 1 milion mieszka\u0144c\u00f3w. Do Kartageny przyci\u0105ga jednak g\u0142\u00f3wnie jej pi\u0119kno &#8211; jest to jedno z najokazalszych miast kolonialnych na kontynencie po\u0142udniowoameryka\u0144skim. Pi\u0119kne, kolorowe uliczki, du\u017co zabytk\u00f3w, sporo ma\u0142ych knajpek i bardzo sympatyczni ludzie. Mi\u0119kki i delikatny charakter nadaj\u0105 miastu liczne dzie\u0142a sztuki rozstawione pod go\u0142ym niebem.<\/p>\n<p><a href=\"http:\/\/fundacjaoda.pl\/wp-content\/uploads\/2016\/04\/Bogota.jpg\"><img loading=\"lazy\" src=\"http:\/\/fundacjaoda.pl\/wp-content\/uploads\/2016\/04\/Bogota.jpg\" style=\"margin-right:5px\"  alt=\"Bogota\" width=\"20%\" height=\"20%\" class=\"alignnone size-full wp-image-7303\" align=\"left\" srcset=\"http:\/\/fundacjaoda.pl\/wp-content\/uploads\/2016\/04\/Bogota.jpg 365w, http:\/\/fundacjaoda.pl\/wp-content\/uploads\/2016\/04\/Bogota-113x150.jpg 113w\" sizes=\"(max-width: 365px) 100vw, 365px\" \/><\/a><a href=\"http:\/\/fundacjaoda.pl\/wp-content\/uploads\/2016\/04\/Armenia.jpg\"><img loading=\"lazy\" src=\"http:\/\/fundacjaoda.pl\/wp-content\/uploads\/2016\/04\/Armenia.jpg\" style=\"margin-left:5px\" alt=\"Armenia\" width=\"30%\" height=\"30%\" class=\"alignnone size-full wp-image-7302\" align=\"right\" srcset=\"http:\/\/fundacjaoda.pl\/wp-content\/uploads\/2016\/04\/Armenia.jpg 643w, http:\/\/fundacjaoda.pl\/wp-content\/uploads\/2016\/04\/Armenia-150x112.jpg 150w\" sizes=\"(max-width: 643px) 100vw, 643px\" \/><\/a>Kolejnym miastem na mapie Kolumbii jest jej stolica, Bogota, do kt\u00f3rej pa\u0144stwo \u0141adomirscy wpadli na chwil\u0119, aby zwiedzi\u0107 star\u00f3wk\u0119 i&nbsp;muzeum z\u0142ota. Z&nbsp;Bogoty pow\u0119drowali w g\u00f3ry, do Armenii, stolicy kolumbijskiego regionu kawy, aby pozna\u0107 smak prawdziwej, kolumbijskiej kawy i&nbsp;przyjrze\u0107 si\u0119 bli\u017cej jej plantacjom. Przy tej okazji uda\u0142o im si\u0119 r\u00f3wnie\u017c zwiedzi\u0107 nieczynn\u0105 ju\u017c kopalni\u0119 soli, kt\u00f3ra nie przy\u0107mi\u0142a naszej rodzimej Wieliczki. Na zako\u0144czenie pobytu w&nbsp;rejonie kawy zwiedzili gospodarstwo produkuj\u0105ce kaw\u0119, gdzie, stosownie przebrani, wzi\u0119li udzia\u0142 w zbieraniu kawy, jej przygotowaniu do palenia, mielenia, degustacji i\u2026 w lekcji ta\u0144c\u00f3w ludowych.<br \/>\n<a href=\"http:\/\/fundacjaoda.pl\/wp-content\/uploads\/2016\/04\/Medellin.jpg\"><img loading=\"lazy\" src=\"http:\/\/fundacjaoda.pl\/wp-content\/uploads\/2016\/04\/Medellin.jpg\" style=\"margin-right:5px\" alt=\"Medellin\" width=\"20%\" height=\"20%\" class=\"alignnone size-full wp-image-7307\" align=\"left\" srcset=\"http:\/\/fundacjaoda.pl\/wp-content\/uploads\/2016\/04\/Medellin.jpg 463w, http:\/\/fundacjaoda.pl\/wp-content\/uploads\/2016\/04\/Medellin-150x113.jpg 150w\" sizes=\"(max-width: 463px) 100vw, 463px\" \/><\/a>Sw\u00f3j pobyt w Kolumbii zako\u0144czyli zwiedzaniem miasta Medellin, miasta okrytego nies\u0142aw\u0105 przez kartele narkotykowe, porwania i wymuszenia. W Medellin sp\u0119dzili dwa dni spaceruj\u0105c po mie\u015bcie, zachwycaj\u0105c si\u0119 jego wieloma parkami i w kt\u00f3rym nie wyczuli najmniejszego zagro\u017cenia. Medellin by\u0142o te\u017c ostatnim miastem na kontynencie Ameryki Po\u0142udniowej, tu bowiem wsiedli w samolot i odlecieli do Panamy ko\u0144cz\u0105c tym samym swoj\u0105 11 miesi\u0119czn\u0105 przygod\u0119 z Ameryk\u0105 Po\u0142udniow\u0105.<\/p>\n<p><strong>Og\u00f3lne wra\u017cenie z Kolumbii<\/strong> \u2013 ca\u0142a Columbia jest wspania\u0142ym krajem serdecznych ludzi, pogodnych, u\u015bmiechni\u0119tych i ch\u0119tnie s\u0142u\u017c\u0105cych wszelk\u0105 pomoc\u0105. W por\u00f3wnaniu do Wenezueli Kolumbia stanowi przeskok cywilizacyjny \u2013 \u0142adne, nowoczesne miasta, pi\u0119knie zachowane zabytki, nowe, \u0142adne autobusiki i czyste ulice.<\/p>\n<p><a href=\"http:\/\/fundacjaoda.pl\/wp-content\/uploads\/2016\/04\/Panama.jpg\"><img loading=\"lazy\" src=\"http:\/\/fundacjaoda.pl\/wp-content\/uploads\/2016\/04\/Panama.jpg\" style=\"margin-right:5px\" alt=\"Panama\" width=\"25%\" height=\"25%\" class=\"alignnone size-full wp-image-7337\" align=\"left\" srcset=\"http:\/\/fundacjaoda.pl\/wp-content\/uploads\/2016\/04\/Panama.jpg 463w, http:\/\/fundacjaoda.pl\/wp-content\/uploads\/2016\/04\/Panama-150x113.jpg 150w\" sizes=\"(max-width: 463px) 100vw, 463px\" \/><\/a><a href=\"http:\/\/fundacjaoda.pl\/wp-content\/uploads\/2016\/04\/Panama_1.jpg\"><img loading=\"lazy\" src=\"http:\/\/fundacjaoda.pl\/wp-content\/uploads\/2016\/04\/Panama_1.jpg\" style=\"margin-left:5px\"  alt=\"Panama_1\" width=\"25%\" height=\"25%\" class=\"alignnone size-medium wp-image-7338\" align=\"right\" srcset=\"http:\/\/fundacjaoda.pl\/wp-content\/uploads\/2016\/04\/Panama_1.jpg 464w, http:\/\/fundacjaoda.pl\/wp-content\/uploads\/2016\/04\/Panama_1-150x112.jpg 150w\" sizes=\"(max-width: 464px) 100vw, 464px\" \/><\/a><strong>Panama<\/strong>, znana g\u0142\u00f3wnie z Kana\u0142u Panamskiego, dzi\u0119ki kt\u00f3remu statki, aby przep\u0142yn\u0105\u0107 z zachodu na wsch\u00f3d Ameryki, nie musz\u0105 op\u0142ywa\u0107 Ameryki Po\u0142udniowej i przechodzi\u0107 przez Cie\u015bnin\u0119 Magellana. Nam b\u0119dzie si\u0119 kojarzy\u0107 ze spotkaniem naszych podr\u00f3\u017cnik\u00f3w z przyjaci\u00f3\u0142mi, kt\u00f3rzy postanowili w\u0142a\u015bnie tam ich odwiedzi\u0107. Pi\u0119kne, puste pla\u017ce, nowoczesne miasto z pi\u0119kn\u0105 star\u00f3wk\u0105 sprawi\u0142y, \u017ce 3 tygodnie up\u0142yn\u0119\u0142y im na mi\u0142ym wypoczynku w doborowym towarzystwie.<\/p>\n<p><a href=\"http:\/\/fundacjaoda.pl\/wp-content\/uploads\/2016\/04\/Kostaryka.jpg\"><img loading=\"lazy\" src=\"http:\/\/fundacjaoda.pl\/wp-content\/uploads\/2016\/04\/Kostaryka.jpg\" style=\"margin-left:5px\"  alt=\"Kostaryka\" width=\"25%\" height=\"25%\" class=\"alignnone size-full wp-image-7343\" align=\"right\" srcset=\"http:\/\/fundacjaoda.pl\/wp-content\/uploads\/2016\/04\/Kostaryka.jpg 463w, http:\/\/fundacjaoda.pl\/wp-content\/uploads\/2016\/04\/Kostaryka-150x113.jpg 150w\" sizes=\"(max-width: 463px) 100vw, 463px\" \/><\/a><strong>Kostaryka<\/strong> to kolejny kraj, w kt\u00f3rym dzi\u0119ki ameryka\u0144skim turystom rynek us\u0142ug postawiony zosta\u0142 na g\u0142owie. Wzd\u0142u\u017c drogi ci\u0105gn\u0105 si\u0119 kilometry plantacji palm olejowych. Spo\u015br\u00f3d dost\u0119pnych atrakcji turystycznych Gra\u017cyna i Marek wybrali stolic\u0119 San Jose oraz dwa parki. Pierwszy park to wulkan, na kt\u00f3ry mo\u017cna wej\u015b\u0107 i zobaczy\u0107 wierzcho\u0142ek s\u0105siedniego. Ca\u0142a trasa, niestety, jest pokonywana w stylu b\u0142otno-bagiennym, jednak z pi\u0119knymi widokami i ro\u015blinno\u015bci\u0105, kt\u00f3re rekompensuj\u0105 uci\u0105\u017cliwo\u015b\u0107 przemieszczania si\u0119 w tym trudnym terenie. Kolejny park oferuje super atrakcj\u0119 &#8211; zwiedza si\u0119 go chodz\u0105c po podwieszanych mostach w\u015br\u00f3d koron drzew. Jeszcze wi\u0119ksza atrakcj\u0105 s\u0105 tzw. tyrolki (ziplining), niekt\u00f3re o d\u0142ugo\u015b\u0107 przekraczaj\u0105cej 1 km. <\/p>\n<p><a href=\"http:\/\/fundacjaoda.pl\/wp-content\/uploads\/2016\/04\/NIkaragua.jpg\"><img loading=\"lazy\" src=\"http:\/\/fundacjaoda.pl\/wp-content\/uploads\/2016\/04\/NIkaragua.jpg\" style=\"margin-right:5px\" alt=\"NIkaragua\" width=\"25%\" height=\"25%\" class=\"alignnone size-full wp-image-7345\" align=\"left\" srcset=\"http:\/\/fundacjaoda.pl\/wp-content\/uploads\/2016\/04\/NIkaragua.jpg 463w, http:\/\/fundacjaoda.pl\/wp-content\/uploads\/2016\/04\/NIkaragua-150x113.jpg 150w\" sizes=\"(max-width: 463px) 100vw, 463px\" \/><\/a><a href=\"http:\/\/fundacjaoda.pl\/wp-content\/uploads\/2016\/04\/nikaragua_2.jpg\"><img loading=\"lazy\" src=\"http:\/\/fundacjaoda.pl\/wp-content\/uploads\/2016\/04\/nikaragua_2.jpg\" style=\"margin-left:5px\"  alt=\"nikaragua_2\" width=\"25%\" height=\"25%\" class=\"alignnone size-full wp-image-7353\" align=\"right\" srcset=\"http:\/\/fundacjaoda.pl\/wp-content\/uploads\/2016\/04\/nikaragua_2.jpg 463w, http:\/\/fundacjaoda.pl\/wp-content\/uploads\/2016\/04\/nikaragua_2-150x113.jpg 150w\" sizes=\"(max-width: 463px) 100vw, 463px\" \/><\/a><strong>Nikaragua<\/strong>, ziemia wulkan\u00f3w. Wschodnie wybrze\u017ce tego kraju, to od strony Morza Karaibskiego, nosi nazw\u0119 Wybrze\u017ca Moskit\u00f3w. W&nbsp;Nikaragui jest sporo miejsc, gdzie mo\u017cna odwiedzi\u0107 czynne wulkany. Ludzie s\u0105 przyja\u017ani, a&nbsp;ceny przyst\u0119pne. Tu nasi podr\u00f3\u017cnicy wr\u00f3cili do pocz\u0105tk\u00f3w swojej podr\u00f3\u017cy i zwiedzali Nikaragu\u0119 na rowerach.<br \/>\n&nbsp;<br \/>\n&nbsp;<br \/>\n<a href=\"http:\/\/fundacjaoda.pl\/wp-content\/uploads\/2016\/04\/Honduras_1.jpg\"><img loading=\"lazy\" src=\"http:\/\/fundacjaoda.pl\/wp-content\/uploads\/2016\/04\/Honduras_1.jpg\" style=\"margin-right:5px\" alt=\"Honduras_1\" width=\"25%\" height=\"25%\" class=\"alignnone size-full wp-image-7347\" align=\"left\" srcset=\"http:\/\/fundacjaoda.pl\/wp-content\/uploads\/2016\/04\/Honduras_1.jpg 463w, http:\/\/fundacjaoda.pl\/wp-content\/uploads\/2016\/04\/Honduras_1-150x113.jpg 150w\" sizes=\"(max-width: 463px) 100vw, 463px\" \/><\/a><a href=\"http:\/\/fundacjaoda.pl\/wp-content\/uploads\/2016\/04\/Honduras_2.jpg\"><img loading=\"lazy\" src=\"http:\/\/fundacjaoda.pl\/wp-content\/uploads\/2016\/04\/Honduras_2.jpg\" style=\"margin-left:5px\" alt=\"Honduras_2\" width=\"25%\" height=\"25%\" class=\"alignnone size-medium wp-image-7348\" align=\"right\" srcset=\"http:\/\/fundacjaoda.pl\/wp-content\/uploads\/2016\/04\/Honduras_2.jpg 463w, http:\/\/fundacjaoda.pl\/wp-content\/uploads\/2016\/04\/Honduras_2-150x113.jpg 150w\" sizes=\"(max-width: 463px) 100vw, 463px\" \/><\/a>Poniewa\u017c <strong>Honduras<\/strong> nale\u017cy do \u015bcis\u0142ej czo\u0142\u00f3wki \u015bwiatowej pod wzgl\u0119dem liczby pope\u0142nianych zab\u00f3jstw, pa\u0144stwo \u0141adomirscy postanowili sp\u0119dzi\u0107 w nim tylko 3 dni i odwiedzili tylko jedno miejsce &#8211; Copan. Jest to jedno z wielu miast Maj\u00f3w, z bardzo dobrze zachowanym i utrzymany kompleksem budowli. Dodatkow\u0105 atrakcj\u0119 s\u0105 liczne papugi, kt\u00f3re zlatuj\u0105 si\u0119 do karmnik\u00f3w umieszczonych specjalnie dla nich przy wej\u015bciu na teren miasta i nape\u0142nianych codzienne rano \u015bwie\u017cymi owocami. Og\u00f3lne wra\u017cenia z Hondurasu \u2013 bardzo mi\u0142e. <\/p>\n<p><a href=\"http:\/\/fundacjaoda.pl\/wp-content\/uploads\/2016\/04\/Belize.jpg\"><img loading=\"lazy\" src=\"http:\/\/fundacjaoda.pl\/wp-content\/uploads\/2016\/04\/Belize.jpg\" style=\"margin-right:5px\" alt=\"Belize\" width=\"25%\" height=\"25%\" class=\"alignnone size-full wp-image-7351\" align=\"left\" srcset=\"http:\/\/fundacjaoda.pl\/wp-content\/uploads\/2016\/04\/Belize.jpg 463w, http:\/\/fundacjaoda.pl\/wp-content\/uploads\/2016\/04\/Belize-150x113.jpg 150w\" sizes=\"(max-width: 463px) 100vw, 463px\" \/><\/a><strong>Belize<\/strong>, wyj\u0105tkowo w tym rejonie kraj angloj\u0119zyczny, zamieszka\u0142y przez ludno\u015b\u0107 czarnosk\u00f3r\u0105 z walut\u0105, na kt\u00f3rej jest kr\u00f3lowa angielska. Niestety, wi\u0119kszo\u015b\u0107 miejsc nie jest przystosowana do indywidualnej turystyki i&nbsp;wymaga skorzystania z agencji turystycznej. Kraj ma sw\u00f3j niebanalny koloryt i nikogo nie dziwi tutaj policjant z pot\u0119\u017cn\u0105 ilo\u015bci\u0105 dred\u00f3w na g\u0142owie. S\u0105 te\u017c wioski Menonit\u00f3w \u017cyj\u0105cych zgodnie ze swoj\u0105 tradycj\u0105. Belize jako kraj nie oferuje nic szczeg\u00f3lnego do zobaczenia, po za wybrze\u017cem Karaibskim, paroma ruinami Maj\u00f3w, tzw. wioskami india\u0144skimi oraz parkiem, w kt\u00f3rym jedyn\u0105 atrakcj\u0105 jest mo\u017cliwo\u015b\u0107 pop\u0142ywania pod wodospadem.<\/p>\n<p><a href=\"http:\/\/fundacjaoda.pl\/wp-content\/uploads\/2016\/04\/Gwatemala.jpg\"><img loading=\"lazy\" src=\"http:\/\/fundacjaoda.pl\/wp-content\/uploads\/2016\/04\/Gwatemala.jpg\" style=\"margin-left:5px\" alt=\"Gwatemala\" width=\"25%\" height=\"25%\" class=\"alignnone size-full wp-image-7360\" align=\"right\" srcset=\"http:\/\/fundacjaoda.pl\/wp-content\/uploads\/2016\/04\/Gwatemala.jpg 463w, http:\/\/fundacjaoda.pl\/wp-content\/uploads\/2016\/04\/Gwatemala-150x113.jpg 150w\" sizes=\"(max-width: 463px) 100vw, 463px\" \/><\/a>Z Belize, po paru przesiadkach, dotarli do Flores, miasta w p\u00f3\u0142nocnej <strong>Gwatemali<\/strong>, nad jeziorem Pet\u00e9n Itz\u00e1. Najstarsza cz\u0119\u015b\u0107 miasta po\u0142o\u017cona jest na wyspie na jeziorze Pet\u00e9n Itz\u00e1, po\u0142\u0105czonej obecnie z l\u0105dem kr\u00f3tk\u0105 grobl\u0105. W czasach prekolumbijskich by\u0142o to g\u0142\u00f3wne miasto Maj\u00f3w z grupy Itza, znane w\u00f3wczas pod nazw\u0105 Tayasal. Nazywano je r\u00f3wnie\u017c Noh Pet\u00e9n, czyli &#8222;miasto-wyspa&#8221; lubTah Itz\u00e1, czyli &#8222;miejsce ludu Itz\u00e1&#8221;. Miasto na wyspie by\u0142o ostatni\u0105 ostoj\u0105 cywilizacji Maj\u00f3w, podbit\u0105 przez Hiszpan\u00f3w dopiero w 1697. Obecnie jest to du\u017cy kompleks budowli z paroma wysokimi piramidami otoczony g\u0119st\u0105 zieleni\u0105, po kt\u00f3rym spacer trwa\u0142 \u0142adnych par\u0119 godzin.<\/p>\n<p><a href=\"http:\/\/fundacjaoda.pl\/wp-content\/uploads\/2016\/04\/Meksyk_2.jpg\"><img loading=\"lazy\" src=\"http:\/\/fundacjaoda.pl\/wp-content\/uploads\/2016\/04\/Meksyk_2.jpg\" style=\"margin-right:5px\" alt=\"Meksyk_2\" width=\"25%\" height=\"25%\" class=\"alignnone size-full wp-image-7359\" align=\"left\" srcset=\"http:\/\/fundacjaoda.pl\/wp-content\/uploads\/2016\/04\/Meksyk_2.jpg 464w, http:\/\/fundacjaoda.pl\/wp-content\/uploads\/2016\/04\/Meksyk_2-150x112.jpg 150w\" sizes=\"(max-width: 464px) 100vw, 464px\" \/><\/a>Autostrad\u0105 Panameryka\u0144sk\u0105 pa\u0144stwo \u0141adomirscy dotarli do San Crist\u00f3bal de las Casas w <strong>Meksyku<\/strong>. Miasto po\u0142o\u017cone jest w g\u00f3rach, na wysoko\u015bci 2100 m n.p.m. w centralnej cz\u0119\u015bci stanu Chiapas. Jest stolic\u0105 kulturaln\u0105 stanu i jednym z najpi\u0119kniejszych miast Meksyku. Okolice miasta zamieszkane s\u0105 g\u0142\u00f3wnie przez miejscowych Indian, pierwotnych mieszka\u0144c\u00f3w tych ziem, kt\u00f3rzy mieszkaj\u0105 w ma\u0142ych wioskach po\u0142o\u017conych wysoko w g\u00f3rach, pos\u0142uguj\u0105c si\u0119 swoimi j\u0119zykami nale\u017c\u0105cymi do rodziny j\u0119zyk\u00f3w maja\u0144skich. Wiele przewodnik\u00f3w poleca zwiedzanie tych wiosek, a w jednej z nich Gra\u017cyna z Markiem zwiedzili ko\u015bci\u00f3\u0142ek, w&nbsp;kt\u00f3rym oficjalnie panuje obrz\u0105dek rzymsko-katolicki, ale w rzeczywisto\u015bci troszeczk\u0119 si\u0119 od niego r\u00f3\u017cni.<br \/>\n<a href=\"http:\/\/fundacjaoda.pl\/wp-content\/uploads\/2016\/04\/Meksyk_1.jpg\"><img loading=\"lazy\" src=\"http:\/\/fundacjaoda.pl\/wp-content\/uploads\/2016\/04\/Meksyk_1.jpg\" alt=\"Meksyk_1\" style=\"margin-left:5px\" width=\"25%\" height=\"25%\" class=\"alignnone size-full wp-image-7362\" align=\"right\" srcset=\"http:\/\/fundacjaoda.pl\/wp-content\/uploads\/2016\/04\/Meksyk_1.jpg 463w, http:\/\/fundacjaoda.pl\/wp-content\/uploads\/2016\/04\/Meksyk_1-150x113.jpg 150w\" sizes=\"(max-width: 463px) 100vw, 463px\" \/><\/a>Z San Cristobal Gra\u017cyna z Markiem udali si\u0119 w g\u0142\u0105b P\u00f3\u0142wyspu Jukatan, do Meridy i Uxmal. Merida to urocze, spokojne miasteczko. Jego atrakcj\u0105 s\u0105 pielgrzymki z okazji \u015bwi\u0119ta Matki z Gwadelupy, kt\u00f3re dodaj\u0105 miastu niebywa\u0142ego kolorytu. W okolicach Meridy znajduje si\u0119 du\u017cy kompleks budowli pami\u0119taj\u0105cych \u015bwietno\u015b\u0107 kultury Maj\u00f3w, Chich\u00e9n Itz\u00e1.<br \/>\n<a href=\"http:\/\/fundacjaoda.pl\/wp-content\/uploads\/2016\/04\/Majowie.jpg\"><img loading=\"lazy\" src=\"http:\/\/fundacjaoda.pl\/wp-content\/uploads\/2016\/04\/Majowie.jpg\" style=\"margin-right:5px\" alt=\"Majowie\" width=\"15%\" height=\"15%\" class=\"alignnone size-full wp-image-7364\" align=\"left\" srcset=\"http:\/\/fundacjaoda.pl\/wp-content\/uploads\/2016\/04\/Majowie.jpg 263w, http:\/\/fundacjaoda.pl\/wp-content\/uploads\/2016\/04\/Majowie-113x150.jpg 113w\" sizes=\"(max-width: 263px) 100vw, 263px\" \/><\/a>Uxmal to miasto-ruiny, kolejna pami\u0105tka po Majach. Nale\u017ca\u0142o, obok Chich\u00e9n Itz\u00e1 i&nbsp;Mayap\u00e1n, do g\u0142\u00f3wnych miast-pa\u0144stw cywilizacji Maj\u00f3w w okresie Nowego Pa\u0144stwa. Zosta\u0142o opuszczone w XV w. W\u015br\u00f3d ruin zachowa\u0142y si\u0119 liczne zabytki, takie jak piramida schodkowa ze \u015awi\u0105tyni\u0105 Czarownika (\u015awi\u0105tynia Wr\u00f3\u017cbity), Domem (Czworok\u0105t) Mniszek, Pa\u0142ac Gubernatora. Dom \u017b\u00f3\u0142wi oraz boisko do gry w&nbsp;pelot\u0119. W trakcie zwiedzania ruin Gra\u017cyna z Markiem trafili nieopodal na inscenizacj\u0119 ta\u0144ca rekonstruowan\u0105 przez mi\u0142o\u015bnik\u00f3w kultury Maj\u00f3w, kt\u00f3rzy staraj\u0105 si\u0119 odtworzy\u0107 koloryt i bogactwo zniszczonej przez naje\u017ad\u017ac\u00f3w kultury.<\/p>\n<p>Na spotkaniu nie zabrak\u0142o pami\u0105tek z podr\u00f3\u017cy &#8211; kapeluszy i lalek wykonanych z naturalnych surowc\u00f3w takich jak trawa i drewno. Wiecz\u00f3r, zako\u0144czony pocz\u0119stunkiem, przeci\u0105gn\u0105\u0142 si\u0119 do p\u00f3\u017anych godzin i by\u0142 okazj\u0105 do zadania jeszcze wielu pyta\u0144 Gra\u017cynie i Markowi na temat tego etapu podr\u00f3\u017cy, na kt\u00f3re oni cierpliwie odpowiadali. To spotkanie, czwarte z rz\u0119du, by\u0142o te\u017c ostatnim spotkaniem z Ameryk\u0105 Po\u0142udniow\u0105 i&nbsp;\u0141aci\u0144sk\u0105. Podr\u00f3\u017cowali\u015bmy po nich razem z Gra\u017cyn\u0105 i Markiem od pa\u017adziernika 2013 r. do grudnia 2014 r. Przejechali\u015bmy z nimi przez 14 pa\u0144stw &#8211; Argentyn\u0119, Chile, Boliwi\u0119, Peru, Brazyli\u0119, Kolumbi\u0119, Wenezuel\u0119, Panam\u0119, Kostaryk\u0119, Nikaragu\u0119, Honduras, Belize, Gwatemal\u0119 i Meksyk, z tego przez 4 na rowerze.<\/p>\n<p><strong><a href=\"http:\/\/fundacjaoda.pl\/?page_id=70\" title=\"Podr\u00f3\u017ce Wo\u0142ominiak\u00f3w\">Powr\u00f3t<\/a><\/strong><\/p>\n","protected":false},"excerpt":{"rendered":"<p>Tym razem gospodarze wieczoru, Gra\u017cyna i Marek \u0141adomirscy, zabrali nas do Kolumbii i&nbsp;Wenezueli. Po przekroczeniu granicy brazylijsko-wenezuelskiej, po dziewi\u0119tnastogodzinnej podr\u00f3\u017cy autobusem z oszronionymi szybami w temperaturze 12 st. C. dotarli do Puerto La Cruz. Tylko po to, aby zmieni\u0107 autobus na inny, kt\u00f3rym dotarli do Santa Fe. Jest to miejscowo\u015b\u0107 \u2026 <a href=\"http:\/\/fundacjaoda.pl\/?page_id=7301\"> Continue reading <span class=\"meta-nav\">&rarr; <\/span><\/a><\/p>\n","protected":false},"author":1,"featured_media":0,"parent":0,"menu_order":0,"comment_status":"closed","ping_status":"closed","template":"","meta":[],"_links":{"self":[{"href":"http:\/\/fundacjaoda.pl\/index.php?rest_route=\/wp\/v2\/pages\/7301"}],"collection":[{"href":"http:\/\/fundacjaoda.pl\/index.php?rest_route=\/wp\/v2\/pages"}],"about":[{"href":"http:\/\/fundacjaoda.pl\/index.php?rest_route=\/wp\/v2\/types\/page"}],"author":[{"embeddable":true,"href":"http:\/\/fundacjaoda.pl\/index.php?rest_route=\/wp\/v2\/users\/1"}],"replies":[{"embeddable":true,"href":"http:\/\/fundacjaoda.pl\/index.php?rest_route=%2Fwp%2Fv2%2Fcomments&post=7301"}],"version-history":[{"count":59,"href":"http:\/\/fundacjaoda.pl\/index.php?rest_route=\/wp\/v2\/pages\/7301\/revisions"}],"predecessor-version":[{"id":7385,"href":"http:\/\/fundacjaoda.pl\/index.php?rest_route=\/wp\/v2\/pages\/7301\/revisions\/7385"}],"wp:attachment":[{"href":"http:\/\/fundacjaoda.pl\/index.php?rest_route=%2Fwp%2Fv2%2Fmedia&parent=7301"}],"curies":[{"name":"wp","href":"https:\/\/api.w.org\/{rel}","templated":true}]}}