{"id":6131,"date":"2015-11-18T09:42:57","date_gmt":"2015-11-18T08:42:57","guid":{"rendered":"http:\/\/fundacjaoda.pl\/?page_id=6131"},"modified":"2015-11-18T13:44:37","modified_gmt":"2015-11-18T12:44:37","slug":"galeria-wieczor-niepodleglosciowy-11-11-2015","status":"publish","type":"page","link":"http:\/\/fundacjaoda.pl\/?page_id=6131","title":{"rendered":"Galeria &#8211; Wiecz\u00f3r Niepodleg\u0142o\u015bciowy, 11.11. 2015"},"content":{"rendered":"<div id=\"envira-gallery-wrap-6109\" class=\"envira-gallery-wrap envira-gallery-theme-base envira-lightbox-theme-base\"><div id=\"envira-gallery-6109\" class=\"envira-gallery-public envira-gallery-5-columns envira-clear isotope\" data-envira-columns=\"5\"><div id=\"envira-gallery-item-6111\" class=\"envira-gallery-item isotope-item envira-gallery-item-1\" style=\"margin-bottom: 10px;\" ><a href=\"http:\/\/fundacjaoda.pl\/wp-content\/uploads\/2015\/11\/b.jpg\" class=\"envira-gallery-6109 envira-gallery-link\" rel=\"enviragallery6109\" title=\"b\" data-thumbnail=\"\"><img id=\"envira-gallery-image-6111\" class=\"envira-gallery-image envira-gallery-preload envira-gallery-image-1\" src=\"http:\/\/fundacjaoda.pl\/wp-content\/plugins\/envira-gallery-lite\/assets\/css\/images\/holder.gif\" data-envira-src=\"http:\/\/fundacjaoda.pl\/wp-content\/uploads\/2015\/11\/b-120x117_c.jpg\" alt=\"b\" title=\"b\"  \/><\/a><\/div><div id=\"envira-gallery-item-6112\" class=\"envira-gallery-item isotope-item envira-gallery-item-2\" style=\"margin-bottom: 10px;\" ><a href=\"http:\/\/fundacjaoda.pl\/wp-content\/uploads\/2015\/11\/c.jpg\" class=\"envira-gallery-6109 envira-gallery-link\" rel=\"enviragallery6109\" title=\"c\" data-thumbnail=\"\"><img id=\"envira-gallery-image-6112\" class=\"envira-gallery-image envira-gallery-preload envira-gallery-image-2\" src=\"http:\/\/fundacjaoda.pl\/wp-content\/plugins\/envira-gallery-lite\/assets\/css\/images\/holder.gif\" data-envira-src=\"http:\/\/fundacjaoda.pl\/wp-content\/uploads\/2015\/11\/c-120x117_c.jpg\" alt=\"c\" title=\"c\"  \/><\/a><\/div><div id=\"envira-gallery-item-6113\" class=\"envira-gallery-item isotope-item envira-gallery-item-3\" style=\"margin-bottom: 10px;\" ><a href=\"http:\/\/fundacjaoda.pl\/wp-content\/uploads\/2015\/11\/d.jpg\" class=\"envira-gallery-6109 envira-gallery-link\" rel=\"enviragallery6109\" title=\"d\" data-thumbnail=\"\"><img id=\"envira-gallery-image-6113\" class=\"envira-gallery-image envira-gallery-preload envira-gallery-image-3\" src=\"http:\/\/fundacjaoda.pl\/wp-content\/plugins\/envira-gallery-lite\/assets\/css\/images\/holder.gif\" data-envira-src=\"http:\/\/fundacjaoda.pl\/wp-content\/uploads\/2015\/11\/d-120x117_c.jpg\" alt=\"d\" title=\"d\"  \/><\/a><\/div><div id=\"envira-gallery-item-6114\" class=\"envira-gallery-item isotope-item envira-gallery-item-4\" style=\"margin-bottom: 10px;\" ><a href=\"http:\/\/fundacjaoda.pl\/wp-content\/uploads\/2015\/11\/e.jpg\" class=\"envira-gallery-6109 envira-gallery-link\" rel=\"enviragallery6109\" title=\"e\" data-thumbnail=\"\"><img id=\"envira-gallery-image-6114\" class=\"envira-gallery-image envira-gallery-preload envira-gallery-image-4\" src=\"http:\/\/fundacjaoda.pl\/wp-content\/plugins\/envira-gallery-lite\/assets\/css\/images\/holder.gif\" data-envira-src=\"http:\/\/fundacjaoda.pl\/wp-content\/uploads\/2015\/11\/e-120x117_c.jpg\" alt=\"e\" title=\"e\"  \/><\/a><\/div><div id=\"envira-gallery-item-6115\" class=\"envira-gallery-item isotope-item envira-gallery-item-5\" style=\"margin-bottom: 10px;\" ><a href=\"http:\/\/fundacjaoda.pl\/wp-content\/uploads\/2015\/11\/f.jpg\" class=\"envira-gallery-6109 envira-gallery-link\" rel=\"enviragallery6109\" title=\"f\" data-thumbnail=\"\"><img id=\"envira-gallery-image-6115\" class=\"envira-gallery-image envira-gallery-preload envira-gallery-image-5\" src=\"http:\/\/fundacjaoda.pl\/wp-content\/plugins\/envira-gallery-lite\/assets\/css\/images\/holder.gif\" data-envira-src=\"http:\/\/fundacjaoda.pl\/wp-content\/uploads\/2015\/11\/f-120x117_c.jpg\" alt=\"f\" title=\"f\"  \/><\/a><\/div><div id=\"envira-gallery-item-6110\" class=\"envira-gallery-item isotope-item envira-gallery-item-6\" style=\"margin-bottom: 10px;\" ><a href=\"http:\/\/fundacjaoda.pl\/wp-content\/uploads\/2015\/11\/a.jpg\" class=\"envira-gallery-6109 envira-gallery-link\" rel=\"enviragallery6109\" title=\"a\" data-thumbnail=\"\"><img id=\"envira-gallery-image-6110\" class=\"envira-gallery-image envira-gallery-preload envira-gallery-image-6\" src=\"http:\/\/fundacjaoda.pl\/wp-content\/plugins\/envira-gallery-lite\/assets\/css\/images\/holder.gif\" data-envira-src=\"http:\/\/fundacjaoda.pl\/wp-content\/uploads\/2015\/11\/a-120x117_c.jpg\" alt=\"a\" title=\"a\"  \/><\/a><\/div><div id=\"envira-gallery-item-6116\" class=\"envira-gallery-item isotope-item envira-gallery-item-7\" style=\"margin-bottom: 10px;\" ><a href=\"http:\/\/fundacjaoda.pl\/wp-content\/uploads\/2015\/11\/g.jpg\" class=\"envira-gallery-6109 envira-gallery-link\" rel=\"enviragallery6109\" title=\"g\" data-thumbnail=\"\"><img id=\"envira-gallery-image-6116\" class=\"envira-gallery-image envira-gallery-preload envira-gallery-image-7\" src=\"http:\/\/fundacjaoda.pl\/wp-content\/plugins\/envira-gallery-lite\/assets\/css\/images\/holder.gif\" data-envira-src=\"http:\/\/fundacjaoda.pl\/wp-content\/uploads\/2015\/11\/g-120x117_c.jpg\" alt=\"g\" title=\"g\"  \/><\/a><\/div><div id=\"envira-gallery-item-6117\" class=\"envira-gallery-item isotope-item envira-gallery-item-8\" style=\"margin-bottom: 10px;\" ><a href=\"http:\/\/fundacjaoda.pl\/wp-content\/uploads\/2015\/11\/i.jpg\" class=\"envira-gallery-6109 envira-gallery-link\" rel=\"enviragallery6109\" title=\"i\" data-thumbnail=\"\"><img id=\"envira-gallery-image-6117\" class=\"envira-gallery-image envira-gallery-preload envira-gallery-image-8\" src=\"http:\/\/fundacjaoda.pl\/wp-content\/plugins\/envira-gallery-lite\/assets\/css\/images\/holder.gif\" data-envira-src=\"http:\/\/fundacjaoda.pl\/wp-content\/uploads\/2015\/11\/i-120x117_c.jpg\" alt=\"i\" title=\"i\"  \/><\/a><\/div><div id=\"envira-gallery-item-6118\" class=\"envira-gallery-item isotope-item envira-gallery-item-9\" style=\"margin-bottom: 10px;\" ><a href=\"http:\/\/fundacjaoda.pl\/wp-content\/uploads\/2015\/11\/j.jpg\" class=\"envira-gallery-6109 envira-gallery-link\" rel=\"enviragallery6109\" title=\"j\" data-thumbnail=\"\"><img id=\"envira-gallery-image-6118\" class=\"envira-gallery-image envira-gallery-preload envira-gallery-image-9\" src=\"http:\/\/fundacjaoda.pl\/wp-content\/plugins\/envira-gallery-lite\/assets\/css\/images\/holder.gif\" data-envira-src=\"http:\/\/fundacjaoda.pl\/wp-content\/uploads\/2015\/11\/j-120x117_c.jpg\" alt=\"j\" title=\"j\"  \/><\/a><\/div><div id=\"envira-gallery-item-6120\" class=\"envira-gallery-item isotope-item envira-gallery-item-10\" style=\"margin-bottom: 10px;\" ><a href=\"http:\/\/fundacjaoda.pl\/wp-content\/uploads\/2015\/11\/l.jpg\" class=\"envira-gallery-6109 envira-gallery-link\" rel=\"enviragallery6109\" title=\"l\" data-thumbnail=\"\"><img id=\"envira-gallery-image-6120\" class=\"envira-gallery-image envira-gallery-preload envira-gallery-image-10\" src=\"http:\/\/fundacjaoda.pl\/wp-content\/plugins\/envira-gallery-lite\/assets\/css\/images\/holder.gif\" data-envira-src=\"http:\/\/fundacjaoda.pl\/wp-content\/uploads\/2015\/11\/l-120x117_c.jpg\" alt=\"l\" title=\"l\"  \/><\/a><\/div><div id=\"envira-gallery-item-6119\" class=\"envira-gallery-item isotope-item envira-gallery-item-11\" style=\"margin-bottom: 10px;\" ><a href=\"http:\/\/fundacjaoda.pl\/wp-content\/uploads\/2015\/11\/k.jpg\" class=\"envira-gallery-6109 envira-gallery-link\" rel=\"enviragallery6109\" title=\"k\" data-thumbnail=\"\"><img id=\"envira-gallery-image-6119\" class=\"envira-gallery-image envira-gallery-preload envira-gallery-image-11\" src=\"http:\/\/fundacjaoda.pl\/wp-content\/plugins\/envira-gallery-lite\/assets\/css\/images\/holder.gif\" data-envira-src=\"http:\/\/fundacjaoda.pl\/wp-content\/uploads\/2015\/11\/k-120x117_c.jpg\" alt=\"k\" title=\"k\"  \/><\/a><\/div><div id=\"envira-gallery-item-6121\" class=\"envira-gallery-item isotope-item envira-gallery-item-12\" style=\"margin-bottom: 10px;\" ><a href=\"http:\/\/fundacjaoda.pl\/wp-content\/uploads\/2015\/11\/m.jpg\" class=\"envira-gallery-6109 envira-gallery-link\" rel=\"enviragallery6109\" title=\"m\" data-thumbnail=\"\"><img id=\"envira-gallery-image-6121\" class=\"envira-gallery-image envira-gallery-preload envira-gallery-image-12\" src=\"http:\/\/fundacjaoda.pl\/wp-content\/plugins\/envira-gallery-lite\/assets\/css\/images\/holder.gif\" data-envira-src=\"http:\/\/fundacjaoda.pl\/wp-content\/uploads\/2015\/11\/m-120x117_c.jpg\" alt=\"m\" title=\"m\"  \/><\/a><\/div><div id=\"envira-gallery-item-6129\" class=\"envira-gallery-item isotope-item envira-gallery-item-13\" style=\"margin-bottom: 10px;\" ><a href=\"http:\/\/fundacjaoda.pl\/wp-content\/uploads\/2015\/11\/w.jpg\" class=\"envira-gallery-6109 envira-gallery-link\" rel=\"enviragallery6109\" title=\"w\" data-thumbnail=\"\"><img id=\"envira-gallery-image-6129\" class=\"envira-gallery-image envira-gallery-preload envira-gallery-image-13\" src=\"http:\/\/fundacjaoda.pl\/wp-content\/plugins\/envira-gallery-lite\/assets\/css\/images\/holder.gif\" data-envira-src=\"http:\/\/fundacjaoda.pl\/wp-content\/uploads\/2015\/11\/w-120x117_c.jpg\" alt=\"w\" title=\"w\"  \/><\/a><\/div><div id=\"envira-gallery-item-6122\" class=\"envira-gallery-item isotope-item envira-gallery-item-14\" style=\"margin-bottom: 10px;\" ><a href=\"http:\/\/fundacjaoda.pl\/wp-content\/uploads\/2015\/11\/n.jpg\" class=\"envira-gallery-6109 envira-gallery-link\" rel=\"enviragallery6109\" title=\"n\" data-thumbnail=\"\"><img id=\"envira-gallery-image-6122\" class=\"envira-gallery-image envira-gallery-preload envira-gallery-image-14\" src=\"http:\/\/fundacjaoda.pl\/wp-content\/plugins\/envira-gallery-lite\/assets\/css\/images\/holder.gif\" data-envira-src=\"http:\/\/fundacjaoda.pl\/wp-content\/uploads\/2015\/11\/n-120x117_c.jpg\" alt=\"n\" title=\"n\"  \/><\/a><\/div><div id=\"envira-gallery-item-6123\" class=\"envira-gallery-item isotope-item envira-gallery-item-15\" style=\"margin-bottom: 10px;\" ><a href=\"http:\/\/fundacjaoda.pl\/wp-content\/uploads\/2015\/11\/o.jpg\" class=\"envira-gallery-6109 envira-gallery-link\" rel=\"enviragallery6109\" title=\"o\" data-thumbnail=\"\"><img id=\"envira-gallery-image-6123\" class=\"envira-gallery-image envira-gallery-preload envira-gallery-image-15\" src=\"http:\/\/fundacjaoda.pl\/wp-content\/plugins\/envira-gallery-lite\/assets\/css\/images\/holder.gif\" data-envira-src=\"http:\/\/fundacjaoda.pl\/wp-content\/uploads\/2015\/11\/o-120x117_c.jpg\" alt=\"o\" title=\"o\"  \/><\/a><\/div><div id=\"envira-gallery-item-6124\" class=\"envira-gallery-item isotope-item envira-gallery-item-16\" style=\"margin-bottom: 10px;\" ><a href=\"http:\/\/fundacjaoda.pl\/wp-content\/uploads\/2015\/11\/p.jpg\" class=\"envira-gallery-6109 envira-gallery-link\" rel=\"enviragallery6109\" title=\"p\" data-thumbnail=\"\"><img id=\"envira-gallery-image-6124\" class=\"envira-gallery-image envira-gallery-preload envira-gallery-image-16\" src=\"http:\/\/fundacjaoda.pl\/wp-content\/plugins\/envira-gallery-lite\/assets\/css\/images\/holder.gif\" data-envira-src=\"http:\/\/fundacjaoda.pl\/wp-content\/uploads\/2015\/11\/p-120x117_c.jpg\" alt=\"p\" title=\"p\"  \/><\/a><\/div><div id=\"envira-gallery-item-6125\" class=\"envira-gallery-item isotope-item envira-gallery-item-17\" style=\"margin-bottom: 10px;\" ><a href=\"http:\/\/fundacjaoda.pl\/wp-content\/uploads\/2015\/11\/r.jpg\" class=\"envira-gallery-6109 envira-gallery-link\" rel=\"enviragallery6109\" title=\"r\" data-thumbnail=\"\"><img id=\"envira-gallery-image-6125\" class=\"envira-gallery-image envira-gallery-preload envira-gallery-image-17\" src=\"http:\/\/fundacjaoda.pl\/wp-content\/plugins\/envira-gallery-lite\/assets\/css\/images\/holder.gif\" data-envira-src=\"http:\/\/fundacjaoda.pl\/wp-content\/uploads\/2015\/11\/r-120x117_c.jpg\" alt=\"r\" title=\"r\"  \/><\/a><\/div><div id=\"envira-gallery-item-6126\" class=\"envira-gallery-item isotope-item envira-gallery-item-18\" style=\"margin-bottom: 10px;\" ><a href=\"http:\/\/fundacjaoda.pl\/wp-content\/uploads\/2015\/11\/s.jpg\" class=\"envira-gallery-6109 envira-gallery-link\" rel=\"enviragallery6109\" title=\"s\" data-thumbnail=\"\"><img id=\"envira-gallery-image-6126\" class=\"envira-gallery-image envira-gallery-preload envira-gallery-image-18\" src=\"http:\/\/fundacjaoda.pl\/wp-content\/plugins\/envira-gallery-lite\/assets\/css\/images\/holder.gif\" data-envira-src=\"http:\/\/fundacjaoda.pl\/wp-content\/uploads\/2015\/11\/s-120x117_c.jpg\" alt=\"s\" title=\"s\"  \/><\/a><\/div><div id=\"envira-gallery-item-6127\" class=\"envira-gallery-item isotope-item envira-gallery-item-19\" style=\"margin-bottom: 10px;\" ><a href=\"http:\/\/fundacjaoda.pl\/wp-content\/uploads\/2015\/11\/t.jpg\" class=\"envira-gallery-6109 envira-gallery-link\" rel=\"enviragallery6109\" title=\"t\" data-thumbnail=\"\"><img id=\"envira-gallery-image-6127\" class=\"envira-gallery-image envira-gallery-preload envira-gallery-image-19\" src=\"http:\/\/fundacjaoda.pl\/wp-content\/plugins\/envira-gallery-lite\/assets\/css\/images\/holder.gif\" data-envira-src=\"http:\/\/fundacjaoda.pl\/wp-content\/uploads\/2015\/11\/t-120x117_c.jpg\" alt=\"t\" title=\"t\"  \/><\/a><\/div><div id=\"envira-gallery-item-6128\" class=\"envira-gallery-item isotope-item envira-gallery-item-20\" style=\"margin-bottom: 10px;\" ><a href=\"http:\/\/fundacjaoda.pl\/wp-content\/uploads\/2015\/11\/u.jpg\" class=\"envira-gallery-6109 envira-gallery-link\" rel=\"enviragallery6109\" title=\"u\" data-thumbnail=\"\"><img id=\"envira-gallery-image-6128\" class=\"envira-gallery-image envira-gallery-preload envira-gallery-image-20\" src=\"http:\/\/fundacjaoda.pl\/wp-content\/plugins\/envira-gallery-lite\/assets\/css\/images\/holder.gif\" data-envira-src=\"http:\/\/fundacjaoda.pl\/wp-content\/uploads\/2015\/11\/u-120x117_c.jpg\" alt=\"u\" title=\"u\"  \/><\/a><\/div><div id=\"envira-gallery-item-6385\" class=\"envira-gallery-item isotope-item envira-gallery-item-21\" style=\"margin-bottom: 10px;\" ><a href=\"http:\/\/fundacjaoda.pl\/wp-content\/uploads\/2015\/11\/20151111_200523.jpg\" class=\"envira-gallery-6109 envira-gallery-link\" rel=\"enviragallery6109\" title=\"20151111_200523\" data-thumbnail=\"\"><img id=\"envira-gallery-image-6385\" class=\"envira-gallery-image envira-gallery-preload envira-gallery-image-21\" src=\"http:\/\/fundacjaoda.pl\/wp-content\/plugins\/envira-gallery-lite\/assets\/css\/images\/holder.gif\" data-envira-src=\"http:\/\/fundacjaoda.pl\/wp-content\/uploads\/2015\/11\/20151111_200523-120x117_c.jpg\" alt=\"20151111_200523\" title=\"20151111_200523\"  \/><\/a><\/div><div id=\"envira-gallery-item-6386\" class=\"envira-gallery-item isotope-item envira-gallery-item-22\" style=\"margin-bottom: 10px;\" ><a href=\"http:\/\/fundacjaoda.pl\/wp-content\/uploads\/2015\/11\/20151111_200553.jpg\" class=\"envira-gallery-6109 envira-gallery-link\" rel=\"enviragallery6109\" title=\"20151111_200553\" data-thumbnail=\"\"><img id=\"envira-gallery-image-6386\" class=\"envira-gallery-image envira-gallery-preload envira-gallery-image-22\" src=\"http:\/\/fundacjaoda.pl\/wp-content\/plugins\/envira-gallery-lite\/assets\/css\/images\/holder.gif\" data-envira-src=\"http:\/\/fundacjaoda.pl\/wp-content\/uploads\/2015\/11\/20151111_200553-120x117_c.jpg\" alt=\"20151111_200553\" title=\"20151111_200553\"  \/><\/a><\/div><div id=\"envira-gallery-item-6387\" class=\"envira-gallery-item isotope-item envira-gallery-item-23\" style=\"margin-bottom: 10px;\" ><a href=\"http:\/\/fundacjaoda.pl\/wp-content\/uploads\/2015\/11\/20151111_200802.jpg\" class=\"envira-gallery-6109 envira-gallery-link\" rel=\"enviragallery6109\" title=\"20151111_200802\" data-thumbnail=\"\"><img id=\"envira-gallery-image-6387\" class=\"envira-gallery-image envira-gallery-preload envira-gallery-image-23\" src=\"http:\/\/fundacjaoda.pl\/wp-content\/plugins\/envira-gallery-lite\/assets\/css\/images\/holder.gif\" data-envira-src=\"http:\/\/fundacjaoda.pl\/wp-content\/uploads\/2015\/11\/20151111_200802-120x117_c.jpg\" alt=\"20151111_200802\" title=\"20151111_200802\"  \/><\/a><\/div><\/div><\/div>\n<p><a href=\"http:\/\/fundacjaoda.pl\/?page_id=60\" title=\"Wieczory muzyczne\"><strong>Powr\u00f3t<\/strong><\/a><\/p>\n","protected":false},"excerpt":{"rendered":"<p>Powr\u00f3t<\/p>\n","protected":false},"author":1,"featured_media":0,"parent":0,"menu_order":0,"comment_status":"closed","ping_status":"closed","template":"","meta":[],"_links":{"self":[{"href":"http:\/\/fundacjaoda.pl\/index.php?rest_route=\/wp\/v2\/pages\/6131"}],"collection":[{"href":"http:\/\/fundacjaoda.pl\/index.php?rest_route=\/wp\/v2\/pages"}],"about":[{"href":"http:\/\/fundacjaoda.pl\/index.php?rest_route=\/wp\/v2\/types\/page"}],"author":[{"embeddable":true,"href":"http:\/\/fundacjaoda.pl\/index.php?rest_route=\/wp\/v2\/users\/1"}],"replies":[{"embeddable":true,"href":"http:\/\/fundacjaoda.pl\/index.php?rest_route=%2Fwp%2Fv2%2Fcomments&post=6131"}],"version-history":[{"count":2,"href":"http:\/\/fundacjaoda.pl\/index.php?rest_route=\/wp\/v2\/pages\/6131\/revisions"}],"predecessor-version":[{"id":6156,"href":"http:\/\/fundacjaoda.pl\/index.php?rest_route=\/wp\/v2\/pages\/6131\/revisions\/6156"}],"wp:attachment":[{"href":"http:\/\/fundacjaoda.pl\/index.php?rest_route=%2Fwp%2Fv2%2Fmedia&parent=6131"}],"curies":[{"name":"wp","href":"https:\/\/api.w.org\/{rel}","templated":true}]}}