{"id":6,"date":"2014-10-25T20:07:21","date_gmt":"2014-10-25T18:07:21","guid":{"rendered":"http:\/\/fundacjaoda.pl\/?page_id=6"},"modified":"2016-01-20T11:38:34","modified_gmt":"2016-01-20T10:38:34","slug":"izba-muzealna","status":"publish","type":"page","link":"http:\/\/fundacjaoda.pl\/?page_id=6","title":{"rendered":"Izba Muzealna"},"content":{"rendered":"<p>W zbiorach Izby Muzealnej po\u015bwi\u0119conej Rodzinie Wodiczk\u00f3w znajd\u0105 Pa\u0144stwo:<\/p>\n<ul>\n<li>fotografie i dokumenty Franciszka Wodiczki \u015bwiadcz\u0105ce o jego szerokiej dzia\u0142alno\u015bci zawodowej i spo\u0142ecznej,<\/li>\n<li>osobiste pami\u0105tki rodziny Wodiczk\u00f3w, w tym fascynuj\u0105ce listy z rejsu dooko\u0142a \u015bwiata pisane przez Jerzego Wodiczk\u0119,<\/li>\n<li>medale, dyplomy i odznaczenia za wybitne osi\u0105gni\u0119cia Eugeniusza Wodiczki, w tym Order Odrodzenia Polski Polonia Restituta za udzia\u0142 w\u00a0wojnie 1920 r.,<\/li>\n<li>w\u0142asnor\u0119cznie pisane nuty Franciszka Wodiczki,<\/li>\n<li>kolekcj\u0119 p\u0142yt z muzyka powa\u017cn\u0105 nagrane pod dyrekcj\u0105 Bohdana Wodiczki,<\/li>\n<li>instrumenty muzyczne, w tym skrzypce Franciszka Wodiczki,<\/li>\n<li>ksi\u0105\u017cki rodzinne i wsp\u00f3\u0142czesne dokumentuj\u0105ce dzia\u0142alno\u015b\u0107 najbardziej znanych cz\u0142onk\u00f3w rodziny (w tym \u015bwiatowej s\u0142awy dyrygenta Bohdana Wodiczki i jego syna, wsp\u00f3\u0142czesnego artysty Krzysztofa Wodiczki).<\/li>\n<\/ul>\n<p><a href=\"http:\/\/fundacjaoda.pl\/wp-content\/uploads\/2014\/11\/Izba11.png\"><img loading=\"lazy\" class=\"alignnone size-medium wp-image-517\" style=\"margin-right: 10px;\" src=\"http:\/\/fundacjaoda.pl\/wp-content\/uploads\/2014\/11\/Izba11-300x165.png\" alt=\"Izba1\" width=\"300\" height=\"165\" align=\"left\" srcset=\"http:\/\/fundacjaoda.pl\/wp-content\/uploads\/2014\/11\/Izba11-300x165.png 300w, http:\/\/fundacjaoda.pl\/wp-content\/uploads\/2014\/11\/Izba11-250x138.png 250w, http:\/\/fundacjaoda.pl\/wp-content\/uploads\/2014\/11\/Izba11-150x82.png 150w, http:\/\/fundacjaoda.pl\/wp-content\/uploads\/2014\/11\/Izba11.png 853w\" sizes=\"(max-width: 300px) 100vw, 300px\" \/><\/a><\/p>\n<p>Wszystkie pami\u0105tki odzyska\u0142y dawna \u015bwietno\u015b\u0107 dzi\u0119ki zabiegom konserwatorskim. Umieszczone zosta\u0142y w specjalnych gablotach, kt\u00f3re maj\u0105 przed\u0142u\u017cy\u0107 ich trwa\u0142o\u015b\u0107, a\u00a0ca\u0142o\u015b\u0107 zgromadzonych muzeali\u00f3w ma odda\u0107 klimat przedwojennego domu Franciszka Wodiczki i jego rodziny.<\/p>\n<p>Dom Franciszka i Anny Wodiczk\u00f3w znajdowa\u0142 si\u0119 bowiem w miejscu, w kt\u00f3rym si\u0119 w\u0142a\u015bnie znajdujemy. Zniszczonego budynku nie uda\u0142o si\u0119 uratowa\u0107, zosta\u0142 on wyburzony w 2000 r. Na jego miejscu stoi nowy obiekt, a uratowane pami\u0105tki rodzinne da\u0142y podstaw\u0119 do utworzenia Izby Muzealnej po\u015bwi\u0119conej Rodzinie Wodiczk\u00f3w. Zbiory powi\u0119kszaj\u0105 si\u0119 o pami\u0105tki ofiarowane przez rodzin\u0119, o\u00a0odnalezione w\u00a0instytucjach muzycznych czy zakupione na aukcjach. Wiedza na temat rodziny pochodzi z dokument\u00f3w zgromadzonych w Izbie, a\u00a0tak\u017ce od mi\u0142o\u015bnik\u00f3w Wo\u0142omina, uczni\u00f3w Bohdana i s\u0105siad\u00f3w.<\/p>\n<p>Izba Muzealna powsta\u0142a z pasji nowej w\u0142a\u015bcicielki nieruchomo\u015bci, Danuty Michalik, kt\u00f3ra uratowa\u0142a przed zniszczeniem bezcenne pami\u0105tki rodziny Wodiczk\u00f3w, opracowa\u0142a i skatalogowa\u0142a zbiory, a dzisiaj udost\u0119pnia je Pa\u0144stwu do zwiedzania. Jej\u00a0marzeniem jest, aby dzia\u0142alno\u015b\u0107 Izby Muzealnej uczy\u0142a szacunku do historii, przywi\u0105zania do rodzinnego miasta i jego tradycji. Izba ma bowiem chroni\u0107 przed zapomnieniem i\u00a0zniszczeniem dobra kulturalne \u015bwiadcz\u0105ce o przesz\u0142o\u015bci rodziny Wodiczk\u00f3w i przesz\u0142o\u015bci Wo\u0142omina. Danuta Michalik, dzi\u0119ki tej inicjatywie, promuje Wo\u0142omin, tak wa\u017cny dla Franciszka, jego dzieci i wnuk\u00f3w rozproszonych po ca\u0142ym \u015bwiecie. Ma tak\u017ce nadziej\u0119, \u017ce b\u0119dzie to miejsce spotka\u0144 mi\u0142o\u015bnik\u00f3w historii Wo\u0142omina, muzyki powa\u017cnej i miejsce spotka\u0144 z m\u0142odzie\u017c\u0105.<\/p>\n<p>Zdj\u0119cia poni\u017cej przedstawiaj\u0105 pomieszczenia Izby w r\u00f3\u017cnych momentach jej tworzenia od roku 2009. Zdj\u0119cia w <strong><a href=\"http:\/\/fundacjaoda.pl\/?page_id=6862\" title=\"Galeria \u2013 Izba po remoncie 2015\">Galerii <\/a><\/strong>przedstawiaj\u0105 Izb\u0119 po remoncie, kt\u00f3ry mia\u0142 miejsce w lipcu 2015 r. <\/p>\n<div id=\"envira-gallery-wrap-1879\" class=\"envira-gallery-wrap envira-gallery-theme-base envira-lightbox-theme-base\"><div id=\"envira-gallery-1879\" class=\"envira-gallery-public envira-gallery-5-columns envira-clear isotope\" data-envira-columns=\"5\"><div id=\"envira-gallery-item-1903\" class=\"envira-gallery-item isotope-item envira-gallery-item-1\" style=\"margin-bottom: 10px;\" ><a href=\"http:\/\/fundacjaoda.pl\/wp-content\/uploads\/2015\/01\/IMG_4873.jpg\" class=\"envira-gallery-1879 envira-gallery-link\" rel=\"enviragallery1879\" title=\"IMG_4873\" data-thumbnail=\"\"><img id=\"envira-gallery-image-1903\" class=\"envira-gallery-image envira-gallery-preload envira-gallery-image-1\" src=\"http:\/\/fundacjaoda.pl\/wp-content\/plugins\/envira-gallery-lite\/assets\/css\/images\/holder.gif\" data-envira-src=\"http:\/\/fundacjaoda.pl\/wp-content\/uploads\/2015\/01\/IMG_4873-120x120_c.jpg\" alt=\"IMG_4873\" title=\"IMG_4873\"  \/><\/a><\/div><div id=\"envira-gallery-item-1883\" class=\"envira-gallery-item isotope-item envira-gallery-item-2\" style=\"margin-bottom: 10px;\" ><a href=\"http:\/\/fundacjaoda.pl\/wp-content\/uploads\/2015\/01\/IMG_4853.jpg\" class=\"envira-gallery-1879 envira-gallery-link\" rel=\"enviragallery1879\" title=\"IMG_4853\" data-thumbnail=\"\"><img id=\"envira-gallery-image-1883\" class=\"envira-gallery-image envira-gallery-preload envira-gallery-image-2\" src=\"http:\/\/fundacjaoda.pl\/wp-content\/plugins\/envira-gallery-lite\/assets\/css\/images\/holder.gif\" data-envira-src=\"http:\/\/fundacjaoda.pl\/wp-content\/uploads\/2015\/01\/IMG_4853-120x120_c.jpg\" alt=\"IMG_4853\" title=\"IMG_4853\"  \/><\/a><\/div><div id=\"envira-gallery-item-1904\" class=\"envira-gallery-item isotope-item envira-gallery-item-3\" style=\"margin-bottom: 10px;\" ><a href=\"http:\/\/fundacjaoda.pl\/wp-content\/uploads\/2015\/01\/IMG_4874.jpg\" class=\"envira-gallery-1879 envira-gallery-link\" rel=\"enviragallery1879\" title=\"IMG_4874\" data-thumbnail=\"\"><img id=\"envira-gallery-image-1904\" class=\"envira-gallery-image envira-gallery-preload envira-gallery-image-3\" src=\"http:\/\/fundacjaoda.pl\/wp-content\/plugins\/envira-gallery-lite\/assets\/css\/images\/holder.gif\" data-envira-src=\"http:\/\/fundacjaoda.pl\/wp-content\/uploads\/2015\/01\/IMG_4874-120x120_c.jpg\" alt=\"IMG_4874\" title=\"IMG_4874\"  \/><\/a><\/div><div id=\"envira-gallery-item-1884\" class=\"envira-gallery-item isotope-item envira-gallery-item-4\" style=\"margin-bottom: 10px;\" ><a href=\"http:\/\/fundacjaoda.pl\/wp-content\/uploads\/2015\/01\/IMG_4854.jpg\" class=\"envira-gallery-1879 envira-gallery-link\" rel=\"enviragallery1879\" title=\"IMG_4854\" data-thumbnail=\"\"><img id=\"envira-gallery-image-1884\" class=\"envira-gallery-image envira-gallery-preload envira-gallery-image-4\" src=\"http:\/\/fundacjaoda.pl\/wp-content\/plugins\/envira-gallery-lite\/assets\/css\/images\/holder.gif\" data-envira-src=\"http:\/\/fundacjaoda.pl\/wp-content\/uploads\/2015\/01\/IMG_4854-120x120_c.jpg\" alt=\"IMG_4854\" title=\"IMG_4854\"  \/><\/a><\/div><div id=\"envira-gallery-item-1885\" class=\"envira-gallery-item isotope-item envira-gallery-item-5\" style=\"margin-bottom: 10px;\" ><a href=\"http:\/\/fundacjaoda.pl\/wp-content\/uploads\/2015\/01\/IMG_4855.jpg\" class=\"envira-gallery-1879 envira-gallery-link\" rel=\"enviragallery1879\" title=\"IMG_4855\" data-thumbnail=\"\"><img id=\"envira-gallery-image-1885\" class=\"envira-gallery-image envira-gallery-preload envira-gallery-image-5\" src=\"http:\/\/fundacjaoda.pl\/wp-content\/plugins\/envira-gallery-lite\/assets\/css\/images\/holder.gif\" data-envira-src=\"http:\/\/fundacjaoda.pl\/wp-content\/uploads\/2015\/01\/IMG_4855-120x120_c.jpg\" alt=\"IMG_4855\" title=\"IMG_4855\"  \/><\/a><\/div><div id=\"envira-gallery-item-1886\" class=\"envira-gallery-item isotope-item envira-gallery-item-6\" style=\"margin-bottom: 10px;\" ><a href=\"http:\/\/fundacjaoda.pl\/wp-content\/uploads\/2015\/01\/IMG_4856.jpg\" class=\"envira-gallery-1879 envira-gallery-link\" rel=\"enviragallery1879\" title=\"IMG_4856\" data-thumbnail=\"\"><img id=\"envira-gallery-image-1886\" class=\"envira-gallery-image envira-gallery-preload envira-gallery-image-6\" src=\"http:\/\/fundacjaoda.pl\/wp-content\/plugins\/envira-gallery-lite\/assets\/css\/images\/holder.gif\" data-envira-src=\"http:\/\/fundacjaoda.pl\/wp-content\/uploads\/2015\/01\/IMG_4856-120x120_c.jpg\" alt=\"IMG_4856\" title=\"IMG_4856\"  \/><\/a><\/div><div id=\"envira-gallery-item-1901\" class=\"envira-gallery-item isotope-item envira-gallery-item-7\" style=\"margin-bottom: 10px;\" ><a href=\"http:\/\/fundacjaoda.pl\/wp-content\/uploads\/2015\/01\/IMG_4871.jpg\" class=\"envira-gallery-1879 envira-gallery-link\" rel=\"enviragallery1879\" title=\"IMG_4871\" data-thumbnail=\"\"><img id=\"envira-gallery-image-1901\" class=\"envira-gallery-image envira-gallery-preload envira-gallery-image-7\" src=\"http:\/\/fundacjaoda.pl\/wp-content\/plugins\/envira-gallery-lite\/assets\/css\/images\/holder.gif\" data-envira-src=\"http:\/\/fundacjaoda.pl\/wp-content\/uploads\/2015\/01\/IMG_4871-120x120_c.jpg\" alt=\"IMG_4871\" title=\"IMG_4871\"  \/><\/a><\/div><div id=\"envira-gallery-item-1898\" class=\"envira-gallery-item isotope-item envira-gallery-item-8\" style=\"margin-bottom: 10px;\" ><a href=\"http:\/\/fundacjaoda.pl\/wp-content\/uploads\/2015\/01\/IMG_4868.jpg\" class=\"envira-gallery-1879 envira-gallery-link\" rel=\"enviragallery1879\" title=\"IMG_4868\" data-thumbnail=\"\"><img id=\"envira-gallery-image-1898\" class=\"envira-gallery-image envira-gallery-preload envira-gallery-image-8\" src=\"http:\/\/fundacjaoda.pl\/wp-content\/plugins\/envira-gallery-lite\/assets\/css\/images\/holder.gif\" data-envira-src=\"http:\/\/fundacjaoda.pl\/wp-content\/uploads\/2015\/01\/IMG_4868-120x120_c.jpg\" alt=\"IMG_4868\" title=\"IMG_4868\"  \/><\/a><\/div><div id=\"envira-gallery-item-1899\" class=\"envira-gallery-item isotope-item envira-gallery-item-9\" style=\"margin-bottom: 10px;\" ><a href=\"http:\/\/fundacjaoda.pl\/wp-content\/uploads\/2015\/01\/IMG_4869.jpg\" class=\"envira-gallery-1879 envira-gallery-link\" rel=\"enviragallery1879\" title=\"IMG_4869\" data-thumbnail=\"\"><img id=\"envira-gallery-image-1899\" class=\"envira-gallery-image envira-gallery-preload envira-gallery-image-9\" src=\"http:\/\/fundacjaoda.pl\/wp-content\/plugins\/envira-gallery-lite\/assets\/css\/images\/holder.gif\" data-envira-src=\"http:\/\/fundacjaoda.pl\/wp-content\/uploads\/2015\/01\/IMG_4869-120x120_c.jpg\" alt=\"IMG_4869\" title=\"IMG_4869\"  \/><\/a><\/div><div id=\"envira-gallery-item-1888\" class=\"envira-gallery-item isotope-item envira-gallery-item-10\" style=\"margin-bottom: 10px;\" ><a href=\"http:\/\/fundacjaoda.pl\/wp-content\/uploads\/2015\/01\/IMG_4858.jpg\" class=\"envira-gallery-1879 envira-gallery-link\" rel=\"enviragallery1879\" title=\"IMG_4858\" data-thumbnail=\"\"><img id=\"envira-gallery-image-1888\" class=\"envira-gallery-image envira-gallery-preload envira-gallery-image-10\" src=\"http:\/\/fundacjaoda.pl\/wp-content\/plugins\/envira-gallery-lite\/assets\/css\/images\/holder.gif\" data-envira-src=\"http:\/\/fundacjaoda.pl\/wp-content\/uploads\/2015\/01\/IMG_4858-120x120_c.jpg\" alt=\"IMG_4858\" title=\"IMG_4858\"  \/><\/a><\/div><div id=\"envira-gallery-item-1897\" class=\"envira-gallery-item isotope-item envira-gallery-item-11\" style=\"margin-bottom: 10px;\" ><a href=\"http:\/\/fundacjaoda.pl\/wp-content\/uploads\/2015\/01\/IMG_4867.jpg\" class=\"envira-gallery-1879 envira-gallery-link\" rel=\"enviragallery1879\" title=\"IMG_4867\" data-thumbnail=\"\"><img id=\"envira-gallery-image-1897\" class=\"envira-gallery-image envira-gallery-preload envira-gallery-image-11\" src=\"http:\/\/fundacjaoda.pl\/wp-content\/plugins\/envira-gallery-lite\/assets\/css\/images\/holder.gif\" data-envira-src=\"http:\/\/fundacjaoda.pl\/wp-content\/uploads\/2015\/01\/IMG_4867-120x120_c.jpg\" alt=\"IMG_4867\" title=\"IMG_4867\"  \/><\/a><\/div><div id=\"envira-gallery-item-1889\" class=\"envira-gallery-item isotope-item envira-gallery-item-12\" style=\"margin-bottom: 10px;\" ><a href=\"http:\/\/fundacjaoda.pl\/wp-content\/uploads\/2015\/01\/IMG_4859.jpg\" class=\"envira-gallery-1879 envira-gallery-link\" rel=\"enviragallery1879\" title=\"IMG_4859\" data-thumbnail=\"\"><img id=\"envira-gallery-image-1889\" class=\"envira-gallery-image envira-gallery-preload envira-gallery-image-12\" src=\"http:\/\/fundacjaoda.pl\/wp-content\/plugins\/envira-gallery-lite\/assets\/css\/images\/holder.gif\" data-envira-src=\"http:\/\/fundacjaoda.pl\/wp-content\/uploads\/2015\/01\/IMG_4859-120x120_c.jpg\" alt=\"IMG_4859\" title=\"IMG_4859\"  \/><\/a><\/div><div id=\"envira-gallery-item-1896\" class=\"envira-gallery-item isotope-item envira-gallery-item-13\" style=\"margin-bottom: 10px;\" ><a href=\"http:\/\/fundacjaoda.pl\/wp-content\/uploads\/2015\/01\/IMG_4866.jpg\" class=\"envira-gallery-1879 envira-gallery-link\" rel=\"enviragallery1879\" title=\"IMG_4866\" data-thumbnail=\"\"><img id=\"envira-gallery-image-1896\" class=\"envira-gallery-image envira-gallery-preload envira-gallery-image-13\" src=\"http:\/\/fundacjaoda.pl\/wp-content\/plugins\/envira-gallery-lite\/assets\/css\/images\/holder.gif\" data-envira-src=\"http:\/\/fundacjaoda.pl\/wp-content\/uploads\/2015\/01\/IMG_4866-120x120_c.jpg\" alt=\"IMG_4866\" title=\"IMG_4866\"  \/><\/a><\/div><div id=\"envira-gallery-item-1890\" class=\"envira-gallery-item isotope-item envira-gallery-item-14\" style=\"margin-bottom: 10px;\" ><a href=\"http:\/\/fundacjaoda.pl\/wp-content\/uploads\/2015\/01\/IMG_4860.jpg\" class=\"envira-gallery-1879 envira-gallery-link\" rel=\"enviragallery1879\" title=\"IMG_4860\" data-thumbnail=\"\"><img id=\"envira-gallery-image-1890\" class=\"envira-gallery-image envira-gallery-preload envira-gallery-image-14\" src=\"http:\/\/fundacjaoda.pl\/wp-content\/plugins\/envira-gallery-lite\/assets\/css\/images\/holder.gif\" data-envira-src=\"http:\/\/fundacjaoda.pl\/wp-content\/uploads\/2015\/01\/IMG_4860-120x120_c.jpg\" alt=\"IMG_4860\" title=\"IMG_4860\"  \/><\/a><\/div><div id=\"envira-gallery-item-1891\" class=\"envira-gallery-item isotope-item envira-gallery-item-15\" style=\"margin-bottom: 10px;\" ><a href=\"http:\/\/fundacjaoda.pl\/wp-content\/uploads\/2015\/01\/IMG_4861.jpg\" class=\"envira-gallery-1879 envira-gallery-link\" rel=\"enviragallery1879\" title=\"IMG_4861\" data-thumbnail=\"\"><img id=\"envira-gallery-image-1891\" class=\"envira-gallery-image envira-gallery-preload envira-gallery-image-15\" src=\"http:\/\/fundacjaoda.pl\/wp-content\/plugins\/envira-gallery-lite\/assets\/css\/images\/holder.gif\" data-envira-src=\"http:\/\/fundacjaoda.pl\/wp-content\/uploads\/2015\/01\/IMG_4861-120x120_c.jpg\" alt=\"IMG_4861\" title=\"IMG_4861\"  \/><\/a><\/div><div id=\"envira-gallery-item-1892\" class=\"envira-gallery-item isotope-item envira-gallery-item-16\" style=\"margin-bottom: 10px;\" ><a href=\"http:\/\/fundacjaoda.pl\/wp-content\/uploads\/2015\/01\/IMG_4862.jpg\" class=\"envira-gallery-1879 envira-gallery-link\" rel=\"enviragallery1879\" title=\"IMG_4862\" data-thumbnail=\"\"><img id=\"envira-gallery-image-1892\" class=\"envira-gallery-image envira-gallery-preload envira-gallery-image-16\" src=\"http:\/\/fundacjaoda.pl\/wp-content\/plugins\/envira-gallery-lite\/assets\/css\/images\/holder.gif\" data-envira-src=\"http:\/\/fundacjaoda.pl\/wp-content\/uploads\/2015\/01\/IMG_4862-120x120_c.jpg\" alt=\"IMG_4862\" title=\"IMG_4862\"  \/><\/a><\/div><div id=\"envira-gallery-item-1893\" class=\"envira-gallery-item isotope-item envira-gallery-item-17\" style=\"margin-bottom: 10px;\" ><a href=\"http:\/\/fundacjaoda.pl\/wp-content\/uploads\/2015\/01\/IMG_4863.jpg\" class=\"envira-gallery-1879 envira-gallery-link\" rel=\"enviragallery1879\" title=\"IMG_4863\" data-thumbnail=\"\"><img id=\"envira-gallery-image-1893\" class=\"envira-gallery-image envira-gallery-preload envira-gallery-image-17\" src=\"http:\/\/fundacjaoda.pl\/wp-content\/plugins\/envira-gallery-lite\/assets\/css\/images\/holder.gif\" data-envira-src=\"http:\/\/fundacjaoda.pl\/wp-content\/uploads\/2015\/01\/IMG_4863-120x120_c.jpg\" alt=\"IMG_4863\" title=\"IMG_4863\"  \/><\/a><\/div><div id=\"envira-gallery-item-1894\" class=\"envira-gallery-item isotope-item envira-gallery-item-18\" style=\"margin-bottom: 10px;\" ><a href=\"http:\/\/fundacjaoda.pl\/wp-content\/uploads\/2015\/01\/IMG_4864.jpg\" class=\"envira-gallery-1879 envira-gallery-link\" rel=\"enviragallery1879\" title=\"IMG_4864\" data-thumbnail=\"\"><img id=\"envira-gallery-image-1894\" class=\"envira-gallery-image envira-gallery-preload envira-gallery-image-18\" src=\"http:\/\/fundacjaoda.pl\/wp-content\/plugins\/envira-gallery-lite\/assets\/css\/images\/holder.gif\" data-envira-src=\"http:\/\/fundacjaoda.pl\/wp-content\/uploads\/2015\/01\/IMG_4864-120x120_c.jpg\" alt=\"IMG_4864\" title=\"IMG_4864\"  \/><\/a><\/div><div id=\"envira-gallery-item-1895\" class=\"envira-gallery-item isotope-item envira-gallery-item-19\" style=\"margin-bottom: 10px;\" ><a href=\"http:\/\/fundacjaoda.pl\/wp-content\/uploads\/2015\/01\/IMG_4865.jpg\" class=\"envira-gallery-1879 envira-gallery-link\" rel=\"enviragallery1879\" title=\"IMG_4865\" data-thumbnail=\"\"><img id=\"envira-gallery-image-1895\" class=\"envira-gallery-image envira-gallery-preload envira-gallery-image-19\" src=\"http:\/\/fundacjaoda.pl\/wp-content\/plugins\/envira-gallery-lite\/assets\/css\/images\/holder.gif\" data-envira-src=\"http:\/\/fundacjaoda.pl\/wp-content\/uploads\/2015\/01\/IMG_4865-120x120_c.jpg\" alt=\"IMG_4865\" title=\"IMG_4865\"  \/><\/a><\/div><div id=\"envira-gallery-item-1902\" class=\"envira-gallery-item isotope-item envira-gallery-item-20\" style=\"margin-bottom: 10px;\" ><a href=\"http:\/\/fundacjaoda.pl\/wp-content\/uploads\/2015\/01\/IMG_4872.jpg\" class=\"envira-gallery-1879 envira-gallery-link\" rel=\"enviragallery1879\" title=\"IMG_4872\" data-thumbnail=\"\"><img id=\"envira-gallery-image-1902\" class=\"envira-gallery-image envira-gallery-preload envira-gallery-image-20\" src=\"http:\/\/fundacjaoda.pl\/wp-content\/plugins\/envira-gallery-lite\/assets\/css\/images\/holder.gif\" data-envira-src=\"http:\/\/fundacjaoda.pl\/wp-content\/uploads\/2015\/01\/IMG_4872-120x120_c.jpg\" alt=\"IMG_4872\" title=\"IMG_4872\"  \/><\/a><\/div><div id=\"envira-gallery-item-1887\" class=\"envira-gallery-item isotope-item envira-gallery-item-21\" style=\"margin-bottom: 10px;\" ><a href=\"http:\/\/fundacjaoda.pl\/wp-content\/uploads\/2015\/01\/IMG_4857.jpg\" class=\"envira-gallery-1879 envira-gallery-link\" rel=\"enviragallery1879\" title=\"IMG_4857\" data-thumbnail=\"\"><img id=\"envira-gallery-image-1887\" class=\"envira-gallery-image envira-gallery-preload envira-gallery-image-21\" src=\"http:\/\/fundacjaoda.pl\/wp-content\/plugins\/envira-gallery-lite\/assets\/css\/images\/holder.gif\" data-envira-src=\"http:\/\/fundacjaoda.pl\/wp-content\/uploads\/2015\/01\/IMG_4857-120x120_c.jpg\" alt=\"IMG_4857\" title=\"IMG_4857\"  \/><\/a><\/div><div id=\"envira-gallery-item-1882\" class=\"envira-gallery-item isotope-item envira-gallery-item-22\" style=\"margin-bottom: 10px;\" ><a href=\"http:\/\/fundacjaoda.pl\/wp-content\/uploads\/2015\/01\/20141003_081846.jpg\" class=\"envira-gallery-1879 envira-gallery-link\" rel=\"enviragallery1879\" title=\"20141003_081846\" data-thumbnail=\"\"><img id=\"envira-gallery-image-1882\" class=\"envira-gallery-image envira-gallery-preload envira-gallery-image-22\" src=\"http:\/\/fundacjaoda.pl\/wp-content\/plugins\/envira-gallery-lite\/assets\/css\/images\/holder.gif\" data-envira-src=\"http:\/\/fundacjaoda.pl\/wp-content\/uploads\/2015\/01\/20141003_081846-120x120_c.jpg\" alt=\"20141003_081846\" title=\"20141003_081846\"  \/><\/a><\/div><div id=\"envira-gallery-item-1908\" class=\"envira-gallery-item isotope-item envira-gallery-item-23\" style=\"margin-bottom: 10px;\" ><a href=\"http:\/\/fundacjaoda.pl\/wp-content\/uploads\/2015\/01\/Izba_3.jpg\" class=\"envira-gallery-1879 envira-gallery-link\" rel=\"enviragallery1879\" title=\"Izba_3\" data-thumbnail=\"\"><img id=\"envira-gallery-image-1908\" class=\"envira-gallery-image envira-gallery-preload envira-gallery-image-23\" src=\"http:\/\/fundacjaoda.pl\/wp-content\/plugins\/envira-gallery-lite\/assets\/css\/images\/holder.gif\" data-envira-src=\"http:\/\/fundacjaoda.pl\/wp-content\/uploads\/2015\/01\/Izba_3-120x120_c.jpg\" alt=\"Izba_3\" title=\"Izba_3\"  \/><\/a><\/div><div id=\"envira-gallery-item-1907\" class=\"envira-gallery-item isotope-item envira-gallery-item-24\" style=\"margin-bottom: 10px;\" ><a href=\"http:\/\/fundacjaoda.pl\/wp-content\/uploads\/2015\/01\/Izba_2.jpg\" class=\"envira-gallery-1879 envira-gallery-link\" rel=\"enviragallery1879\" title=\"Izba_2\" data-thumbnail=\"\"><img id=\"envira-gallery-image-1907\" class=\"envira-gallery-image envira-gallery-preload envira-gallery-image-24\" src=\"http:\/\/fundacjaoda.pl\/wp-content\/plugins\/envira-gallery-lite\/assets\/css\/images\/holder.gif\" data-envira-src=\"http:\/\/fundacjaoda.pl\/wp-content\/uploads\/2015\/01\/Izba_2-120x120_c.jpg\" alt=\"Izba_2\" title=\"Izba_2\"  \/><\/a><\/div><div id=\"envira-gallery-item-1910\" class=\"envira-gallery-item isotope-item envira-gallery-item-25\" style=\"margin-bottom: 10px;\" ><a href=\"http:\/\/fundacjaoda.pl\/wp-content\/uploads\/2015\/01\/Izba_5.jpg\" class=\"envira-gallery-1879 envira-gallery-link\" rel=\"enviragallery1879\" title=\"Izba_5\" data-thumbnail=\"\"><img id=\"envira-gallery-image-1910\" class=\"envira-gallery-image envira-gallery-preload envira-gallery-image-25\" src=\"http:\/\/fundacjaoda.pl\/wp-content\/plugins\/envira-gallery-lite\/assets\/css\/images\/holder.gif\" data-envira-src=\"http:\/\/fundacjaoda.pl\/wp-content\/uploads\/2015\/01\/Izba_5-120x120_c.jpg\" alt=\"Izba_5\" title=\"Izba_5\"  \/><\/a><\/div><div id=\"envira-gallery-item-1911\" class=\"envira-gallery-item isotope-item envira-gallery-item-26\" style=\"margin-bottom: 10px;\" ><a href=\"http:\/\/fundacjaoda.pl\/wp-content\/uploads\/2015\/01\/Izba_6.jpg\" class=\"envira-gallery-1879 envira-gallery-link\" rel=\"enviragallery1879\" title=\"Izba_6\" data-thumbnail=\"\"><img id=\"envira-gallery-image-1911\" class=\"envira-gallery-image envira-gallery-preload envira-gallery-image-26\" src=\"http:\/\/fundacjaoda.pl\/wp-content\/plugins\/envira-gallery-lite\/assets\/css\/images\/holder.gif\" data-envira-src=\"http:\/\/fundacjaoda.pl\/wp-content\/uploads\/2015\/01\/Izba_6-120x120_c.jpg\" alt=\"Izba_6\" title=\"Izba_6\"  \/><\/a><\/div><\/div><\/div>\n","protected":false},"excerpt":{"rendered":"<p>W zbiorach Izby Muzealnej po\u015bwi\u0119conej Rodzinie Wodiczk\u00f3w znajd\u0105 Pa\u0144stwo: fotografie i dokumenty Franciszka Wodiczki \u015bwiadcz\u0105ce o jego szerokiej dzia\u0142alno\u015bci zawodowej i spo\u0142ecznej, osobiste pami\u0105tki rodziny Wodiczk\u00f3w, w tym fascynuj\u0105ce listy z rejsu dooko\u0142a \u015bwiata pisane przez Jerzego Wodiczk\u0119, medale, dyplomy i odznaczenia za wybitne osi\u0105gni\u0119cia Eugeniusza Wodiczki, w tym Order \u2026 <a href=\"http:\/\/fundacjaoda.pl\/?page_id=6\"> Continue reading <span class=\"meta-nav\">&rarr; <\/span><\/a><\/p>\n","protected":false},"author":1,"featured_media":0,"parent":0,"menu_order":2,"comment_status":"closed","ping_status":"closed","template":"","meta":[],"_links":{"self":[{"href":"http:\/\/fundacjaoda.pl\/index.php?rest_route=\/wp\/v2\/pages\/6"}],"collection":[{"href":"http:\/\/fundacjaoda.pl\/index.php?rest_route=\/wp\/v2\/pages"}],"about":[{"href":"http:\/\/fundacjaoda.pl\/index.php?rest_route=\/wp\/v2\/types\/page"}],"author":[{"embeddable":true,"href":"http:\/\/fundacjaoda.pl\/index.php?rest_route=\/wp\/v2\/users\/1"}],"replies":[{"embeddable":true,"href":"http:\/\/fundacjaoda.pl\/index.php?rest_route=%2Fwp%2Fv2%2Fcomments&post=6"}],"version-history":[{"count":37,"href":"http:\/\/fundacjaoda.pl\/index.php?rest_route=\/wp\/v2\/pages\/6\/revisions"}],"predecessor-version":[{"id":6864,"href":"http:\/\/fundacjaoda.pl\/index.php?rest_route=\/wp\/v2\/pages\/6\/revisions\/6864"}],"wp:attachment":[{"href":"http:\/\/fundacjaoda.pl\/index.php?rest_route=%2Fwp%2Fv2%2Fmedia&parent=6"}],"curies":[{"name":"wp","href":"https:\/\/api.w.org\/{rel}","templated":true}]}}