{"id":4928,"date":"2015-05-15T12:09:43","date_gmt":"2015-05-15T10:09:43","guid":{"rendered":"http:\/\/fundacjaoda.pl\/?page_id=4928"},"modified":"2015-09-15T08:21:03","modified_gmt":"2015-09-15T06:21:03","slug":"wieczor-operetkowy-w-izbie-muzealnej-wodiczkow","status":"publish","type":"page","link":"http:\/\/fundacjaoda.pl\/?page_id=4928","title":{"rendered":"Wiecz\u00f3r operetkowy w Izbie Muzealnej Wodiczk\u00f3w"},"content":{"rendered":"<p><em>tekst: Anna Machowska<\/em><\/p>\n<p>12 maja 2015 r. rozpocz\u0119\u0142y si\u0119 w naszym mie\u015bcie Dni Wo\u0142omina. Pod patronatem Pani Burmistrz El\u017cbiety Radwan odbywa si\u0119 szereg wydarze\u0144 kulturalnych i sportowych oraz r\u00f3\u017cnych uroczysto\u015bci wa\u017cnych z punktu widzenia naszej lokalnej historii. Izba Muzealna Wodiczk\u00f3w w\u0142\u0105czy\u0142a si\u0119 w obchody Dni Wo\u0142omina koncertem arii operetkowych i utwor\u00f3w musicalowych w wykonaniu <strong>Lizy Weso\u0142owskiej<\/strong>. Artystce towarzyszy\u0142 <strong>Piotr Szymanowicz<\/strong> (fortepian), a koncert poprowadzi\u0142a <strong>Izabela Wilczak<\/strong>. Go\u015bci przedstawi\u0142a Danuta Michalik dzi\u0119kuj\u0105c r\u00f3wnie\u017c za przybycie panu Adrianowi Biel, Naczelnikowi Wydzia\u0142u Komunikacji Spo\u0142ecznej UM w Wo\u0142ominie reprezentuj\u0105cemu w\u0142adze miasta i pani Izabeli B\u0105k z\u00a0Miejskiego Domu Kultury w Wo\u0142ominie.<\/p>\n<p><a href=\"http:\/\/fundacjaoda.pl\/wp-content\/uploads\/2015\/05\/a.jpg\"><img loading=\"lazy\" class=\"alignnone size-full wp-image-4906\" style=\"margin-right: 10px;\" src=\"http:\/\/fundacjaoda.pl\/wp-content\/uploads\/2015\/05\/a.jpg\" alt=\"a\" width=\"30%\" height=\"30%\" align=\"left\" srcset=\"http:\/\/fundacjaoda.pl\/wp-content\/uploads\/2015\/05\/a.jpg 819w, http:\/\/fundacjaoda.pl\/wp-content\/uploads\/2015\/05\/a-150x103.jpg 150w\" sizes=\"(max-width: 819px) 100vw, 819px\" \/><\/a><a href=\"http:\/\/fundacjaoda.pl\/wp-content\/uploads\/2015\/05\/Izabela-Wilczak.jpg\"><img loading=\"lazy\" class=\"alignnone size-full wp-image-4938\" style=\"margin-left: 10px;\" src=\"http:\/\/fundacjaoda.pl\/wp-content\/uploads\/2015\/05\/Izabela-Wilczak.jpg\" alt=\"Izabela Wilczak\" width=\"20%\" height=\"20%\" align=\"right\" srcset=\"http:\/\/fundacjaoda.pl\/wp-content\/uploads\/2015\/05\/Izabela-Wilczak.jpg 423w, http:\/\/fundacjaoda.pl\/wp-content\/uploads\/2015\/05\/Izabela-Wilczak-114x150.jpg 114w\" sizes=\"(max-width: 423px) 100vw, 423px\" \/><\/a>Leszek Patejuk, otwieraj\u0105c spotkanie, przypomnia\u0142 najwa\u017cniejsze fakty z\u00a0historii naszego miasta. Na podstawie przytoczonych danych statystycznych zwr\u00f3ci\u0142 r\u00f3wnie\u017c uwag\u0119 na zagro\u017cenia wynikaj\u0105ce z\u00a0ujemnego przyrostu naturalnego w gminie Wo\u0142omin. &#8222;<em>Wo\u0142omin to nasze miejsce na ziemi, tu pracujemy, tu mieszkaj\u0105 nasi bliscy, tu chcemy sp\u0119dza\u0107 sw\u00f3j wolny czas, tu czujemy si\u0119 u siebie<\/em>\u201d &#8211; powiedzia\u0142a Danuta Michalik. Zwr\u00f3ci\u0142a te\u017c uwag\u0119 na to, \u017ce Izba chroni dziedzictwo kulturowe naszego miasta i promuje Wo\u0142omin i\u00a0Wo\u0142ominiak\u00f3w poprzez r\u00f3\u017cne wydarzenia, kt\u00f3re wzmacniaj\u0105 wi\u0119zi spo\u0142eczne. Nie jest wi\u0119c przesad\u0105 stwierdzenie, \u017ce w Izbie Wodiczk\u00f3w Dni Wo\u0142omina trwaj\u0105 ca\u0142y rok. Po s\u0142owach wst\u0119pu przysz\u0142a kolej na wyst\u0119p artyst\u00f3w. Przedstawi\u0142a ich i ze swad\u0105 wprowadza\u0142a w kolejne punkty programu Izabela Wilczak.<\/p>\n<p><a href=\"http:\/\/fundacjaoda.pl\/wp-content\/uploads\/2015\/05\/Liza-Wesolowska.jpg\"><img loading=\"lazy\" class=\"alignnone size-full wp-image-4949\" style=\"margin-right: 10px;\" src=\"http:\/\/fundacjaoda.pl\/wp-content\/uploads\/2015\/05\/Liza-Wesolowska.jpg\" alt=\"Liza Wesolowska\" width=\"30%\" height=\"30%\" align=\"left\" srcset=\"http:\/\/fundacjaoda.pl\/wp-content\/uploads\/2015\/05\/Liza-Wesolowska.jpg 631w, http:\/\/fundacjaoda.pl\/wp-content\/uploads\/2015\/05\/Liza-Wesolowska-150x130.jpg 150w\" sizes=\"(max-width: 631px) 100vw, 631px\" \/><\/a>Liza Weso\u0142owska to sopran liryczny, pedagog Studia Wokalnego Agaty Wro\u0144skiej, solistka i\u00a0kameralistka, laureatka Teatralnej Nagrody Muzycznej im. Jana Kiepury. Jest absolwentk\u0105 Uniwersytetu Opolskiego na Wydziale Historyczno-Pedagogicznym oraz Akademii Muzycznej im.\u00a0Karola Lipi\u0144skiego we Wroc\u0142awiu w klasie Dariusza Paradowskiego. Sw\u00f3j warsztat wokalny doskonali\u0142a na kursach mistrzowskich u Ryszarda Karczykowskiego i Marcina Habeli. Jest solistk\u0105 Filharmonii im. Artura Rubinsteina w \u0141odzi oraz Mazowieckiego Teatru Muzycznego im. Jana Kiepury. Od kilku sezon\u00f3w wsp\u00f3\u0142pracuje z Filharmoni\u0105 Narodow\u0105.<\/p>\n<p>&nbsp;<\/p>\n<p><a href=\"http:\/\/fundacjaoda.pl\/wp-content\/uploads\/2015\/05\/l.jpg\"><img loading=\"lazy\" class=\"alignnone size-full wp-image-4917\" style=\"margin-right: 10px;\" src=\"http:\/\/fundacjaoda.pl\/wp-content\/uploads\/2015\/05\/l.jpg\" alt=\"l\" width=\"30%\" height=\"30%\" align=\"left\" srcset=\"http:\/\/fundacjaoda.pl\/wp-content\/uploads\/2015\/05\/l.jpg 819w, http:\/\/fundacjaoda.pl\/wp-content\/uploads\/2015\/05\/l-150x103.jpg 150w\" sizes=\"(max-width: 819px) 100vw, 819px\" \/><\/a>Towarzysz\u0105cy Lizie pianista, Piotr Szymanowicz, jest absolwentem Akademii Muzycznej w\u00a0\u0141odzi w\u00a0klasie fortepianu Marii Koreckiej-Soszkowskiej oraz Universit\u00e4t f\u00fcr Musik Und darstellende Kunst w\u00a0Wiedniu &#8211; muzyka kameralna i akompaniament pie\u015bni<em>.<\/em> W tym zakresie doskonali\u0142 swoje umiej\u0119tno\u015bci tak\u017ce w Kr\u00f3lewskim Konserwatorium w Brukseli. Uczestniczy\u0142 w kursach mistrzowskich prowadzonych przez Hartmuta H\u00f6lla i Jerzego Marchwi\u0144skiego. Jest laureatem Konkursu dla Duet\u00f3w Pie\u015bniarskich w Niemczech. Wykona\u0142 ponad 40 recitali w Europie, m.in. podczas uroczysto\u015bci zamkni\u0119cia Roku Lutos\u0142awskiego w Austrii, otwarcia Akademii Kameralistyki we Francji oraz na zaproszenie Uniwersytetu Bosforskiego, w czasie Dni Polskich w Wiedniu. Wsp\u00f3\u0142pracuje z Filharmoni\u0105 Narodow\u0105 oraz Filharmoni\u0105 im. A. Rubinsteina w \u0141odzi. Prowadzi klas\u0119 kameralistyki w Zespole Szk\u00f3\u0142 Muzycznych w\u00a0\u0141odzi.<\/p>\n<p><a href=\"http:\/\/fundacjaoda.pl\/wp-content\/uploads\/2015\/05\/j.jpg\"><img loading=\"lazy\" class=\"alignnone size-full wp-image-4915\" style=\"margin-right: 10px;\" src=\"http:\/\/fundacjaoda.pl\/wp-content\/uploads\/2015\/05\/j.jpg\" alt=\"j\" width=\"25%\" height=\"25%\" align=\"left\" srcset=\"http:\/\/fundacjaoda.pl\/wp-content\/uploads\/2015\/05\/j.jpg 819w, http:\/\/fundacjaoda.pl\/wp-content\/uploads\/2015\/05\/j-150x103.jpg 150w\" sizes=\"(max-width: 819px) 100vw, 819px\" \/><\/a><a href=\"http:\/\/fundacjaoda.pl\/wp-content\/uploads\/2015\/05\/h.jpg\"><img loading=\"lazy\" class=\"alignnone size-full wp-image-4913\" style=\"margin-left: 10px;\" src=\"http:\/\/fundacjaoda.pl\/wp-content\/uploads\/2015\/05\/h.jpg\" alt=\"h\" width=\"25%\" height=\"25%\" align=\"right\" srcset=\"http:\/\/fundacjaoda.pl\/wp-content\/uploads\/2015\/05\/h.jpg 818w, http:\/\/fundacjaoda.pl\/wp-content\/uploads\/2015\/05\/h-150x103.jpg 150w\" sizes=\"(max-width: 818px) 100vw, 818px\" \/><\/a>Na program koncertu z\u0142o\u017cy si\u0119 utwory z oper, operetek i musicali takich jak: <em>\u201eKsi\u0119\u017cniczka czardasza\u201d<\/em> I. Kalmana, <em>\u201eGiuditta\u201d<\/em> i <em>&#8222;Weso\u0142a Wd\u00f3wka&#8221;<\/em> F. Lehara, <em>\u201eCarmen\u201d<\/em> G. Bizeta, <em>\u201eZemsta nietoperza\u201d<\/em> J.\u00a0Straussa, <em>&#8222;Porgy and Bess\u201d<\/em> z muzyk\u0105 G. Gershwina, <em>\u201eMy Fair Lady\u201d<\/em> z muzyk\u0105 F. Loewe\u2019a, <em>\u201ePerichola\u201d<\/em> J. Offenbacha oraz <em>&#8222;Czarnoksi\u0119\u017cnik z Krainy Oz&#8221;<\/em> z muzyk\u0105 H. Arlena. Dzi\u0119ki rozdanym wraz z programem tekst\u00f3w dw\u00f3ch popularnych arii operetkowych <em>\u201eUsta milcz\u0105, dusza \u015bpiewa\u201d<\/em> oraz <em>\u201eCo si\u0119 dzieje, oszalej\u0119\u201d<\/em> wszyscy w\u0142\u0105czyli si\u0119 do wsp\u00f3lnego \u015bpiewania. A poniewa\u017c sala wype\u0142niona by\u0142a po brzegi, a nawet za brzegami, bo go\u015bcie siedzieli r\u00f3wnie\u017c na schodach, ch\u00f3r brzmia\u0142 naprawd\u0119 imponuj\u0105co. R\u00f3wnie\u017c prosty refren piosenki neapolita\u0144skiej &#8222;<em>Funicul\u00ec, funicul\u00e0<\/em>&#8221; L.\u00a0Denza wykonany wsp\u00f3lnie pod batut\u0105 Lizy sprawi\u0142 zebranym du\u017c\u0105 przyjemno\u015b\u0107.<\/p>\n<p><a href=\"http:\/\/fundacjaoda.pl\/wp-content\/uploads\/2015\/05\/d.jpg\"><img loading=\"lazy\" class=\"alignnone size-full wp-image-4909\" style=\"margin-right: 10px;\" src=\"http:\/\/fundacjaoda.pl\/wp-content\/uploads\/2015\/05\/d.jpg\" alt=\"d\" width=\"25%\" height=\"25%\" align=\"left\" srcset=\"http:\/\/fundacjaoda.pl\/wp-content\/uploads\/2015\/05\/d.jpg 815w, http:\/\/fundacjaoda.pl\/wp-content\/uploads\/2015\/05\/d-150x104.jpg 150w\" sizes=\"(max-width: 815px) 100vw, 815px\" \/><\/a><a href=\"http:\/\/fundacjaoda.pl\/wp-content\/uploads\/2015\/05\/g.jpg\"><img loading=\"lazy\" class=\"alignnone size-full wp-image-4912\" style=\"margin-left: 10px;\" src=\"http:\/\/fundacjaoda.pl\/wp-content\/uploads\/2015\/05\/g.jpg\" alt=\"g\" width=\"25%\" height=\"25%\" align=\"right\" srcset=\"http:\/\/fundacjaoda.pl\/wp-content\/uploads\/2015\/05\/g.jpg 822w, http:\/\/fundacjaoda.pl\/wp-content\/uploads\/2015\/05\/g-150x103.jpg 150w\" sizes=\"(max-width: 822px) 100vw, 822px\" \/><\/a>Pe\u0142na wdzi\u0119ku i wigoru artystka nie poprzesta\u0142a na brawurowym wykonaniu zawartych w programie utwor\u00f3w. Wykonuj\u0105c ari\u0119 Giuditty <em>\u201eKto me usta ca\u0142uje, ten \u015bni&#8221;<\/em> Liza obdarowa\u0142a pan\u00f3w z\u00a0widowni p\u0105sowymi r\u00f3\u017cami, \u015bpiewaj\u0105c ari\u0119 <em>\u201eUsta milcz\u0105, dusza \u015bpiewa\u201d<\/em> porwa\u0142a do walca Leszka Patejuka.\u00a0Sw\u00f3j wyst\u0119p artystka zako\u0144czy\u0142a utw\u00f3rem <em>\u201eAmigos para siempre\u201d<\/em> (<em>\u201e\u017begnajcie przyjaciele\u201d<\/em>) skomponowanym przez A. L. Webbera.<\/p>\n<p>Po zako\u0144czonym koncercie, w imieniu Pani Burmistrz, pan Adrian Biel podzi\u0119kowa\u0142 artystom i organizatorom za w\u0142\u0105czenie si\u0119 w obchody Dni Wo\u0142omina.<br \/>\n<a href=\"http:\/\/fundacjaoda.pl\/wp-content\/uploads\/2015\/05\/n.jpg\"><img loading=\"lazy\" class=\"alignnone size-full wp-image-4919\" src=\"http:\/\/fundacjaoda.pl\/wp-content\/uploads\/2015\/05\/n.jpg\" alt=\"n\" width=\"30%\" height=\"30%\" srcset=\"http:\/\/fundacjaoda.pl\/wp-content\/uploads\/2015\/05\/n.jpg 822w, http:\/\/fundacjaoda.pl\/wp-content\/uploads\/2015\/05\/n-150x103.jpg 150w\" sizes=\"(max-width: 822px) 100vw, 822px\" \/><\/a><a href=\"http:\/\/fundacjaoda.pl\/wp-content\/uploads\/2015\/05\/m.jpg\"><img loading=\"lazy\" class=\"alignnone size-full wp-image-4918\" src=\"http:\/\/fundacjaoda.pl\/wp-content\/uploads\/2015\/05\/m.jpg\" alt=\"m\" width=\"30%\" height=\"30%\" srcset=\"http:\/\/fundacjaoda.pl\/wp-content\/uploads\/2015\/05\/m.jpg 822w, http:\/\/fundacjaoda.pl\/wp-content\/uploads\/2015\/05\/m-150x103.jpg 150w\" sizes=\"(max-width: 822px) 100vw, 822px\" \/><\/a><a href=\"http:\/\/fundacjaoda.pl\/wp-content\/uploads\/2015\/05\/o.jpg\"><img loading=\"lazy\" class=\"alignnone size-full wp-image-4920\" src=\"http:\/\/fundacjaoda.pl\/wp-content\/uploads\/2015\/05\/o.jpg\" alt=\"o\" width=\"30%\" height=\"30%\" srcset=\"http:\/\/fundacjaoda.pl\/wp-content\/uploads\/2015\/05\/o.jpg 822w, http:\/\/fundacjaoda.pl\/wp-content\/uploads\/2015\/05\/o-150x103.jpg 150w\" sizes=\"(max-width: 822px) 100vw, 822px\" \/><\/a><\/p>\n<p><strong><a href=\"http:\/\/fundacjaoda.pl\/wp-content\/uploads\/2015\/05\/str.4pdf.pdf\" target=\"_blank\">Wi\u0119cej&#8230;<\/a> <a title=\"Galeria \u2013 Bo to jest mi\u0142o\u015b\u0107\" href=\"http:\/\/fundacjaoda.pl\/?page_id=4921\">Galeria<\/a><\/strong><\/p>\n<p><a href=\"http:\/\/fundacjaoda.pl\/?p=5081\" title=\"Wiecz\u00f3r Moniuszkowski\"><strong>Powr\u00f3t<\/strong><\/a><\/p>\n","protected":false},"excerpt":{"rendered":"<p>tekst: Anna Machowska 12 maja 2015 r. rozpocz\u0119\u0142y si\u0119 w naszym mie\u015bcie Dni Wo\u0142omina. Pod patronatem Pani Burmistrz El\u017cbiety Radwan odbywa si\u0119 szereg wydarze\u0144 kulturalnych i sportowych oraz r\u00f3\u017cnych uroczysto\u015bci wa\u017cnych z punktu widzenia naszej lokalnej historii. Izba Muzealna Wodiczk\u00f3w w\u0142\u0105czy\u0142a si\u0119 w obchody Dni Wo\u0142omina koncertem arii operetkowych i \u2026 <a href=\"http:\/\/fundacjaoda.pl\/?page_id=4928\"> Continue reading <span class=\"meta-nav\">&rarr; <\/span><\/a><\/p>\n","protected":false},"author":1,"featured_media":0,"parent":0,"menu_order":0,"comment_status":"closed","ping_status":"closed","template":"","meta":[],"_links":{"self":[{"href":"http:\/\/fundacjaoda.pl\/index.php?rest_route=\/wp\/v2\/pages\/4928"}],"collection":[{"href":"http:\/\/fundacjaoda.pl\/index.php?rest_route=\/wp\/v2\/pages"}],"about":[{"href":"http:\/\/fundacjaoda.pl\/index.php?rest_route=\/wp\/v2\/types\/page"}],"author":[{"embeddable":true,"href":"http:\/\/fundacjaoda.pl\/index.php?rest_route=\/wp\/v2\/users\/1"}],"replies":[{"embeddable":true,"href":"http:\/\/fundacjaoda.pl\/index.php?rest_route=%2Fwp%2Fv2%2Fcomments&post=4928"}],"version-history":[{"count":56,"href":"http:\/\/fundacjaoda.pl\/index.php?rest_route=\/wp\/v2\/pages\/4928\/revisions"}],"predecessor-version":[{"id":5670,"href":"http:\/\/fundacjaoda.pl\/index.php?rest_route=\/wp\/v2\/pages\/4928\/revisions\/5670"}],"wp:attachment":[{"href":"http:\/\/fundacjaoda.pl\/index.php?rest_route=%2Fwp%2Fv2%2Fmedia&parent=4928"}],"curies":[{"name":"wp","href":"https:\/\/api.w.org\/{rel}","templated":true}]}}