{"id":3562,"date":"2015-02-24T18:46:19","date_gmt":"2015-02-24T17:46:19","guid":{"rendered":"http:\/\/fundacjaoda.pl\/?page_id=3562"},"modified":"2016-04-14T08:19:56","modified_gmt":"2016-04-14T06:19:56","slug":"warsztaty-tworzenia-swiec","status":"publish","type":"page","link":"http:\/\/fundacjaoda.pl\/?page_id=3562","title":{"rendered":"\u015awiece"},"content":{"rendered":"<p>\u015awiece u\u017cywane s\u0105 co najmniej od kilku tysi\u0119cy lat. Wytwarzano je pocz\u0105tkowo z lnu oblewanego woskiem i smo\u0142\u0105, p\u00f3\u017aniej wykorzystywano tak\u017ce t\u0142uszcz zwierz\u0119cy. Obecnie stosuje si\u0119 najcz\u0119\u015bciej parafin\u0119 i stearyn\u0119.<br \/>\n<strong>\u015awiat\u0142o \u015bwiec w religiach<\/strong><br \/>\nW religii chrze\u015bcija\u0144skiej \u015bwiat\u0142o \u015bwiecy symbolizuje Jezusa Chrystusa. \u015awiece, zwane gromnicami, zawsze p\u0142on\u0105 na o\u0142tarzu w trakcie sprawowania Mszy \u015awi\u0119tej. Towarzysz\u0105 wiernym podczas Chrztu \u015awi\u0119tego, w r\u00f3\u017cnych \u015bwi\u0119tach religijnych np. Matki Bo\u017cej Gromnicznej czy w \u015awi\u0119to Zmar\u0142ych.<br \/>\nW religii \u017cydowskiej \u015awi\u0119tem \u015awiat\u0142a zwanym Chanuk\u0105 towarzyszy rytua\u0142 zapalania \u015bwiec (kiedy\u015b u\u017cywano metalowych lub glinianych lampek oliwnych) przez osiem kolejnych dni w specjalnym \u015bwieczniku zwanym chanukij\u0105. \u015awiece zapala g\u0142owa domu wyg\u0142aszaj\u0105c b\u0142ogos\u0142awie\u0144stwa.<br \/>\nW religii prawos\u0142awnej p\u0142omie\u0144 \u015bwiecy to \u015bwiadectwo wiary, udzia\u0142u cz\u0142owieka w Boskiej \u015bwiat\u0142o\u015bci, oznacza mi\u0142o\u015b\u0107 do Pana Boga, Matki Bo\u017cej, anio\u0142\u00f3w i \u015bwi\u0119tych. \u015awiece powinny by\u0107 zapalane podczas odmawianej modlitwy.<br \/>\n\u015awieca wr\u0119czana przez kap\u0142ana nowo\u017ce\u0144com podczas \u015blubu jest symbolem rado\u015bci, ciep\u0142a i czysto\u015bci.<br \/>\n<strong>\u015awiece domowe<\/strong><br \/>\n\u015awiece wytwarzane na warsztatach r\u0119kodzielniczych wykorzystywane s\u0105 najcz\u0119\u015bciej ze wzgl\u0119du na walory estetyczne, dla podkre\u015blenia wyj\u0105tkowego charakteru r\u00f3\u017cnych uroczysto\u015bci i dla stworzenia romantycznego nastroju. W\u0142asnor\u0119cznie zrobiona \u015bwieca mo\u017ce by\u0107 doskona\u0142ym pomys\u0142em na prezent.<br \/>\nNa \u201eWarsztatach tworzenia \u015bwiec\u201d uczestnicy nauczyli si\u0119 robi\u0107 \u015bwiece lane i sypane. W zale\u017cno\u015bci od w\u0142asnej inwencji tw\u00f3rczej przybra\u0142y one r\u00f3\u017cne kolory, kszta\u0142ty i rozmiary.<br \/>\nDo zrobienia \u015bwiec domowym sposobem mo\u017cna wykorzysta\u0107 pojemniki po produktach \u017cywno\u015bciowych i kosmetycznych (szklanki, puszki, flakoniki), b\u0119d\u0105 mia\u0142y wtedy niepowtarzalne wzory i ochroni\u0105 nasze \u015brodowisko przed za\u015bmiecaniem. Szczeg\u00f3lne znaczenie maj\u0105 zapachy ro\u015blinne dodawane do parafiny. Olejki eteryczne znajduj\u0105ce si\u0119 w kwiatach, uwalniaj\u0105ce si\u0119 pod wp\u0142ywem spalania, powoduj\u0105 cyrkulacj\u0119 energii, a tym samym wp\u0142ywaj\u0105 na popraw\u0119 naszego samopoczucia. <a title=\"Galeria \u2013 warsztaty tworzenia \u015bwiec\" href=\"http:\/\/fundacjaoda.pl\/?page_id=3660\">Galeria<\/a><\/p>\n","protected":false},"excerpt":{"rendered":"<p>\u015awiece u\u017cywane s\u0105 co najmniej od kilku tysi\u0119cy lat. Wytwarzano je pocz\u0105tkowo z lnu oblewanego woskiem i smo\u0142\u0105, p\u00f3\u017aniej wykorzystywano tak\u017ce t\u0142uszcz zwierz\u0119cy. Obecnie stosuje si\u0119 najcz\u0119\u015bciej parafin\u0119 i stearyn\u0119. \u015awiat\u0142o \u015bwiec w religiach W religii chrze\u015bcija\u0144skiej \u015bwiat\u0142o \u015bwiecy symbolizuje Jezusa Chrystusa. \u015awiece, zwane gromnicami, zawsze p\u0142on\u0105 na o\u0142tarzu w \u2026 <a href=\"http:\/\/fundacjaoda.pl\/?page_id=3562\"> Continue reading <span class=\"meta-nav\">&rarr; <\/span><\/a><\/p>\n","protected":false},"author":1,"featured_media":0,"parent":0,"menu_order":0,"comment_status":"closed","ping_status":"closed","template":"","meta":[],"_links":{"self":[{"href":"http:\/\/fundacjaoda.pl\/index.php?rest_route=\/wp\/v2\/pages\/3562"}],"collection":[{"href":"http:\/\/fundacjaoda.pl\/index.php?rest_route=\/wp\/v2\/pages"}],"about":[{"href":"http:\/\/fundacjaoda.pl\/index.php?rest_route=\/wp\/v2\/types\/page"}],"author":[{"embeddable":true,"href":"http:\/\/fundacjaoda.pl\/index.php?rest_route=\/wp\/v2\/users\/1"}],"replies":[{"embeddable":true,"href":"http:\/\/fundacjaoda.pl\/index.php?rest_route=%2Fwp%2Fv2%2Fcomments&post=3562"}],"version-history":[{"count":5,"href":"http:\/\/fundacjaoda.pl\/index.php?rest_route=\/wp\/v2\/pages\/3562\/revisions"}],"predecessor-version":[{"id":3663,"href":"http:\/\/fundacjaoda.pl\/index.php?rest_route=\/wp\/v2\/pages\/3562\/revisions\/3663"}],"wp:attachment":[{"href":"http:\/\/fundacjaoda.pl\/index.php?rest_route=%2Fwp%2Fv2%2Fmedia&parent=3562"}],"curies":[{"name":"wp","href":"https:\/\/api.w.org\/{rel}","templated":true}]}}