{"id":3282,"date":"2015-02-16T13:29:17","date_gmt":"2015-02-16T12:29:17","guid":{"rendered":"http:\/\/fundacjaoda.pl\/?page_id=3282"},"modified":"2015-03-02T18:40:59","modified_gmt":"2015-03-02T17:40:59","slug":"helena-baronicz","status":"publish","type":"page","link":"http:\/\/fundacjaoda.pl\/?page_id=3282","title":{"rendered":"Helena Baronicz"},"content":{"rendered":"<p><em>Autor Cezary Waszczy\u0144ski, s\u0142owo wst\u0119pne do tomiku poezji pt. &#8222;Wizerunek&#8221;<\/em><\/p>\n<p><a href=\"http:\/\/fundacjaoda.pl\/wp-content\/uploads\/2014\/10\/Poezja.gif\"><img loading=\"lazy\" src=\"http:\/\/fundacjaoda.pl\/wp-content\/uploads\/2014\/10\/Poezja.gif\" alt=\"Poezja\" style=\"margin-right: 10px;\"  width=\"25%\" height=\"25%\" class=\"alignnone size-full wp-image-3286\" align=\"left\" \/><\/a><\/p>\n<p>Poezja Heleny Baronicz, do\u015b\u0107 obszerna i r\u00f3\u017cnorodna, sk\u0142adaj\u0105ca si\u0119 z kilku kr\u0119g\u00f3w tematycznych, jest chyba typow\u0105 poezj\u0105 kobiec\u0105, charakterystyczn\u0105 dla autorek o du\u017cym do\u015bwiadczeniu \u017cyciowym.<br \/>\nUderzaj\u0105ce jest podobie\u0144stwo tych utwor\u00f3w do najbardziej znanych wierszy I\u0142\u0142akowicz\u00f3wny; co najmniej po\u0142owa tekst\u00f3w Heleny Baronicz ma ten sam klimat i nastr\u00f3j, a nawet podobne akcesoria: s\u0105 tu wr\u00f3\u017cki, czarodziejki, dobre duszki, zjawy, smoki &#8211; specyficzny \u015bwiat poetycki, bliski bardzo cz\u0119sto kobietom-poetkom. R\u00f3wnie\u017c styl tych wierszy przypomina I\u0142\u0142akowicz\u00f3wn\u0119.<\/p>\n<p>Autorka widzi siebie jako Dam\u0119-Cygank\u0119; spora cz\u0119\u015b\u0107 jej utwor\u00f3w po\u015bwi\u0119cona\u00a0jest Cyganom i cyga\u0144sko\u015bci, \u017cyciu w taborze i muzyce w\u0119drownego ludu; szczeg\u00f3lnie podkre\u015blony zosta\u0142 sentyment do czardasza. Zastanawianie si\u0119 nad w\u0142asn\u0105 osobowo\u015bci\u0105, dostrzeganie w dobie dw\u00f3ch sprzecznych \u015bwiat\u00f3w, refleksje nad \u017cyciem, up\u0142ywem czasu, nad szcz\u0119\u015bciem, mi\u0142o\u015bci\u0105 i w\u0142asn\u0105 rodzin\u0105 &#8211; to najcz\u0119\u015bciej pojawiaj\u0105ce si\u0119 motywy w tw\u00f3rczo\u015bci Heleny Baronicz. S\u0105 w jej wierszach zawarte wspomnienia z poprzedniego wcielenia sugestia z zakresu wiary w&nbsp;reinkarnacj\u0119), a tak\u017ce wizja \u017cycia po\u015bmiertnego, osadzonego w kosmosie.<\/p>\n<p>Najkr\u00f3tsze utwory cz\u0119sto skierowane s\u0105 do Boga: to rozmaite \u017cyczenia, pro\u015bby o zdrowie, szcz\u0119\u015bcie i pomy\u015bln\u0105 przysz\u0142o\u015b\u0107 &#8211; dla siebie, rodziny, przyjaci\u00f3\u0142 i znajomych, dla ca\u0142ej ludzko\u015bci. Poetka opowiada si\u0119 przeciwko cierpieniu, domaga si\u0119 szcz\u0119\u015bcia dla cz\u0142owieka i uzasadnia jego niezb\u0119dno\u015b\u0107 w \u017cyciu i pracy wszystkich ludzi.<\/p>\n<p>&nbsp;<\/p>\n","protected":false},"excerpt":{"rendered":"<p>Autor Cezary Waszczy\u0144ski, s\u0142owo wst\u0119pne do tomiku poezji pt. &#8222;Wizerunek&#8221; Poezja Heleny Baronicz, do\u015b\u0107 obszerna i r\u00f3\u017cnorodna, sk\u0142adaj\u0105ca si\u0119 z kilku kr\u0119g\u00f3w tematycznych, jest chyba typow\u0105 poezj\u0105 kobiec\u0105, charakterystyczn\u0105 dla autorek o du\u017cym do\u015bwiadczeniu \u017cyciowym. Uderzaj\u0105ce jest podobie\u0144stwo tych utwor\u00f3w do najbardziej znanych wierszy I\u0142\u0142akowicz\u00f3wny; co najmniej po\u0142owa tekst\u00f3w Heleny \u2026 <a href=\"http:\/\/fundacjaoda.pl\/?page_id=3282\"> Continue reading <span class=\"meta-nav\">&rarr; <\/span><\/a><\/p>\n","protected":false},"author":1,"featured_media":0,"parent":0,"menu_order":0,"comment_status":"closed","ping_status":"closed","template":"","meta":[],"_links":{"self":[{"href":"http:\/\/fundacjaoda.pl\/index.php?rest_route=\/wp\/v2\/pages\/3282"}],"collection":[{"href":"http:\/\/fundacjaoda.pl\/index.php?rest_route=\/wp\/v2\/pages"}],"about":[{"href":"http:\/\/fundacjaoda.pl\/index.php?rest_route=\/wp\/v2\/types\/page"}],"author":[{"embeddable":true,"href":"http:\/\/fundacjaoda.pl\/index.php?rest_route=\/wp\/v2\/users\/1"}],"replies":[{"embeddable":true,"href":"http:\/\/fundacjaoda.pl\/index.php?rest_route=%2Fwp%2Fv2%2Fcomments&post=3282"}],"version-history":[{"count":7,"href":"http:\/\/fundacjaoda.pl\/index.php?rest_route=\/wp\/v2\/pages\/3282\/revisions"}],"predecessor-version":[{"id":3992,"href":"http:\/\/fundacjaoda.pl\/index.php?rest_route=\/wp\/v2\/pages\/3282\/revisions\/3992"}],"wp:attachment":[{"href":"http:\/\/fundacjaoda.pl\/index.php?rest_route=%2Fwp%2Fv2%2Fmedia&parent=3282"}],"curies":[{"name":"wp","href":"https:\/\/api.w.org\/{rel}","templated":true}]}}