{"id":20541,"date":"2025-09-24T13:29:31","date_gmt":"2025-09-24T11:29:31","guid":{"rendered":"http:\/\/fundacjaoda.pl\/?page_id=20541"},"modified":"2025-09-24T13:31:06","modified_gmt":"2025-09-24T11:31:06","slug":"adam-motyczynski","status":"publish","type":"page","link":"http:\/\/fundacjaoda.pl\/?page_id=20541","title":{"rendered":"Adam Motyczy\u0144ski"},"content":{"rendered":"\n<p><a href=\"http:\/\/fundacjaoda.pl\/wp-content\/uploads\/2025\/09\/Adam-Motyczynski.jpg\"><img loading=\"lazy\" class=\"alignnone size-full wp-image-10264\" style=\"margin-right: 10px;\" src=\"http:\/\/fundacjaoda.pl\/wp-content\/uploads\/2025\/09\/Adam-Motyczynski.jpg\" alt=\"kol-2017-2\" width=\"25%\" height=\"25%\" align=\"left\"><\/a>Adam Motyczy\u0144ski \u2013 organista, pianista, akordeonista, kameralista, dyrygent, M\u0105\u017c i Tata. Uko\u0144czy\u0142 szko\u0142\u0119 muzyczn\u0105 I-go stopnia im. Fryderyka Chopina w&nbsp;Warszawie w klasie akordeonu (2005), Instytutu Szkolenia Organist\u00f3w przy Papieskim Wydziale Teologicznym w&nbsp;Warszawie (2009).<\/p>\n<p>Jest absolwentem studi\u00f3w I-go stopnia na kierunku Muzykologia Teoretyczna i&nbsp;Stosowana, na&nbsp;Uniwersytecie Kardyna\u0142a Stefana Wyszy\u0144skiego (2015) oraz studi\u00f3w II-go stopnia na&nbsp;Uniwersytecie Muzycznym Fryderyka Chopina w&nbsp;Warszawie na Wydziale Dyrygentury Ch\u00f3ralnej, Edukacji Muzycznej, Muzyki Ko\u015bcielnej, Rytmiki i Ta\u0144ca na kierunku Muzyka Ko\u015bcielna, uzyskuj\u0105c tytu\u0142 magistra sztuki (2019).<\/p>\n<p>W 2013 roku uczestniczy\u0142 w kursach organowych prowadzonych przez prof. Ennio Cominettiego w&nbsp;Val Geroli we W\u0142oszech, w 2017 w Gravedonie we W\u0142oszech w kursach mistrzowskich.<\/p>\n<p>W latach 2017-2023 by\u0142 jednym z prowadz\u0105cych Michalickie Warsztaty Liturgiczno\u2013Muzyczne jako aran\u017cer i dyrygent. Jest pomys\u0142odawc\u0105 cyklu koncert\u00f3w klasycznych, rozbrzmiewaj\u0105cych po ka\u017cdej Mszy \u015awi\u0119tej w&nbsp;Parafii Matki Bo\u017cej Kr\u00f3lowej Anio\u0142\u00f3w, gdzie od 14 lat pe\u0142ni funkcj\u0119 organisty oraz\ndyrygenta liturgicznego ch\u00f3ru doros\u0142ych tej\u017ce parafii.\nWyst\u0119puje jako akompaniator oraz solowy instrumentalista na fortepianie, akordeonie, organach, a tak\u017ce jako dyrygent.<\/p>\n","protected":false},"excerpt":{"rendered":"<p>Adam Motyczy\u0144ski \u2013 organista, pianista, akordeonista, kameralista, dyrygent, M\u0105\u017c i Tata. Uko\u0144czy\u0142 szko\u0142\u0119 muzyczn\u0105 I-go stopnia im. Fryderyka Chopina w&nbsp;Warszawie w klasie akordeonu (2005), Instytutu Szkolenia Organist\u00f3w przy Papieskim Wydziale Teologicznym w&nbsp;Warszawie (2009). Jest absolwentem studi\u00f3w I-go stopnia na kierunku Muzykologia Teoretyczna i&nbsp;Stosowana, na&nbsp;Uniwersytecie Kardyna\u0142a Stefana Wyszy\u0144skiego (2015) oraz studi\u00f3w \u2026 <a href=\"http:\/\/fundacjaoda.pl\/?page_id=20541\"> Continue reading <span class=\"meta-nav\">&rarr; <\/span><\/a><\/p>\n","protected":false},"author":1,"featured_media":0,"parent":0,"menu_order":0,"comment_status":"closed","ping_status":"closed","template":"","meta":[],"_links":{"self":[{"href":"http:\/\/fundacjaoda.pl\/index.php?rest_route=\/wp\/v2\/pages\/20541"}],"collection":[{"href":"http:\/\/fundacjaoda.pl\/index.php?rest_route=\/wp\/v2\/pages"}],"about":[{"href":"http:\/\/fundacjaoda.pl\/index.php?rest_route=\/wp\/v2\/types\/page"}],"author":[{"embeddable":true,"href":"http:\/\/fundacjaoda.pl\/index.php?rest_route=\/wp\/v2\/users\/1"}],"replies":[{"embeddable":true,"href":"http:\/\/fundacjaoda.pl\/index.php?rest_route=%2Fwp%2Fv2%2Fcomments&post=20541"}],"version-history":[{"count":5,"href":"http:\/\/fundacjaoda.pl\/index.php?rest_route=\/wp\/v2\/pages\/20541\/revisions"}],"predecessor-version":[{"id":20548,"href":"http:\/\/fundacjaoda.pl\/index.php?rest_route=\/wp\/v2\/pages\/20541\/revisions\/20548"}],"wp:attachment":[{"href":"http:\/\/fundacjaoda.pl\/index.php?rest_route=%2Fwp%2Fv2%2Fmedia&parent=20541"}],"curies":[{"name":"wp","href":"https:\/\/api.w.org\/{rel}","templated":true}]}}