{"id":20525,"date":"2025-09-24T13:15:47","date_gmt":"2025-09-24T11:15:47","guid":{"rendered":"http:\/\/fundacjaoda.pl\/?page_id=20525"},"modified":"2025-09-24T13:25:54","modified_gmt":"2025-09-24T11:25:54","slug":"sylwia-krzywda-motyczynska","status":"publish","type":"page","link":"http:\/\/fundacjaoda.pl\/?page_id=20525","title":{"rendered":"Sylwia Krzywda-Motyczy\u0144ska"},"content":{"rendered":"\n<p><a href=\"http:\/\/fundacjaoda.pl\/wp-content\/uploads\/2025\/09\/Sylwia-Krzywda-Motyczynska.jpg\"><img loading=\"lazy\" class=\"alignnone size-full wp-image-10264\" style=\"margin-right: 10px;\" src=\"http:\/\/fundacjaoda.pl\/wp-content\/uploads\/2025\/09\/Sylwia-Krzywda-Motyczynska.jpg\" alt=\"kol-2017-2\" width=\"25%\" height=\"25%\" align=\"left\" \/><\/a>Sylwia Krzywda-Motyczy\u0144ska &#8211; dyrygent, ch\u00f3rmistrz, \u015bpiewaczka, trener wokalny. Absolwentka Pa\u0144stwowej Szko\u0142y Muzycznej I i II stopnia, im. Artura Malawskiego w&nbsp;Przemy\u015blu, w klasie skrzypiec oraz Akademii Muzycznej im Fryderyka Chopina w&nbsp;Warszawie. Studia uko\u0144czy\u0142a w 2005 roku, uzyskuj\u0105c tytu\u0142 magistra sztuki w&nbsp;specjalno\u015bci dyrygentura ch\u00f3ralna. Podczas studi\u00f3w dyrygenckich kszta\u0142ci\u0142a sw\u00f3j g\u0142os pod okiem wybitnych pedagog\u00f3w oraz solist\u00f3w Opery Narodowej. Uko\u0144czy\u0142a tak\u017ce Podyplomowe Studia Emisji G\u0142osu w Akademii Muzycznej im. Feliksa Nowowiejskiego w Bydgoszczy oraz przy Narodowym Centrum Kultury w&nbsp;Warszawie, kt\u00f3re to studia uko\u0144czy\u0142a z wyr\u00f3\u017cnieniem. Jest r\u00f3wnie\u017c pomys\u0142odawc\u0105, za\u0142o\u017cycielem, kierownikiem artystycznym i dyrygentem Ch\u00f3ru Komendy Sto\u0142ecznej Policji z kt\u00f3rym nieprzerwanie koncertuje ju\u017c od 20 lat, tak\u017ce jako solistka. W latach\n2007-2022 by\u0142a dyrygentem Ch\u00f3ru \u201eSentito\u201d a od 2022 roku zosta\u0142a dyrygentem\nCh\u00f3ru Miejskiego w Wo\u0142ominie. Przez 20 lat pracy jako ch\u00f3rmistrz z prowadzonymi przez siebie ch\u00f3rami, zdoby\u0142a szereg wyr\u00f3\u017cnie\u0144 i nagr\u00f3d na konkursach i&nbsp;festiwalach. Kierownik muzyczny dw\u00f3ch du\u017cych projekt\u00f3w: \u201ePi\u0119kna nasza Polska ca\u0142a\u201d oraz \u201eDroga do Niepodleg\u0142o\u015bci\u201d, kt\u00f3re odby\u0142y si\u0119 w powiecie wo\u0142omi\u0144skim w latach 2016-2018, a w kt\u00f3rych udzia\u0142 wzi\u0119\u0142o ponad dwustu wykonawc\u00f3w.\n<p>Jako solistka wsp\u00f3\u0142pracuje z zespo\u0142ami orkiestrowymi, a tak\u017ce prowadzi warsztaty wokalne z ch\u00f3rami ale tak\u017ce osobami zawodowo pracuj\u0105cymi g\u0142osem w mowie, na&nbsp;terenie ca\u0142ego kraju. <\/p>\n<p>W \u015bpiewie solowym szczeg\u00f3lnie ceni sobie literatur\u0119 polsk\u0105, w tym tak\u017ce szeroko poj\u0119t\u0105 muzyk\u0119 patriotyczn\u0105, ale jej najwi\u0119ksz\u0105 pasj\u0105 jest muzyka operetkowa. Jest zdobywczyni\u0105 nagrody specjalnej za wyr\u00f3\u017cniaj\u0105ce si\u0119 wykonanie arii operetkowych podczas Festiwalu Letniej Akademii \u015apiewu w Sopocie, a tak\u017ce pomys\u0142odawczyni\u0105 zespo\u0142u Ma\u0142ej Operetki Bis z kt\u00f3rym koncertuje. Przez 15 lat zwi\u0105zana z edukacj\u0105 w szko\u0142ach muzycznych i&nbsp;og\u00f3lnokszta\u0142c\u0105cych, stara si\u0119 zach\u0119ca\u0107 m\u0142odzie\u017c do odkrywania muzyki i \u015bpiewu, pracuj\u0105c z nimi zar\u00f3wno indywidualnie jak i&nbsp;zespo\u0142owo.\nUwa\u017ca, \u017ce \u015bpiew to dziedzina interdyscyplinarna dlatego swoim uczniom, ch\u00f3rzystom stara si\u0119 przedstawia\u0107 ludzki g\u0142os w szerokim uj\u0119ciu dyscyplin takich jak: anatomia i&nbsp;fizjologia, psychologia czy fizyka. <\/p>\n<p>Prywatnie jest \u017con\u0105 i mam\u0105 oraz opiekunk\u0105 nie swojego kota, Jety. <\/p>\n","protected":false},"excerpt":{"rendered":"<p>Sylwia Krzywda-Motyczy\u0144ska &#8211; dyrygent, ch\u00f3rmistrz, \u015bpiewaczka, trener wokalny. Absolwentka Pa\u0144stwowej Szko\u0142y Muzycznej I i II stopnia, im. Artura Malawskiego w&nbsp;Przemy\u015blu, w klasie skrzypiec oraz Akademii Muzycznej im Fryderyka Chopina w&nbsp;Warszawie. Studia uko\u0144czy\u0142a w 2005 roku, uzyskuj\u0105c tytu\u0142 magistra sztuki w&nbsp;specjalno\u015bci dyrygentura ch\u00f3ralna. Podczas studi\u00f3w dyrygenckich kszta\u0142ci\u0142a sw\u00f3j g\u0142os pod okiem \u2026 <a href=\"http:\/\/fundacjaoda.pl\/?page_id=20525\"> Continue reading <span class=\"meta-nav\">&rarr; <\/span><\/a><\/p>\n","protected":false},"author":1,"featured_media":0,"parent":0,"menu_order":0,"comment_status":"closed","ping_status":"closed","template":"","meta":[],"_links":{"self":[{"href":"http:\/\/fundacjaoda.pl\/index.php?rest_route=\/wp\/v2\/pages\/20525"}],"collection":[{"href":"http:\/\/fundacjaoda.pl\/index.php?rest_route=\/wp\/v2\/pages"}],"about":[{"href":"http:\/\/fundacjaoda.pl\/index.php?rest_route=\/wp\/v2\/types\/page"}],"author":[{"embeddable":true,"href":"http:\/\/fundacjaoda.pl\/index.php?rest_route=\/wp\/v2\/users\/1"}],"replies":[{"embeddable":true,"href":"http:\/\/fundacjaoda.pl\/index.php?rest_route=%2Fwp%2Fv2%2Fcomments&post=20525"}],"version-history":[{"count":9,"href":"http:\/\/fundacjaoda.pl\/index.php?rest_route=\/wp\/v2\/pages\/20525\/revisions"}],"predecessor-version":[{"id":20539,"href":"http:\/\/fundacjaoda.pl\/index.php?rest_route=\/wp\/v2\/pages\/20525\/revisions\/20539"}],"wp:attachment":[{"href":"http:\/\/fundacjaoda.pl\/index.php?rest_route=%2Fwp%2Fv2%2Fmedia&parent=20525"}],"curies":[{"name":"wp","href":"https:\/\/api.w.org\/{rel}","templated":true}]}}