{"id":20404,"date":"2025-05-06T13:35:33","date_gmt":"2025-05-06T11:35:33","guid":{"rendered":"http:\/\/fundacjaoda.pl\/?page_id=20404"},"modified":"2025-05-06T13:35:33","modified_gmt":"2025-05-06T11:35:33","slug":"sylwia-mierzejewska-2","status":"publish","type":"page","link":"http:\/\/fundacjaoda.pl\/?page_id=20404","title":{"rendered":"Sylwia Mierzejewska"},"content":{"rendered":"\n<p><a href=\"http:\/\/fundacjaoda.pl\/wp-content\/uploads\/2025\/05\/Sylwia-Mierzejewska.jpg\"><img loading=\"lazy\" class=\"alignnone size-medium wp-image-18854\" style=\"margin-right: 10px;\" src=\"http:\/\/fundacjaoda.pl\/wp-content\/uploads\/2025\/05\/Sylwia-Mierzejewska.jpg\" width=\"20%\" height=\"20%\" align=\"left\"><\/a>Sylwia Mierzejewska uko\u0144czy\u0142a z wyr\u00f3\u017cnieniem Liceum Muzyczne im. Karola Szymanowskiego w Warszawie w&nbsp;klasie prof. Janusza Szoka.<\/p>\n<p>Kontynuowa\u0142a nauk\u0119 u wybitnej pedagog &#8211; prof. Jadwigi Kaliszewskiej &#8211; w Akademii Muzycznej im. Ignacego Jana Paderewskiego w Poznaniu. Studia te uko\u0144czy\u0142a w 1994 roku otrzymuj\u0105c dyplom z wyr\u00f3\u017cnieniem.<\/p>\n<p>Od 1995 pracuje w Orkiestrze Polskiego Radia (dawniej Polskiej Orkiestrze Radiowej), a od 1997 pe\u0142ni funkcj\u0119 jej koncertmistrza. Wsp\u00f3\u0142pracowa\u0142a tak\u017ce z Sinfoni\u0105 Varsovi\u0105, Polsk\u0105 Filharmoni\u0105 Kameraln\u0105 w Gda\u0144sku, Warszawskimi Solistami \u201eConcerto Avenna\u201d i Radomsk\u0105 Orkiestr\u0105 Kameraln\u0105.&nbsp;<\/p>\n<p>Z zespo\u0142ami tymi koncertowa\u0142a w Polsce, Korei i wi\u0119kszo\u015bci kraj\u00f3w europejskich. <\/p>\n<p>Dokona\u0142a wielu nagra\u0144; m.in. <em>Grand Duo Concertante<\/em> Bottesiniego na skrzypce i kontrabas wraz z Adamem Bogackim, muzyki baletowej <em>Bric \u00e0&nbsp;brac<\/em> Tansmana, a tak\u017ce wiele partii solowych &#8211; tak\u017ce z&nbsp;zakresu muzyki filmowej ( Jana A. P. Kaczmarka, Stanis\u0142awa Syrewicza, Abla Korzeniowskiego, Paw\u0142a Mykietyna, Antoniego Komasy-\u0141azarkiewicza).<\/p>\n","protected":false},"excerpt":{"rendered":"<p>Sylwia Mierzejewska uko\u0144czy\u0142a z wyr\u00f3\u017cnieniem Liceum Muzyczne im. Karola Szymanowskiego w Warszawie w&nbsp;klasie prof. Janusza Szoka. Kontynuowa\u0142a nauk\u0119 u wybitnej pedagog &#8211; prof. Jadwigi Kaliszewskiej &#8211; w Akademii Muzycznej im. Ignacego Jana Paderewskiego w Poznaniu. Studia te uko\u0144czy\u0142a w 1994 roku otrzymuj\u0105c dyplom z wyr\u00f3\u017cnieniem. Od 1995 pracuje w Orkiestrze \u2026 <a href=\"http:\/\/fundacjaoda.pl\/?page_id=20404\"> Continue reading <span class=\"meta-nav\">&rarr; <\/span><\/a><\/p>\n","protected":false},"author":1,"featured_media":0,"parent":0,"menu_order":0,"comment_status":"closed","ping_status":"closed","template":"","meta":[],"_links":{"self":[{"href":"http:\/\/fundacjaoda.pl\/index.php?rest_route=\/wp\/v2\/pages\/20404"}],"collection":[{"href":"http:\/\/fundacjaoda.pl\/index.php?rest_route=\/wp\/v2\/pages"}],"about":[{"href":"http:\/\/fundacjaoda.pl\/index.php?rest_route=\/wp\/v2\/types\/page"}],"author":[{"embeddable":true,"href":"http:\/\/fundacjaoda.pl\/index.php?rest_route=\/wp\/v2\/users\/1"}],"replies":[{"embeddable":true,"href":"http:\/\/fundacjaoda.pl\/index.php?rest_route=%2Fwp%2Fv2%2Fcomments&post=20404"}],"version-history":[{"count":6,"href":"http:\/\/fundacjaoda.pl\/index.php?rest_route=\/wp\/v2\/pages\/20404\/revisions"}],"predecessor-version":[{"id":20412,"href":"http:\/\/fundacjaoda.pl\/index.php?rest_route=\/wp\/v2\/pages\/20404\/revisions\/20412"}],"wp:attachment":[{"href":"http:\/\/fundacjaoda.pl\/index.php?rest_route=%2Fwp%2Fv2%2Fmedia&parent=20404"}],"curies":[{"name":"wp","href":"https:\/\/api.w.org\/{rel}","templated":true}]}}