{"id":20071,"date":"2024-06-04T18:41:13","date_gmt":"2024-06-04T16:41:13","guid":{"rendered":"http:\/\/fundacjaoda.pl\/?page_id=20071"},"modified":"2024-06-04T18:44:54","modified_gmt":"2024-06-04T16:44:54","slug":"diana-gemborys-2","status":"publish","type":"page","link":"http:\/\/fundacjaoda.pl\/?page_id=20071","title":{"rendered":"Diana Gemborys"},"content":{"rendered":"\n<p><a href=\"http:\/\/fundacjaoda.pl\/wp-content\/uploads\/2024\/06\/Diana-Gemborys.jpg\"><img loading=\"lazy\" class=\"alignnone size-full wp-image-14646\" style=\"margin-right: 10px;\" src=\"http:\/\/fundacjaoda.pl\/wp-content\/uploads\/2024\/06\/Diana-Gemborys.jpg\" alt=\"OLYMPUS DIGITAL CAMERA\" width=\"25%\" height=\"25%\" align=\"left\"><\/a>Diana Gemborys jest tegoroczn\u0105 absolwentk\u0105 studi\u00f3w magisterskich na Wydziale Wokalno-Aktorskim Uniwersytetu Muzycznego Fryderyka Chopina w Warszawie. Podczas swojej edukacji muzycznej wyst\u0105pi\u0142a na takich scenach jak: Teatr Wielki Opera Narodowa (Sala M\u0142ynarskiego), Filharmonia \u015awi\u0119tokrzyska im. O.&nbsp;Kolberga w Kielcach, Filharmonia Kaliska, Filharmonia Suwa\u0142k, Accademia Nazionale di Santa Cecilia w&nbsp;Rzymie, Studio Koncertowe Polskiego Radia im. W. Lutos\u0142awskiego, Warszawska Opera Kameralna. Artystka jest laureatk\u0105 dw\u00f3ch konkurs\u00f3w wokalnych: Best Brahms Performance (Londyn \u20182020, I nagroda) oraz Best Bach Performance (Londyn\u20182021, II nagroda). By\u0142a r\u00f3wnie\u017c finalistk\u0105 mi\u0119dzynarodowego konkursu &#8222;Stoyan Popov&#8221; w Burgas w 2023 roku. Podczas swojej wy\u017cszej edukacji muzycznej bra\u0142a czynny udzia\u0142 w projektach oraz koncertach Katedry Muzyki Dawnej UMFC. W sezonie 2019\/2020 wsp\u00f3\u0142tworzy\u0142a projekt wykonania Strasznego dworu Moniuszki, kreuj\u0105c posta\u0107 Starej Niewiasty. Bra\u0142a udzia\u0142 w&nbsp;mistrzowskich kursach wokalnych z cyklu Reach the Stars, pod kierunkiem Mariusza Kwietnia oraz Jocelyne Dienst-Bladin, pracuj\u0105c nad tytu\u0142ow\u0105 postaci\u0105 opery Carmen Bizeta. W 2023 roku debiutowa\u0142a rol\u0105 Lucii w&nbsp;koncertowej wersji opery Sroka z\u0142odziejka Rossiniego (projekt uczelniany UMFC). W okresie tym samym roku bra\u0142a czynny udzia\u0142 w projekcie UMFC (we wsp\u00f3\u0142pracy z Teatrem Wielkim-Oper\u0105 Narodow\u0105) wystawienia opery Siostra Angelica Pucciniego, kreuj\u0105c posta\u0107 Ksi\u0119\u017cnej, ciotki g\u0142\u00f3wnej bohaterki opery.<\/p>\n\n\n\n<p>W kr\u0119gu jej zainteresowa\u0144 le\u017cy zar\u00f3wno interpretacja muzyki romantycznej, jak i dwudziestowiecznej. W 2023 roku na UMFC wykona\u0142a solow\u0105 parti\u0119 wokaln\u0105 w j\u0119zyku nahuatl w Cantata para America magica Alberta Ginastery (w 40. rocznic\u0119 \u015bmierci argenty\u0144skiego kompozytora). Artystka wielokrotnie wykonywa\u0142a parti\u0119 altow\u0105 w Stabat Mater Pergolesiego. Od wrze\u015bnia 2023 roku jest cz\u0142onkiem Zespo\u0142u Wokalnego Warszawskiej Opery Kameralnej. W tym roku wyst\u0105pi\u0142a w partii solowej w spektaklu Pok\u00f3j Mozarta w ramach Festiwalu Mozartowskiego (re\u017c. Tomasz Cyz).<\/p>\n<p>Artystka bra\u0142a udzia\u0142 w spektaklach i koncertach pod batut\u0105 takich dyrygent\u00f3w jak  Dirk Vermeulen, Antoni Wit, Janusz Przybylski, Marcin Sompoli\u0144ski, Adam Banaszak, Krzysztof Kusiel-Moroz, Marta Kluczy\u0144ska, Tomasz Labu\u0144, Lilianna Stawarz, Rafa\u0142 Janiak. Diana Gemborys wsp\u00f3\u0142pracuje ze Studium Muzyki Nowej oraz Katedr\u0105 Antropologii Kultury Muzycznej UMFC.<\/p>\n","protected":false},"excerpt":{"rendered":"<p>Diana Gemborys jest tegoroczn\u0105 absolwentk\u0105 studi\u00f3w magisterskich na Wydziale Wokalno-Aktorskim Uniwersytetu Muzycznego Fryderyka Chopina w Warszawie. Podczas swojej edukacji muzycznej wyst\u0105pi\u0142a na takich scenach jak: Teatr Wielki Opera Narodowa (Sala M\u0142ynarskiego), Filharmonia \u015awi\u0119tokrzyska im. O.&nbsp;Kolberga w Kielcach, Filharmonia Kaliska, Filharmonia Suwa\u0142k, Accademia Nazionale di Santa Cecilia w&nbsp;Rzymie, Studio Koncertowe Polskiego \u2026 <a href=\"http:\/\/fundacjaoda.pl\/?page_id=20071\"> Continue reading <span class=\"meta-nav\">&rarr; <\/span><\/a><\/p>\n","protected":false},"author":1,"featured_media":0,"parent":0,"menu_order":0,"comment_status":"closed","ping_status":"closed","template":"","meta":[],"_links":{"self":[{"href":"http:\/\/fundacjaoda.pl\/index.php?rest_route=\/wp\/v2\/pages\/20071"}],"collection":[{"href":"http:\/\/fundacjaoda.pl\/index.php?rest_route=\/wp\/v2\/pages"}],"about":[{"href":"http:\/\/fundacjaoda.pl\/index.php?rest_route=\/wp\/v2\/types\/page"}],"author":[{"embeddable":true,"href":"http:\/\/fundacjaoda.pl\/index.php?rest_route=\/wp\/v2\/users\/1"}],"replies":[{"embeddable":true,"href":"http:\/\/fundacjaoda.pl\/index.php?rest_route=%2Fwp%2Fv2%2Fcomments&post=20071"}],"version-history":[{"count":6,"href":"http:\/\/fundacjaoda.pl\/index.php?rest_route=\/wp\/v2\/pages\/20071\/revisions"}],"predecessor-version":[{"id":20079,"href":"http:\/\/fundacjaoda.pl\/index.php?rest_route=\/wp\/v2\/pages\/20071\/revisions\/20079"}],"wp:attachment":[{"href":"http:\/\/fundacjaoda.pl\/index.php?rest_route=%2Fwp%2Fv2%2Fmedia&parent=20071"}],"curies":[{"name":"wp","href":"https:\/\/api.w.org\/{rel}","templated":true}]}}