{"id":20048,"date":"2024-06-04T18:22:38","date_gmt":"2024-06-04T16:22:38","guid":{"rendered":"http:\/\/fundacjaoda.pl\/?page_id=20048"},"modified":"2025-05-06T13:48:12","modified_gmt":"2025-05-06T11:48:12","slug":"michal-klubinski-2","status":"publish","type":"page","link":"http:\/\/fundacjaoda.pl\/?page_id=20048","title":{"rendered":"Micha\u0142 Klubi\u0144ski"},"content":{"rendered":"\n<p><a href=\"http:\/\/fundacjaoda.pl\/wp-content\/uploads\/2024\/06\/Michal-Klubinski_2024.jpg\"><img loading=\"lazy\" class=\"alignnone size-full wp-image-14646\" style=\"margin-right: 10px;\" src=\"http:\/\/fundacjaoda.pl\/wp-content\/uploads\/2024\/06\/Michal-Klubinski_2024.jpg\" alt=\"OLYMPUS DIGITAL CAMERA\" width=\"25%\" height=\"25%\" align=\"left\" \/><\/a>Urodzony w 1983 r. w Warszawie, muzykolog i krytyk muzyczny, doktorant na Wydziale Nauk o Kulturze i&nbsp;Sztuce Uniwersytetu Warszawskiego (Instytut Muzykologii). Absolwent Instytutu Muzykologii UW (z&nbsp;wynikiem celuj\u0105cym) oraz studi\u00f3w doktoranckich na wspomnianym wydziale. Specjalizuje si\u0119 w my\u015bli o&nbsp;muzyce XX wieku (ze szczeg\u00f3lnym uwzgl\u0119dnieniem dzie\u0142a Zygmunta Mycielskiego), historii XIX- i XX-wiecznej dyrygentury, polskim teatrze operowym XX wieku, \u017cydowskim \u017cyciu muzycznym, korespondencji muzycznej. Publikowa\u0142 w ksi\u0119gach konferencyjnych i czasopismach naukowych (m. in. \u201eMusicology Today\u201d, \u201eRes Facta Nova\u201d, \u201eDe Musica Commentarii\u201d). <\/p>\n<p>W latach 2005-2016 ucze\u0144 i wsp\u00f3\u0142pracownik wybitnego polskiego muzykologa, prof. dr. hab. Micha\u0142a Bristigera, cz\u0142onka Komitetu Nauk o Sztuce PAN i wsp\u00f3\u0142redaktor zeszyt\u00f3w naukowych on-line \u201eMuzykalia\/Judaica\u201d. Laureat licznych stypendi\u00f3w (m. in. stypendium Biblioteki Polskiej w Pary\u017cu na pobyt naukowy w stolicy Francji, 2016, 2019, Ministerstwa Kultury i Dziedzictwa Narodowego, 2019, 2023). W latach 2012-2024 autor \u201eRuchu Muzycznego\u201d, w 2024 strony internetowej Polskiego Radia Chopin, obecnie portalu ORFEO i&nbsp;\u201eBeethoven Magazine\u201d oraz wsp\u00f3\u0142redaktor \u201eKamertonu\u201d (Wi\u015bniowa), po\u015bwi\u0119conego Zygmuntowi Mycielskiemu. Autor ksi\u0105\u017cki &#8222;Bohdan Wodiczko. Dyrygent wobec nowoczesnej kultury muzycznej&#8221; (TAiWPN Universitas, Krak\u00f3w 2017), wyr\u00f3\u017cnionej Nagrod\u0105 im. ks. Hieronima Feichta (2019) i nominowanej do Nagrody im. Cypriana Kamila Norwida (2018), jak r\u00f3wnie\u017c dw\u00f3ch tom\u00f3w Katalogu R\u0119kopis\u00f3w Biblioteki Narodowej (t.&nbsp;24 \u2013 cz. 1 i 2) \u2013 Archiwum Zygmunta Mycielskiego (Warszawa 2017, 2022). <\/p>\n<p>W 2022 r. na zaproszenie Ambasady RP w Reykjav\u00edku wyg\u0142osi\u0142 na Uniwersytecie Islandzkim w tym mie\u015bcie wyk\u0142ad o Bohdanie Wodiczce, a&nbsp;w&nbsp;czo\u0142owym dzienniku islandzkim Morgunbla\u00f0i\u00f0 ukaza\u0142 si\u0119 jego artyku\u0142 o dyrygencie. W\u015br\u00f3d instytucji, z kt\u00f3rymi wsp\u00f3\u0142pracowa\u0142 i wsp\u00f3\u0142pracuje znajduj\u0105 si\u0119: Filharmonia Narodowa, Teatr Wielki-Opera Narodowa, Orkiestra Sinfonia Varsovia oraz Uniwersytet Kardyna\u0142a Stefana Wyszy\u0144skiego. Przygotowuje tom pierwszy edycji krytycznej list\u00f3w Zygmunta Mycielskiego do Nadii Boulanger.\n","protected":false},"excerpt":{"rendered":"<p>Urodzony w 1983 r. w Warszawie, muzykolog i krytyk muzyczny, doktorant na Wydziale Nauk o Kulturze i&nbsp;Sztuce Uniwersytetu Warszawskiego (Instytut Muzykologii). Absolwent Instytutu Muzykologii UW (z&nbsp;wynikiem celuj\u0105cym) oraz studi\u00f3w doktoranckich na wspomnianym wydziale. Specjalizuje si\u0119 w my\u015bli o&nbsp;muzyce XX wieku (ze szczeg\u00f3lnym uwzgl\u0119dnieniem dzie\u0142a Zygmunta Mycielskiego), historii XIX- i XX-wiecznej \u2026 <a href=\"http:\/\/fundacjaoda.pl\/?page_id=20048\"> Continue reading <span class=\"meta-nav\">&rarr; <\/span><\/a><\/p>\n","protected":false},"author":1,"featured_media":0,"parent":0,"menu_order":0,"comment_status":"closed","ping_status":"closed","template":"","meta":[],"_links":{"self":[{"href":"http:\/\/fundacjaoda.pl\/index.php?rest_route=\/wp\/v2\/pages\/20048"}],"collection":[{"href":"http:\/\/fundacjaoda.pl\/index.php?rest_route=\/wp\/v2\/pages"}],"about":[{"href":"http:\/\/fundacjaoda.pl\/index.php?rest_route=\/wp\/v2\/types\/page"}],"author":[{"embeddable":true,"href":"http:\/\/fundacjaoda.pl\/index.php?rest_route=\/wp\/v2\/users\/1"}],"replies":[{"embeddable":true,"href":"http:\/\/fundacjaoda.pl\/index.php?rest_route=%2Fwp%2Fv2%2Fcomments&post=20048"}],"version-history":[{"count":8,"href":"http:\/\/fundacjaoda.pl\/index.php?rest_route=\/wp\/v2\/pages\/20048\/revisions"}],"predecessor-version":[{"id":20420,"href":"http:\/\/fundacjaoda.pl\/index.php?rest_route=\/wp\/v2\/pages\/20048\/revisions\/20420"}],"wp:attachment":[{"href":"http:\/\/fundacjaoda.pl\/index.php?rest_route=%2Fwp%2Fv2%2Fmedia&parent=20048"}],"curies":[{"name":"wp","href":"https:\/\/api.w.org\/{rel}","templated":true}]}}