{"id":19707,"date":"2023-10-16T15:01:17","date_gmt":"2023-10-16T13:01:17","guid":{"rendered":"http:\/\/fundacjaoda.pl\/?page_id=19707"},"modified":"2024-06-04T18:36:20","modified_gmt":"2024-06-04T16:36:20","slug":"magdalena-brzozowska","status":"publish","type":"page","link":"http:\/\/fundacjaoda.pl\/?page_id=19707","title":{"rendered":"Magdalena Brzozowska"},"content":{"rendered":"\n<p><a href=\"http:\/\/fundacjaoda.pl\/wp-content\/uploads\/2023\/10\/Magdalena-Brzozowska.jpg\"><img loading=\"lazy\" class=\"alignnone size-full wp-image-5629\" style=\"margin-right: 10px;\" src=\"http:\/\/fundacjaoda.pl\/wp-content\/uploads\/2023\/10\/Magdalena-Brzozowska.jpg\" width=\"25%\" height=\"25%\" align=\"left\"><\/a>Urodzona w 1976 r. Pianistka, historyk. Absolwentka Pa\u0144stwowej Szko\u0142y Muzycznej II st. im. J. Elsnera w&nbsp;Warszawie w klasie prof. Anny Radziwonowicz oraz Akademii Muzycznej im. F. Chopina w Warszawie (obecnie Uniwersytet Muzyczny Fryderyka Chopina) w klasie\nprof. Jerzego Romaniuka (2003). Kszta\u0142ci\u0142a si\u0119 ponadto podczas wielu kurs\u00f3w muzycznych, m.in. u prof. prof. Ryszarda Baksta, Barbary Halskiej, Elli Susmanek, Karola Radziwonowicza, Wiktora Mier\u017canowa. W latach 2015 \u2013 2017 odby\u0142a sta\u017c podyplomowy w \u00c9cole normale de musique w Pary\u017cu u prof. Anny Queff\u00e9lec. Jest laureatk\u0105 wielu nagr\u00f3d i wyr\u00f3\u017cnie\u0144 na konkursach og\u00f3lnopolskich i mi\u0119dzynarodowych oraz stypendi\u00f3w: I miejsca oraz nagr\u00f3d specjalnych, w&nbsp;tym za wykonanie utworu Fryderyka Chopina na Konkursie\nM\u0142odych Pianist\u00f3w w Sulechowie (1989); stypendi\u00f3w chopinowskich (1992, 1993); wyr\u00f3\u017cnienia na III Og\u00f3lnopolskim Konkursie Muzyki Karola Szymanowskiego w Zakopanem (1992); wyr\u00f3\u017cnienia na Mi\u0119dzynarodowym Konkursie Interpretacji Muzycznej w Krasiczynie (2016); wyr\u00f3\u017cnienia na Mi\u0119dzynarodowym Konkursie Muzyki Fortepianowej w Budapeszcie (2016); wyr\u00f3\u017cnienia na Mi\u0119dzynarodowym Konkursie IBLA na Sycylii (2018). Magdalena Brzozowska posiada ponadto tytu\u0142 doktora nauk humanistycznych (mediewistyka, 2017, Instytut Historyczny UW), interesuje si\u0119 tematyk\u0105 historii kultury w \u015bredniowieczu.<\/p>\n<p>Artystka ma na swoim koncie liczne koncerty solowe i kameralne w Polsce (m. in. w Warszawie, Wo\u0142ominie, \u017byrardowie, Wroc\u0142awiu, Zakopanem, Radomiu, Krakowie, Powsinie, Kozienicach, Brochowie, \u017belazowej Woli), jak i za granic\u0105: w Niemczech (Cottbus, Brema), Francji (Pary\u017c), Szwajcarii (Eywald) i Izraelu (Tel\u2013Aviv). Wielokrotnie gra\u0142a recitale chopinowskie w \u0141azienkach, Brochowie i \u017belazowej Woli. W 2012 r. promowa\u0142a muzyk\u0119\npolsk\u0105 w Izraelu. Wyda\u0142a 3 p\u0142yty z utworami Josepha Christoffa Kesslera (1800\u20131872) na fortepian solo (prawykonania) w wytw\u00f3rni Acte Pr\u00e9alable (2014, 2021, 2024). Aktualnie promuje swoj\u0105 ostatni\u0105 p\u0142yt\u0119 z utworami tego kompozytora (stosowne koncerty odby\u0142a ju\u017c w&nbsp;Warszawie, \u017byrardowie i we Wroc\u0142awiu). Magdalena Brzozowska regularnie gra te\u017c koncerty chopinowskie w salonie przy ul. Smolnej w&nbsp;Warszawie o raz w wielu innych miejscach. W\ntej chwili jest doktorantk\u0105 prof. Micha\u0142a Drewnowskiego na Akademii Muzycznej im G. i K. Bacewicz\u00f3w w \u0141odzi.<\/p>\n<p>Magdalena Brzozowska ponadto od wielu lat uczy gry na fortepianie, w latach 2004\u20132018 w Radomiu, nast\u0119pnie w Nadarzynie, a od 2021 r. w&nbsp;Szkole Muzycznej I i II st. im. W. Lutos\u0142awskiego w Wo\u0142ominie. Bierze aktywny udzia\u0142 w \u017cyciu kulturalnym regionu. Niejednokrotnie by\u0142a jurork\u0105 konkurs\u00f3w pianistycznych dla m\u0142odzie\u017cy w Radomiu. Wsp\u00f3\u0142pracowa\u0142a m.in. z Ann\u0105 Kalsk\u0105 (klarnet), Dariuszem Krajewskim (puzon), z pianist\u0105 Paw\u0142em Mazurkiewiczem (Szwajcaria), a ostatnio z sopranistk\u0105 Paulin\u0105 Marsza\u0142\u2013Zych. Poza muzyk\u0105 i mediewistyk\u0105 Magdalena Brzozowska ma wiele pasji, m.in. ksi\u0105\u017cki historyczne, nauka j\u0119zyk\u00f3w obcych, jazda konna.<\/p>\n","protected":false},"excerpt":{"rendered":"<p>Urodzona w 1976 r. Pianistka, historyk. Absolwentka Pa\u0144stwowej Szko\u0142y Muzycznej II st. im. J. Elsnera w&nbsp;Warszawie w klasie prof. Anny Radziwonowicz oraz Akademii Muzycznej im. F. Chopina w Warszawie (obecnie Uniwersytet Muzyczny Fryderyka Chopina) w klasie prof. Jerzego Romaniuka (2003). Kszta\u0142ci\u0142a si\u0119 ponadto podczas wielu kurs\u00f3w muzycznych, m.in. u prof. \u2026 <a href=\"http:\/\/fundacjaoda.pl\/?page_id=19707\"> Continue reading <span class=\"meta-nav\">&rarr; <\/span><\/a><\/p>\n","protected":false},"author":1,"featured_media":0,"parent":0,"menu_order":0,"comment_status":"closed","ping_status":"closed","template":"","meta":[],"_links":{"self":[{"href":"http:\/\/fundacjaoda.pl\/index.php?rest_route=\/wp\/v2\/pages\/19707"}],"collection":[{"href":"http:\/\/fundacjaoda.pl\/index.php?rest_route=\/wp\/v2\/pages"}],"about":[{"href":"http:\/\/fundacjaoda.pl\/index.php?rest_route=\/wp\/v2\/types\/page"}],"author":[{"embeddable":true,"href":"http:\/\/fundacjaoda.pl\/index.php?rest_route=\/wp\/v2\/users\/1"}],"replies":[{"embeddable":true,"href":"http:\/\/fundacjaoda.pl\/index.php?rest_route=%2Fwp%2Fv2%2Fcomments&post=19707"}],"version-history":[{"count":16,"href":"http:\/\/fundacjaoda.pl\/index.php?rest_route=\/wp\/v2\/pages\/19707\/revisions"}],"predecessor-version":[{"id":20070,"href":"http:\/\/fundacjaoda.pl\/index.php?rest_route=\/wp\/v2\/pages\/19707\/revisions\/20070"}],"wp:attachment":[{"href":"http:\/\/fundacjaoda.pl\/index.php?rest_route=%2Fwp%2Fv2%2Fmedia&parent=19707"}],"curies":[{"name":"wp","href":"https:\/\/api.w.org\/{rel}","templated":true}]}}