{"id":19514,"date":"2023-05-08T20:56:31","date_gmt":"2023-05-08T18:56:31","guid":{"rendered":"http:\/\/fundacjaoda.pl\/?page_id=19514"},"modified":"2023-09-18T11:11:34","modified_gmt":"2023-09-18T09:11:34","slug":"krzysztof-tkaczyk-2","status":"publish","type":"page","link":"http:\/\/fundacjaoda.pl\/?page_id=19514","title":{"rendered":"Krzysztof Tkaczyk"},"content":{"rendered":"\n<p><a href=\"http:\/\/fundacjaoda.pl\/wp-content\/uploads\/2023\/05\/Krzysztof-Tkaczyk.jpg\"><img loading=\"lazy\" class=\"alignnone size-full wp-image-5629\" style=\"margin-right: 10px;\" src=\"http:\/\/fundacjaoda.pl\/wp-content\/uploads\/2023\/05\/Krzysztof-Tkaczyk.jpg\" width=\"25%\" height=\"25%\" align=\"left\"><\/a>\u015apiewaj\u0105cy autor piosenek w klimatach blues, folk, piosenki poetyckiej obdarzony wyj\u0105tkowo ciep\u0142\u0105 barw\u0105 g\u0142osu i charyzm\u0105. Lider zespo\u0142u \u201eTkaczyk Trio\u201d, z kt\u00f3rym w listopadzie 2019 r. wyda\u0142 sw\u00f3j pierwszy album p\u0142ytowy pt. \u201eWoda\u201d. Wcze\u015bniej wsp\u00f3\u0142tworzy\u0142 zesp\u00f3\u0142 Green Onion. Autor wielu opracowa\u0144 muzycznych polskich wersji \u015bwiatowych przeboj\u00f3w wykonywanych w duecie z Joann\u0105 Mioduchowsk\u0105. Bardzo ch\u0119tnie wykonuje tak\u017ce piosenki starej Warszawy i wykorzystuje je w pracy jako terapeuta os\u00f3b z&nbsp;niepe\u0142nosprawno\u015bci\u0105 intelektualn\u0105. Na Festiwalu Grzesiuka w 2019 r. grupa uczestnik\u00f3w zaj\u0119\u0107 prowadzona przez Krzysztofa zaj\u0119\u0142a III miejsce, a w roku 2020 i 2021 nagrod\u0119 publiczno\u015bci. Piosenka pt.&nbsp;\u201eWarszawiak\u201d w&nbsp;wykonaniu Krzysztofa Tkaczyka zosta\u0142a warszawskim Przebojem Roku 2022 w&nbsp;plebiscycie Warsaw Tribut.<\/p>\n<br>\n<p><strong>Wydane p\u0142yty:<\/strong>\n<br>\u201eWoda\u201d- Tkaczyk Trio \u2013wyd. listopad 2019\n<br>\u201e\u017byj ka\u017cd\u0105 chwil\u0105\u0104\u201d- Joanna Mioduchowska i Krzysztof Tkaczyk wyd. grudzie\u0144 2021 r.<\/p>\n\n<p>Linki:\n<br>https:\/\/www.youtube.com\/channel\/UCSXIZY908gf1NNBN1jfAp7w &#8211; Tkaczyk Trio.\n<br>https:\/\/www.youtube.com\/watch?v=l-pLnM9tnkM \u2013 Joanna Mioduchowska i Krzysztof Tkaczyk.\n<br>https:\/\/www.youtube.com\/watch?v=NyPmQS_RvMg Joanna Mioduchowska i Krzysztof Tkaczyk- zwiastun p\u0142yty.<\/p>\n","protected":false},"excerpt":{"rendered":"<p>\u015apiewaj\u0105cy autor piosenek w klimatach blues, folk, piosenki poetyckiej obdarzony wyj\u0105tkowo ciep\u0142\u0105 barw\u0105 g\u0142osu i charyzm\u0105. Lider zespo\u0142u \u201eTkaczyk Trio\u201d, z kt\u00f3rym w listopadzie 2019 r. wyda\u0142 sw\u00f3j pierwszy album p\u0142ytowy pt. \u201eWoda\u201d. Wcze\u015bniej wsp\u00f3\u0142tworzy\u0142 zesp\u00f3\u0142 Green Onion. Autor wielu opracowa\u0144 muzycznych polskich wersji \u015bwiatowych przeboj\u00f3w wykonywanych w duecie z \u2026 <a href=\"http:\/\/fundacjaoda.pl\/?page_id=19514\"> Continue reading <span class=\"meta-nav\">&rarr; <\/span><\/a><\/p>\n","protected":false},"author":1,"featured_media":0,"parent":0,"menu_order":0,"comment_status":"closed","ping_status":"closed","template":"","meta":[],"_links":{"self":[{"href":"http:\/\/fundacjaoda.pl\/index.php?rest_route=\/wp\/v2\/pages\/19514"}],"collection":[{"href":"http:\/\/fundacjaoda.pl\/index.php?rest_route=\/wp\/v2\/pages"}],"about":[{"href":"http:\/\/fundacjaoda.pl\/index.php?rest_route=\/wp\/v2\/types\/page"}],"author":[{"embeddable":true,"href":"http:\/\/fundacjaoda.pl\/index.php?rest_route=\/wp\/v2\/users\/1"}],"replies":[{"embeddable":true,"href":"http:\/\/fundacjaoda.pl\/index.php?rest_route=%2Fwp%2Fv2%2Fcomments&post=19514"}],"version-history":[{"count":13,"href":"http:\/\/fundacjaoda.pl\/index.php?rest_route=\/wp\/v2\/pages\/19514\/revisions"}],"predecessor-version":[{"id":19661,"href":"http:\/\/fundacjaoda.pl\/index.php?rest_route=\/wp\/v2\/pages\/19514\/revisions\/19661"}],"wp:attachment":[{"href":"http:\/\/fundacjaoda.pl\/index.php?rest_route=%2Fwp%2Fv2%2Fmedia&parent=19514"}],"curies":[{"name":"wp","href":"https:\/\/api.w.org\/{rel}","templated":true}]}}