{"id":18965,"date":"2023-02-22T12:30:56","date_gmt":"2023-02-22T11:30:56","guid":{"rendered":"http:\/\/fundacjaoda.pl\/?page_id=18965"},"modified":"2023-02-22T12:30:56","modified_gmt":"2023-02-22T11:30:56","slug":"krzysztof-stepien","status":"publish","type":"page","link":"http:\/\/fundacjaoda.pl\/?page_id=18965","title":{"rendered":"Krzysztof St\u0119pie\u0144"},"content":{"rendered":"\n<p><a href=\"http:\/\/fundacjaoda.pl\/wp-content\/uploads\/2019\/11\/IMG_4306.jpg\"><img loading=\"lazy\" class=\"alignnone size-medium wp-image-18854\" style=\"margin-right: 10px;\" src=\"http:\/\/fundacjaoda.pl\/wp-content\/uploads\/2019\/11\/IMG_4306.jpg\" width=\"20%\" height=\"20%\" align=\"left\"><\/a>Krzysztof St\u0119pie\u0144,  gitarzysta, kompozytor, pedagog, wykonawca koncert\u00f3w gitarowych i poezji \u015bpiewanej. Jest absolwentem Uniwersytetu Muzycznego im. Fryderyka Chopina w Warszawie w klasie gitary klasycznej i wielu zagranicznych studi\u00f3w podyplomowych, laureat krajowych i mi\u0119dzynarodowych konkurs\u00f3w muzycznych,  m.in. zdobywca Grand Prix na Og\u00f3lnopolskim Festiwalu Piosenki Artystycznej OFPA 2022, zdobywca I miejsca podczas \u201eOg\u00f3lnopolskich Spotka\u0144 Zamkowych \u201e\u015apiewamy poezj\u0119\u201d w Olsztynie, zdobywca II nagrody na Mi\u0119dzynarodowym Festiwalu Gitary klasycznej w Pleven. Laureat pierwszej nagrody i nagrody publiczno\u015bci podczas II etapu konkursu \u201ePami\u0119tajmy o Osieckiej\u201d oraz zdobywca wyr\u00f3\u017cnienia w teatrze Nowym w Poznaniu. Prowadzi te\u017c Agencj\u0119 Artystyczn\u0105 Pro Arte, kt\u00f3ra specjalizuje si\u0119 w organizacji koncert\u00f3w muzycznych dla dzieci.<\/p>\n","protected":false},"excerpt":{"rendered":"<p>Krzysztof St\u0119pie\u0144, gitarzysta, kompozytor, pedagog, wykonawca koncert\u00f3w gitarowych i poezji \u015bpiewanej. Jest absolwentem Uniwersytetu Muzycznego im. Fryderyka Chopina w Warszawie w klasie gitary klasycznej i wielu zagranicznych studi\u00f3w podyplomowych, laureat krajowych i mi\u0119dzynarodowych konkurs\u00f3w muzycznych, m.in. zdobywca Grand Prix na Og\u00f3lnopolskim Festiwalu Piosenki Artystycznej OFPA 2022, zdobywca I miejsca podczas \u2026 <a href=\"http:\/\/fundacjaoda.pl\/?page_id=18965\"> Continue reading <span class=\"meta-nav\">&rarr; <\/span><\/a><\/p>\n","protected":false},"author":1,"featured_media":0,"parent":0,"menu_order":0,"comment_status":"closed","ping_status":"closed","template":"","meta":[],"_links":{"self":[{"href":"http:\/\/fundacjaoda.pl\/index.php?rest_route=\/wp\/v2\/pages\/18965"}],"collection":[{"href":"http:\/\/fundacjaoda.pl\/index.php?rest_route=\/wp\/v2\/pages"}],"about":[{"href":"http:\/\/fundacjaoda.pl\/index.php?rest_route=\/wp\/v2\/types\/page"}],"author":[{"embeddable":true,"href":"http:\/\/fundacjaoda.pl\/index.php?rest_route=\/wp\/v2\/users\/1"}],"replies":[{"embeddable":true,"href":"http:\/\/fundacjaoda.pl\/index.php?rest_route=%2Fwp%2Fv2%2Fcomments&post=18965"}],"version-history":[{"count":4,"href":"http:\/\/fundacjaoda.pl\/index.php?rest_route=\/wp\/v2\/pages\/18965\/revisions"}],"predecessor-version":[{"id":19336,"href":"http:\/\/fundacjaoda.pl\/index.php?rest_route=\/wp\/v2\/pages\/18965\/revisions\/19336"}],"wp:attachment":[{"href":"http:\/\/fundacjaoda.pl\/index.php?rest_route=%2Fwp%2Fv2%2Fmedia&parent=18965"}],"curies":[{"name":"wp","href":"https:\/\/api.w.org\/{rel}","templated":true}]}}