{"id":17529,"date":"2019-05-04T15:58:55","date_gmt":"2019-05-04T13:58:55","guid":{"rendered":"http:\/\/fundacjaoda.pl\/?page_id=17529"},"modified":"2019-05-04T15:59:53","modified_gmt":"2019-05-04T13:59:53","slug":"aleksander-teliga","status":"publish","type":"page","link":"http:\/\/fundacjaoda.pl\/?page_id=17529","title":{"rendered":"Aleksander Teliga"},"content":{"rendered":"<p><a href=\"http:\/\/fundacjaoda.pl\/wp-content\/uploads\/2019\/05\/Aleksander-Teliga.jpg\"><img loading=\"lazy\" src=\"http:\/\/fundacjaoda.pl\/wp-content\/uploads\/2019\/05\/Aleksander-Teliga.jpg\" style=\"margin-right:10px\" alt=\"Aleksander Teliga\" width=\"174\" height=\"290\" class=\"alignnone size-full wp-image-7216\" align=\"left\"\/><\/a><\/p>\n<p>Aleksander Teliga Jr.- pianista, korepetytor. Absolwent Uniwersytetu \u015al\u0105skiego w Katowicach w klasie fortepianu prof. Marii Warcho\u0142-Sobiesiak oraz dr Wojciecha Waleczka. Wsp\u00f3\u0142pracuje z wybitnymi \u015bpiewakami- solistami, m.in. Op\u00e9ra Bastille, Komische Oper Berlin, Salzburg Festiwal, Teatru Wielkiego \u2013 Opery Narodowej, Opery Krakowskiej, Opery Wroc\u0142awskiej, Opery \u015al\u0105skiej w Bytomiu. Od 2016 r. jest uczestnikiem Programu Kszta\u0142cenia M\u0142odych Talent\u00f3w \u201eAkademia Operowa\u201d Teatru Wielkiego \u2013 Opery Narodowej w Warszawie, gdzie kszta\u0142ci si\u0119 pianistycznie pod kierunkiem Eytana Pessena. Swoje umiej\u0119tno\u015bci w zakresie pracy ze \u015bpiewakami doskonali\u0142 podczas kurs\u00f3w mistrzowskich prowadzonych przez takie autorytety jak m.in. Helmut Deutsch, Hedwig Fassbender, Izabela K\u0142osi\u0144ska, Thomas Lausmann, Sergiej Leiferkus, Tomasz Konieczny, Anna Marchwi\u0144ska, Ren\u00e9 Massis, Lech Napiera\u0142a, Olga Pasichnyk, Matthias Rexroth, Tobias Tuninger czy Neil Shicoff. Wsp\u00f3\u0142pracowa\u0142 z takimi dyrygentami jak m.in. Friedrich Haider, Jos\u00e9 Maria Flor\u00eancio, Marcin Sompoli\u0144ski, Andrzej Knap czy Krzysztof Penderecki. Aleksander Teliga Jr. koncertowa\u0142 w Oper Frankfurt, Teatrze Wielkim \u2013 Operze Narodowej w Warszawie, Warszawskiej Operze Kameralnej, Studio Koncertowym Polskiego Radia im. Witolda Lutos\u0142awskiego i wielu innych. W charakterze pianisty-korepetytora wsp\u00f3\u0142pracowa\u0142 z Oper\u0105 \u015al\u0105sk\u0105 w Bytomiu oraz Teatrem Wielkim w Poznaniu. Od sezonu 2017\/18 zawodowo zwi\u0105zany z Warszawsk\u0105 Oper\u0105 Kameraln\u0105.<\/p>\n<p>Fot. Karpati &#038; Zarewicz<\/p>\n","protected":false},"excerpt":{"rendered":"<p>Aleksander Teliga Jr.- pianista, korepetytor. Absolwent Uniwersytetu \u015al\u0105skiego w Katowicach w klasie fortepianu prof. Marii Warcho\u0142-Sobiesiak oraz dr Wojciecha Waleczka. Wsp\u00f3\u0142pracuje z wybitnymi \u015bpiewakami- solistami, m.in. Op\u00e9ra Bastille, Komische Oper Berlin, Salzburg Festiwal, Teatru Wielkiego \u2013 Opery Narodowej, Opery Krakowskiej, Opery Wroc\u0142awskiej, Opery \u015al\u0105skiej w Bytomiu. Od 2016 r. jest \u2026 <a href=\"http:\/\/fundacjaoda.pl\/?page_id=17529\"> Continue reading <span class=\"meta-nav\">&rarr; <\/span><\/a><\/p>\n","protected":false},"author":1,"featured_media":0,"parent":0,"menu_order":0,"comment_status":"closed","ping_status":"closed","template":"","meta":[],"_links":{"self":[{"href":"http:\/\/fundacjaoda.pl\/index.php?rest_route=\/wp\/v2\/pages\/17529"}],"collection":[{"href":"http:\/\/fundacjaoda.pl\/index.php?rest_route=\/wp\/v2\/pages"}],"about":[{"href":"http:\/\/fundacjaoda.pl\/index.php?rest_route=\/wp\/v2\/types\/page"}],"author":[{"embeddable":true,"href":"http:\/\/fundacjaoda.pl\/index.php?rest_route=\/wp\/v2\/users\/1"}],"replies":[{"embeddable":true,"href":"http:\/\/fundacjaoda.pl\/index.php?rest_route=%2Fwp%2Fv2%2Fcomments&post=17529"}],"version-history":[{"count":1,"href":"http:\/\/fundacjaoda.pl\/index.php?rest_route=\/wp\/v2\/pages\/17529\/revisions"}],"predecessor-version":[{"id":17530,"href":"http:\/\/fundacjaoda.pl\/index.php?rest_route=\/wp\/v2\/pages\/17529\/revisions\/17530"}],"wp:attachment":[{"href":"http:\/\/fundacjaoda.pl\/index.php?rest_route=%2Fwp%2Fv2%2Fmedia&parent=17529"}],"curies":[{"name":"wp","href":"https:\/\/api.w.org\/{rel}","templated":true}]}}