{"id":15998,"date":"2018-12-05T13:21:00","date_gmt":"2018-12-05T12:21:00","guid":{"rendered":"http:\/\/fundacjaoda.pl\/?page_id=15998"},"modified":"2018-12-05T13:39:47","modified_gmt":"2018-12-05T12:39:47","slug":"konferencja-naukowa-2018","status":"publish","type":"page","link":"http:\/\/fundacjaoda.pl\/?page_id=15998","title":{"rendered":"Konferencja naukowa 2018"},"content":{"rendered":"<p><span style=\"font-size: 14.0pt;\"><font color=#52841\">\u201eCzy Polki wybi\u0142y si\u0119 na niepodleg\u0142o\u015b\u0107?\u201d<\/font><\/span><\/p>\n<p><em>Autor: Beata \u017burawska<\/em><\/p>\n<p><a href=\"http:\/\/fundacjaoda.pl\/wp-content\/uploads\/2018\/12\/IMG_9643.jpg\"><img loading=\"lazy\" src=\"http:\/\/fundacjaoda.pl\/wp-content\/uploads\/2018\/12\/IMG_9643.jpg\" alt=\"IMG_9643\" style=\"margin-right: 10px;\" width=\"20%\" height=\"20%\" class=\"alignnone size-full wp-image-16000\" align=\"left\" srcset=\"http:\/\/fundacjaoda.pl\/wp-content\/uploads\/2018\/12\/IMG_9643.jpg 900w, http:\/\/fundacjaoda.pl\/wp-content\/uploads\/2018\/12\/IMG_9643-150x100.jpg 150w\" sizes=\"(max-width: 900px) 100vw, 900px\" \/><\/a>Z okazji setnej rocznicy uzyskania praw wyborczych przez kobiety w Polsce Fundacja ODA wraz z Zespo\u0142em Szk\u00f3\u0142 Ekonomicznych im. Stanis\u0142awa Staszica w Wo\u0142ominie zorganizowa\u0142a konferencj\u0119, kt\u00f3rej celem by\u0142o zwr\u00f3cenie uwagi na wsp\u00f3\u0142czesn\u0105 sytuacj\u0119 Polek. Uczniowie wsp\u00f3lnie z nauczycielami i prelegentami zastanawiali si\u0119, na ile postulaty i strategie kobiet sprzed stu lat s\u0105 aktualne i przed jakimi wyzwaniami stoj\u0105 obecnie kobiety w Polsce.<\/p>\n<p><a href=\"http:\/\/fundacjaoda.pl\/wp-content\/uploads\/2018\/12\/IMG_9664.jpg\"><img loading=\"lazy\" src=\"http:\/\/fundacjaoda.pl\/wp-content\/uploads\/2018\/12\/IMG_9664.jpg\" alt=\"IMG_9664\" style=\"margin-right: 10px;\" width=\"20%\" height=\"20%\" class=\"alignnone size-full wp-image-16002\" align=\"left\" srcset=\"http:\/\/fundacjaoda.pl\/wp-content\/uploads\/2018\/12\/IMG_9664.jpg 900w, http:\/\/fundacjaoda.pl\/wp-content\/uploads\/2018\/12\/IMG_9664-150x100.jpg 150w\" sizes=\"(max-width: 900px) 100vw, 900px\" \/><\/a><a href=\"http:\/\/fundacjaoda.pl\/wp-content\/uploads\/2018\/12\/15.jpg\"><img loading=\"lazy\" src=\"http:\/\/fundacjaoda.pl\/wp-content\/uploads\/2018\/12\/15.jpg\" alt=\"15\" style=\"margin-left: 10px;\" width=\"20%\" height=\"20%\" class=\"alignnone size-full wp-image-15957\" align=\"right\" srcset=\"http:\/\/fundacjaoda.pl\/wp-content\/uploads\/2018\/12\/15.jpg 900w, http:\/\/fundacjaoda.pl\/wp-content\/uploads\/2018\/12\/15-150x100.jpg 150w\" sizes=\"(max-width: 900px) 100vw, 900px\" \/><\/a>Patronat naukowy nad wydarzeniem obj\u0119\u0142a prof. dr hab. Ma\u0142gorzata Fuszara \u2013 dyrektor Instytutu Stosowanych Nauk Spo\u0142ecznych Uniwersytetu Warszawskiego, patronat honorowy \u2013 Starosta Wo\u0142omi\u0144ski i Burmistrz Wo\u0142omina, a medialny \u2013 tygodnik Wie\u015bci Podwarszawskie. Konferencja odby\u0142a si\u0119 30 listopada w Zespole Szk\u00f3\u0142 Ekonomicznych w Wo\u0142ominie. Wzi\u0119li w niej udzia\u0142 uczniowie i uczennice ze szk\u00f3\u0142 ponadgimnazjalnych powiatu wo\u0142omi\u0144skiego, nauczyciele, przedstawiciele miejskich instytucji publicznych, a tak\u017ce mieszkanki Wo\u0142omina, kt\u00f3re w ostatnich latach zosta\u0142y laureatkami konkursu \u201eWo\u0142omi\u0144skie Magnolie\u201d. Swoj\u0105 obecno\u015bci\u0105 spotkanie u\u015bwietni\u0142a Halina Wodiczko, ch\u00f3rzystka Filharmonii Narodowej, zwi\u0105zana z wo\u0142omi\u0144sk\u0105 Izb\u0105 Muzealn\u0105 Wodiczk\u00f3w. Danuta Michalik, prezes Fundacji ODA,  witaj\u0105c go\u015bci, nawi\u0105za\u0142a do dzia\u0142alno\u015bci Zofii Na\u0142kowskiej, mieszkanki Wo\u0142omina, pisarki, publicystki, dzia\u0142aczki walcz\u0105cej o prawa kobiet, kt\u00f3rej has\u0142o <em>\u201eChcemy ca\u0142ego \u017cycia\u201d<\/em> pozostaje aktualne.<\/p>\n<p><a href=\"http:\/\/fundacjaoda.pl\/wp-content\/uploads\/2018\/12\/IMG_9801.jpg\"><img loading=\"lazy\" src=\"http:\/\/fundacjaoda.pl\/wp-content\/uploads\/2018\/12\/IMG_9801.jpg\" alt=\"IMG_9801\" style=\"margin-right: 10px;\" width=\"20%\" height=\"20%\" class=\"alignnone size-full wp-image-15965\" align=\"left\" srcset=\"http:\/\/fundacjaoda.pl\/wp-content\/uploads\/2018\/12\/IMG_9801.jpg 900w, http:\/\/fundacjaoda.pl\/wp-content\/uploads\/2018\/12\/IMG_9801-150x100.jpg 150w\" sizes=\"(max-width: 900px) 100vw, 900px\" \/><\/a>D\u0105\u017cenia naszych prababek do uzyskania pe\u0142ni praw wyborczych przedstawi\u0142a prof. Ma\u0142gorzata Fuszara. W&nbsp;wyk\u0142adzie \u201eKobiety w parlamentach\u201d przybli\u017cy\u0142a uczestnikom konferencji zar\u00f3wno histori\u0119 dzia\u0142a\u0144 emancypacyjnych kobiet, jak i wsp\u00f3\u0142czesne problemy zwi\u0105zane z reprezentacj\u0105 interes\u00f3w kobiet w polityce. Zwr\u00f3ci\u0142a uwag\u0119 na znaczenie parytet\u00f3w wyborczych jako metody przeciwdzia\u0142aj\u0105cej wykluczaniu kobiet w sferze publicznej. Zwi\u0119kszony udzia\u0142 kobiet we w\u0142adzy zmienia polityk\u0119. Nasze prababki osi\u0105gn\u0119\u0142y bardzo du\u017co, ale wci\u0105\u017c jeszcze kobiety s\u0105 dyskryminowane na rynku pracy i w wielu innych obszarach \u017cycia publicznego. W polskim parlamencie 27% stanowi\u0105 ju\u017c kobiety, ale w zarz\u0105dach firm tylko kilka procent. Jak zmieni\u0107 ten niekorzystny dla kobiet uk\u0142ad w przestrzeni publicznej? Nie wystarcz\u0105 nam wybitne jednostki &#8211; kobiety odnosz\u0105ce sukcesy w swoich dziedzinach \u2013 potrzebna jest zmiana my\u015blenia, tak aby wyj\u015b\u0107 poza stereotypowe oczekiwania wobec roli kobiety i m\u0119\u017cczyzny w spo\u0142ecze\u0144stwie. Teza ta postawiona zosta\u0142a w wyst\u0105pieniu Natalii Broniarczyk, doktorantki w&nbsp;Instytucie Stosowanych Nauk Spo\u0142ecznych Uniwersytetu Warszawskiego. Prelegentka zapozna\u0142a s\u0142uchaczy z kampani\u0105 \u201eRobi\u0107 co\u015b jak dziewczyna czyli o prze\u0142amywaniu stereotyp\u00f3w p\u0142ciowych\u201d. Podsumowuj\u0105c swoje wyst\u0105pienie podkre\u015bli\u0142a, \u017ce nikt nie rodzi si\u0119 z uprzedzeniami, nabywamy je \u017cyj\u0105c w takiej, a nie innej kulturze. Stereotypy s\u0105 rodzajem okular\u00f3w, dzi\u0119ki kt\u00f3rym czujemy si\u0119 bezpiecznie, poniewa\u017c rzeczywisto\u015b\u0107 jawi si\u0119 nam jako uporz\u0105dkowana. Niestety, nie maj\u0105 one wiele wsp\u00f3lnego z prawd\u0105 i cz\u0119sto prowadz\u0105  do dyskryminacji os\u00f3b i&nbsp;grup spo\u0142ecznych. <\/p>\n<p><a href=\"http:\/\/fundacjaoda.pl\/wp-content\/uploads\/2018\/12\/IMG_9846.jpg\"><img loading=\"lazy\" src=\"http:\/\/fundacjaoda.pl\/wp-content\/uploads\/2018\/12\/IMG_9846.jpg\" alt=\"IMG_9846\" style=\"margin-right: 10px;\" width=\"20%\" height=\"20%\" class=\"alignnone size-full wp-image-15982\" align=\"left\" srcset=\"http:\/\/fundacjaoda.pl\/wp-content\/uploads\/2018\/12\/IMG_9846.jpg 900w, http:\/\/fundacjaoda.pl\/wp-content\/uploads\/2018\/12\/IMG_9846-150x100.jpg 150w\" sizes=\"(max-width: 900px) 100vw, 900px\" \/><\/a>Uczniowie obecni na konferencji przyznali, \u017ce zauwa\u017caj\u0105 przejawy nier\u00f3wnego traktowania kobiet w szkole. Okazuje si\u0119, \u017ce ju\u017c na etapie wczesnoszkolnym dziewczynki s\u0105 zniech\u0119cane do nauk \u015bcis\u0142ych, st\u0105d wynika p\u00f3\u017aniej ich ma\u0142e zainteresowanie uczelniami technicznymi. Jednak dyskryminacja nie dotyczy tylko kobiet, m\u0119\u017cczy\u017ani r\u00f3wnie\u017c jej podlegaj\u0105, kiedy oczekuje si\u0119, \u017ce b\u0119d\u0105 zachowywali si\u0119 zgodnie ze stereotypowymi wzorcami \u2013 na przyk\u0142ad odmawia si\u0119  im prawa do p\u0142aczu czy sugeruje, \u017ce nie b\u0119d\u0105 dobrymi nauczycielami wychowania przedszkolnego. W ramach przygotowa\u0144 do konferencji uczniowie Zespo\u0142u Szk\u00f3\u0142 Ekonomicznych pod kierunkiem nauczycielek Marty Igielskiej i&nbsp;Doroty Zadro\u017cnej przeprowadzili ankiet\u0119 w\u015br\u00f3d swoich koleg\u00f3w oraz nauczycieli i rodzic\u00f3w na temat stereotyp\u00f3w odnosz\u0105cych si\u0119 do p\u0142ci i r\u00f3l spo\u0142ecznych. Badaniem obj\u0119to 182 osoby. Wyniki ankiety potwierdzaj\u0105, \u017ce nadal w wielu dziedzinach kobiety nie s\u0105 traktowane na r\u00f3wni z&nbsp;m\u0119\u017cczyznami, zdarzaj\u0105 si\u0119 sytuacje, w kt\u00f3rych s\u0105 dyskryminowane, trudnej im otrzyma\u0107 awans, maj\u0105 inne szanse na samorealizacj\u0119. Z drugiej strony wielu ankietowanych dostrzeg\u0142o obecno\u015b\u0107 inspiruj\u0105cych kobiet w naszej historii oraz wsp\u00f3\u0142czesnej przestrzeni publicznej. W\u015br\u00f3d nich znalaz\u0142y  si\u0119 przedstawicielki \u015bwiata nauki, polityki, dzia\u0142aczki spo\u0142eczne a tak\u017ce osobowo\u015bci medialne. <\/p>\n<p><a href=\"http:\/\/fundacjaoda.pl\/wp-content\/uploads\/2018\/12\/11.jpg\"><img loading=\"lazy\" src=\"http:\/\/fundacjaoda.pl\/wp-content\/uploads\/2018\/12\/11.jpg\" alt=\"11\" style=\"margin-right: 10px;\" width=\"20%\" height=\"20%\" class=\"alignnone size-full wp-image-15953\" align=\"left\" srcset=\"http:\/\/fundacjaoda.pl\/wp-content\/uploads\/2018\/12\/11.jpg 900w, http:\/\/fundacjaoda.pl\/wp-content\/uploads\/2018\/12\/11-150x100.jpg 150w\" sizes=\"(max-width: 900px) 100vw, 900px\" \/><\/a>Sylwetki inspiruj\u0105cych kobiet Wo\u0142omina przybli\u017cy\u0142a zebranym Danuta Michalik, prezes Fundacji ODA. Podkre\u015bli\u0142a, \u017ce na wsp\u00f3\u0142czesny Wo\u0142omin mo\u017cna patrze\u0107 jak na miasto kobiet: kobiety kieruj\u0105 szko\u0142ami, bibliotekami, lokalnymi mediami, organizacjami pozarz\u0105dowymi i firmami. Burmistrz Wo\u0142omina El\u017cbieta Radwan sprawuj\u0105ca urz\u0105d ju\u017c drug\u0105 kadencj\u0119 jest pierwsz\u0105 kobiet\u0105 na tym stanowisku w stuletniej historii miasta. R\u00f3wnie\u017c w Radzie Miejskiej obecne s\u0105 kobiety\u2013 w tej kadencji zdoby\u0142y 9 mandat\u00f3w. Wsp\u00f3\u0142organizatorka konferencji swoje wyst\u0105pienie po\u015bwi\u0119ci\u0142a om\u00f3wieniu projektu \u201eWo\u0142omi\u0144skie Magnolie\u201d, kt\u00f3rego celem jest wsparcie i promocja aktywnych spo\u0142ecznie mieszkanek. W&nbsp;dotychczasowych konkursach wy\u0142onionych zosta\u0142o 15 kobiet, kt\u00f3re swoj\u0105 dzia\u0142alno\u015bci\u0105 przyczyniaj\u0105 si\u0119 do rozwoju kultury, przedsi\u0119biorczo\u015bci i&nbsp;aktywizacji spo\u0142ecznej. Konkurs jest pr\u00f3b\u0105 pokazania kobiecej, aktywnej i pi\u0119kniejszej strony Wo\u0142omina. Wyr\u00f3\u017cnione kobiety otrzyma\u0142y tytu\u0142 \u201eWo\u0142omi\u0144skich Magnolii\u201d. Ich zdj\u0119cia zaprezentowane zosta\u0142y na specjalnie przygotowanej wystawie towarzysz\u0105cej konferencji.<\/p>\n<p><a href=\"http:\/\/fundacjaoda.pl\/wp-content\/uploads\/2018\/12\/IMG_9669.jpg\"><img loading=\"lazy\" src=\"http:\/\/fundacjaoda.pl\/wp-content\/uploads\/2018\/12\/IMG_9669.jpg\" alt=\"IMG_9669\" style=\"margin-right: 10px;\" width=\"20%\" height=\"20%\" class=\"alignnone size-full wp-image-15999\" align=\"left\" srcset=\"http:\/\/fundacjaoda.pl\/wp-content\/uploads\/2018\/12\/IMG_9669.jpg 900w, http:\/\/fundacjaoda.pl\/wp-content\/uploads\/2018\/12\/IMG_9669-150x100.jpg 150w\" sizes=\"(max-width: 900px) 100vw, 900px\" \/><\/a>Na zako\u0144czenie spotkania prelegentki oraz laureatki konkursu \u201eWo\u0142omi\u0144skie Magnolie\u201d otrzyma\u0142y specjalnie przygotowane na t\u0119 okoliczno\u015b\u0107 pami\u0105tkowe torebki zaprojektowane przez artyst\u0119 Andrzeja Kalet\u0119. <\/p>\n<p><a href=\"http:\/\/fundacjaoda.pl\/?page_id=15993\" title=\"Galeria \u2013 Konferencja naukowa 2018\">Galeria<\/a><\/p>\n<p><strong><a href=\"http:\/\/fundacjaoda.pl\/?page_id=2206\" title=\"Popularyzacja nauki\">Powr\u00f3t<\/a><\/strong><\/p>\n","protected":false},"excerpt":{"rendered":"","protected":false},"author":1,"featured_media":0,"parent":0,"menu_order":0,"comment_status":"closed","ping_status":"closed","template":"","meta":[],"_links":{"self":[{"href":"http:\/\/fundacjaoda.pl\/index.php?rest_route=\/wp\/v2\/pages\/15998"}],"collection":[{"href":"http:\/\/fundacjaoda.pl\/index.php?rest_route=\/wp\/v2\/pages"}],"about":[{"href":"http:\/\/fundacjaoda.pl\/index.php?rest_route=\/wp\/v2\/types\/page"}],"author":[{"embeddable":true,"href":"http:\/\/fundacjaoda.pl\/index.php?rest_route=\/wp\/v2\/users\/1"}],"replies":[{"embeddable":true,"href":"http:\/\/fundacjaoda.pl\/index.php?rest_route=%2Fwp%2Fv2%2Fcomments&post=15998"}],"version-history":[{"count":13,"href":"http:\/\/fundacjaoda.pl\/index.php?rest_route=\/wp\/v2\/pages\/15998\/revisions"}],"predecessor-version":[{"id":16018,"href":"http:\/\/fundacjaoda.pl\/index.php?rest_route=\/wp\/v2\/pages\/15998\/revisions\/16018"}],"wp:attachment":[{"href":"http:\/\/fundacjaoda.pl\/index.php?rest_route=%2Fwp%2Fv2%2Fmedia&parent=15998"}],"curies":[{"name":"wp","href":"https:\/\/api.w.org\/{rel}","templated":true}]}}