{"id":14670,"date":"2018-05-06T23:09:30","date_gmt":"2018-05-06T21:09:30","guid":{"rendered":"http:\/\/fundacjaoda.pl\/?page_id=14670"},"modified":"2019-05-08T20:57:38","modified_gmt":"2019-05-08T18:57:38","slug":"adam-sychowski","status":"publish","type":"page","link":"http:\/\/fundacjaoda.pl\/?page_id=14670","title":{"rendered":"Adam Sychowski"},"content":{"rendered":"<p><a href=\"http:\/\/fundacjaoda.pl\/wp-content\/uploads\/2018\/05\/Adam-Sychowski.jpg\"><img loading=\"lazy\" src=\"http:\/\/fundacjaoda.pl\/wp-content\/uploads\/2018\/05\/Adam-Sychowski.jpg\" alt=\"Adam Sychowski\" style=\"margin-right:10px\" width=\"20%\" height=\"20%\" class=\"alignnone size-full wp-image-14671\" align=\"left\" srcset=\"http:\/\/fundacjaoda.pl\/wp-content\/uploads\/2018\/05\/Adam-Sychowski.jpg 150w, http:\/\/fundacjaoda.pl\/wp-content\/uploads\/2018\/05\/Adam-Sychowski-112x150.jpg 112w\" sizes=\"(max-width: 150px) 100vw, 150px\" \/><\/a> Absolwent Akademii Muzycznej im. Fryderyka Chopina w Warszawie (obecnie Uniwersytet Muzyczny Fryderyka Chopina). Wyst\u0119puje podczas wieczor\u00f3w tematycznych Teatru Buffo m. in. graj\u0105c w duecie fortepianowym z Januszem Stok\u0142os\u0105. W ubieg\u0142ych latach wsp\u00f3\u0142pracowa\u0142 z Teatrem Komedia, Teatrem Rampa (musical &#8222;Jesus Christ Superstar&#8221;), Teatrem IMKA oraz orkiestr\u0105 Concentus Pro Arte. Dokona\u0142 szeregu nagra\u0144 dla Polskiego Radia i Telewizji Polskiej (m. in. wsp\u00f3\u0142uczestnicz\u0105c w nagraniach muzyki do film\u00f3w &#8222;M\u00f3j Nikifor&#8221; i &#8222;Plac Zbawiciela&#8221; Krzysztofa Krauzego). Od 1997 roku nieprzerwanie bierze udzia\u0142 w projektach edukacyjnych Filharmonii Narodowej.<\/p>\n","protected":false},"excerpt":{"rendered":"<p>Absolwent Akademii Muzycznej im. Fryderyka Chopina w Warszawie (obecnie Uniwersytet Muzyczny Fryderyka Chopina). Wyst\u0119puje podczas wieczor\u00f3w tematycznych Teatru Buffo m. in. graj\u0105c w duecie fortepianowym z Januszem Stok\u0142os\u0105. W ubieg\u0142ych latach wsp\u00f3\u0142pracowa\u0142 z Teatrem Komedia, Teatrem Rampa (musical &#8222;Jesus Christ Superstar&#8221;), Teatrem IMKA oraz orkiestr\u0105 Concentus Pro Arte. Dokona\u0142 szeregu \u2026 <a href=\"http:\/\/fundacjaoda.pl\/?page_id=14670\"> Continue reading <span class=\"meta-nav\">&rarr; <\/span><\/a><\/p>\n","protected":false},"author":1,"featured_media":0,"parent":0,"menu_order":0,"comment_status":"closed","ping_status":"closed","template":"","meta":[],"_links":{"self":[{"href":"http:\/\/fundacjaoda.pl\/index.php?rest_route=\/wp\/v2\/pages\/14670"}],"collection":[{"href":"http:\/\/fundacjaoda.pl\/index.php?rest_route=\/wp\/v2\/pages"}],"about":[{"href":"http:\/\/fundacjaoda.pl\/index.php?rest_route=\/wp\/v2\/types\/page"}],"author":[{"embeddable":true,"href":"http:\/\/fundacjaoda.pl\/index.php?rest_route=\/wp\/v2\/users\/1"}],"replies":[{"embeddable":true,"href":"http:\/\/fundacjaoda.pl\/index.php?rest_route=%2Fwp%2Fv2%2Fcomments&post=14670"}],"version-history":[{"count":5,"href":"http:\/\/fundacjaoda.pl\/index.php?rest_route=\/wp\/v2\/pages\/14670\/revisions"}],"predecessor-version":[{"id":17586,"href":"http:\/\/fundacjaoda.pl\/index.php?rest_route=\/wp\/v2\/pages\/14670\/revisions\/17586"}],"wp:attachment":[{"href":"http:\/\/fundacjaoda.pl\/index.php?rest_route=%2Fwp%2Fv2%2Fmedia&parent=14670"}],"curies":[{"name":"wp","href":"https:\/\/api.w.org\/{rel}","templated":true}]}}