{"id":14660,"date":"2018-05-06T23:03:21","date_gmt":"2018-05-06T21:03:21","guid":{"rendered":"http:\/\/fundacjaoda.pl\/?page_id=14660"},"modified":"2018-05-06T23:06:54","modified_gmt":"2018-05-06T21:06:54","slug":"joanna-okon","status":"publish","type":"page","link":"http:\/\/fundacjaoda.pl\/?page_id=14660","title":{"rendered":"Joanna Oko\u0144"},"content":{"rendered":"<p><a href=\"http:\/\/fundacjaoda.pl\/wp-content\/uploads\/2018\/05\/Joanna-Okon_mala.jpg\"><img loading=\"lazy\" src=\"http:\/\/fundacjaoda.pl\/wp-content\/uploads\/2018\/05\/Joanna-Okon_mala.jpg\" alt=\"Joanna Okon_mala\" style=\"margin-right:10px\" width=\"20%\" height=\"20%\" class=\"alignnone size-full wp-image-14661\" align=\"left\" srcset=\"http:\/\/fundacjaoda.pl\/wp-content\/uploads\/2018\/05\/Joanna-Okon_mala.jpg 676w, http:\/\/fundacjaoda.pl\/wp-content\/uploads\/2018\/05\/Joanna-Okon_mala-112x150.jpg 112w\" sizes=\"(max-width: 676px) 100vw, 676px\" \/><\/a>Pochodzi z rodziny z muzycznymi tradycjami. Od najm\u0142odszych lat wyst\u0119powa\u0142a na estradach koncertowych razem z mam\u0105 \u2013 pianistk\u0105, Alin\u0105 Jasielsk\u0105-Oko\u0144. Jest absolwentk\u0105 Akademii Muzycznej im. Fryderyka Chopina w&nbsp;Warszawie (obecnie Uniwersytet Muzyczny Fryderyka Chopina), gdzie kszta\u0142ci\u0142a si\u0119 w klasie skrzypiec Janusza Kucharskiego, a nast\u0119pnie na studiach podyplomowych pod kierunkiem Jana Staniendy. Odby\u0142a tak\u017ce sta\u017c artystyczny w klasie Konstantego Andrzeja Kulki. Swoje umiej\u0119tno\u015bci doskonali\u0142a pod kierunkiem Mariny Jaszwili oraz jako stypendystka Mi\u0119dzynarodowego Kursu Orkiestrowego w Attergau (Austria) prowadzonego przez Filharmonik\u00f3w Wiede\u0144skich. Tam przez kilka letnich sezon\u00f3w pracowa\u0142a pod okiem takich dyrygent\u00f3w, jak Sir Neville Marriner, Riccardo Muti, Fabio Luisi, S\u00e1ndor V\u00e9gh, Leopold Hager, Theodor Guschlbauer, Heinrich Schiff. Jest laureatk\u0105 m.in. I nagrody na Przes\u0142uchaniach M\u0142odych Skrzypk\u00f3w w Warszawie (1991) oraz IV nagrody w&nbsp;Og\u00f3lnopolskim Konkursie Skrzypcowym w Elbl\u0105gu (1993).<br \/>\nUczestniczy\u0142a w Mi\u0119dzynarodowym Kursie Muzycznym w \u0141a\u0144cucie, Mi\u0119dzynarodowym Festiwalu Muzycznym im. Karola Szymanowskiego w&nbsp;Zakopanem, Mi\u0119dzynarodowym Festiwalu Muzyki Wsp\u00f3\u0142czesnej w Kobe (Japonia). By\u0142a wsp\u00f3\u0142tw\u00f3rczyni\u0105 interdyscyplinarnych przedsi\u0119wzi\u0119\u0107 artystycznych, m.in. widowiska muzycznego Mity w Teatrze Ma\u0142ym w Warszawie oraz w Teatrze im. Stanis\u0142awa Ignacego Witkiewicza w&nbsp;Zakopanem.<br \/>\nWsp\u00f3\u0142pracowa\u0142a z wieloma znanymi zespo\u0142ami, takimi jak Warszawscy Soli\u015bci Concerto Avenna, Filharmonia Narod\u00f3w (dyr. Justus Frantz) oraz Sinfonia Varsovia, z kt\u00f3r\u0105 wsp\u00f3\u0142pracuje do chwili obecnej.<br \/>\nWa\u017cne miejsce w dzia\u0142alno\u015bci artystki zajmuj\u0105 koncerty edukacyjne organizowane przez Filharmoni\u0119 Narodow\u0105. Joanna Oko\u0144 jest r\u00f3wnie\u017c pedagogiem w Zespole Pa\u0144stwowych Szk\u00f3l Muzycznych nr 1 w Warszawie. <\/p>\n","protected":false},"excerpt":{"rendered":"<p>Pochodzi z rodziny z muzycznymi tradycjami. Od najm\u0142odszych lat wyst\u0119powa\u0142a na estradach koncertowych razem z mam\u0105 \u2013 pianistk\u0105, Alin\u0105 Jasielsk\u0105-Oko\u0144. Jest absolwentk\u0105 Akademii Muzycznej im. Fryderyka Chopina w&nbsp;Warszawie (obecnie Uniwersytet Muzyczny Fryderyka Chopina), gdzie kszta\u0142ci\u0142a si\u0119 w klasie skrzypiec Janusza Kucharskiego, a nast\u0119pnie na studiach podyplomowych pod kierunkiem Jana Staniendy. \u2026 <a href=\"http:\/\/fundacjaoda.pl\/?page_id=14660\"> Continue reading <span class=\"meta-nav\">&rarr; <\/span><\/a><\/p>\n","protected":false},"author":1,"featured_media":0,"parent":0,"menu_order":0,"comment_status":"closed","ping_status":"closed","template":"","meta":[],"_links":{"self":[{"href":"http:\/\/fundacjaoda.pl\/index.php?rest_route=\/wp\/v2\/pages\/14660"}],"collection":[{"href":"http:\/\/fundacjaoda.pl\/index.php?rest_route=\/wp\/v2\/pages"}],"about":[{"href":"http:\/\/fundacjaoda.pl\/index.php?rest_route=\/wp\/v2\/types\/page"}],"author":[{"embeddable":true,"href":"http:\/\/fundacjaoda.pl\/index.php?rest_route=\/wp\/v2\/users\/1"}],"replies":[{"embeddable":true,"href":"http:\/\/fundacjaoda.pl\/index.php?rest_route=%2Fwp%2Fv2%2Fcomments&post=14660"}],"version-history":[{"count":7,"href":"http:\/\/fundacjaoda.pl\/index.php?rest_route=\/wp\/v2\/pages\/14660\/revisions"}],"predecessor-version":[{"id":14668,"href":"http:\/\/fundacjaoda.pl\/index.php?rest_route=\/wp\/v2\/pages\/14660\/revisions\/14668"}],"wp:attachment":[{"href":"http:\/\/fundacjaoda.pl\/index.php?rest_route=%2Fwp%2Fv2%2Fmedia&parent=14660"}],"curies":[{"name":"wp","href":"https:\/\/api.w.org\/{rel}","templated":true}]}}