{"id":13307,"date":"2017-11-21T13:36:54","date_gmt":"2017-11-21T12:36:54","guid":{"rendered":"http:\/\/fundacjaoda.pl\/?page_id=13307"},"modified":"2017-11-21T14:13:06","modified_gmt":"2017-11-21T13:13:06","slug":"szlagiery-muzyki-filmowej","status":"publish","type":"page","link":"http:\/\/fundacjaoda.pl\/?page_id=13307","title":{"rendered":"Szlagiery muzyki filmowej"},"content":{"rendered":"<p><a href=\"http:\/\/fundacjaoda.pl\/wp-content\/uploads\/2017\/11\/IMG_4124_1.jpg\"><img loading=\"lazy\" src=\"http:\/\/fundacjaoda.pl\/wp-content\/uploads\/2017\/11\/IMG_4124_1.jpg\" alt=\"IMG_4124_1\" style=\"margin-right: 10px;\" width=\"20%\" height=\"20%\" class=\"alignnone size-full wp-image-13289\" align=\"left\" srcset=\"http:\/\/fundacjaoda.pl\/wp-content\/uploads\/2017\/11\/IMG_4124_1.jpg 900w, http:\/\/fundacjaoda.pl\/wp-content\/uploads\/2017\/11\/IMG_4124_1-150x100.jpg 150w\" sizes=\"(max-width: 900px) 100vw, 900px\" \/><\/a><strong>Agnieszka i \u0141ukasz Wojakowscy<\/strong> stworzyli tego wieczoru \u015bwietny duet muzyczno-wokalny \u2013 on zawsze na pianinie, czasem \u015bpiew, ona zawsze \u015bpiew, czasem na skrzypcach &#8211; reprezentuj\u0105c repertuar z\u0142o\u017cony z piosenek filmowych polskich i zagranicznych. Piosenk\u0105 <em>\u201ePowr\u00f3\u0107my jak za dawnych lat\u201d<\/em> zabrali zgromadzonych w izbie go\u015bci w podr\u00f3\u017c przez lata poczynaj\u0105c od lat 30 a na 50. ko\u0144cz\u0105c. Ten muzyczny przegl\u0105d wype\u0142ni\u0142y piosenki, kt\u00f3re po dzi\u015b dzie\u0144 oczarowuj\u0105 publiczno\u015b\u0107 w ka\u017cdym wieku. Niekt\u00f3re \u017cyj\u0105 w\u0142asnym \u017cyciem i nikt ju\u017c nie pami\u0119ta sk\u0105d pochodz\u0105. \u015awiadczy\u0142y o tym, \u017ce w tym okresie przedwojennym Polska by\u0142a prawdziw\u0105 pot\u0119g\u0105 filmow\u0105 i muzyczn\u0105. <\/p>\n<p><a href=\"http:\/\/fundacjaoda.pl\/wp-content\/uploads\/2017\/11\/IMG_4130.jpg\"><img loading=\"lazy\" src=\"http:\/\/fundacjaoda.pl\/wp-content\/uploads\/2017\/11\/IMG_4130.jpg\" alt=\"IMG_4130\" style=\"margin-left: 10px;\" width=\"20%\" height=\"20%\" class=\"alignnone size-full wp-image-13262\" align=\"right\" srcset=\"http:\/\/fundacjaoda.pl\/wp-content\/uploads\/2017\/11\/IMG_4130.jpg 600w, http:\/\/fundacjaoda.pl\/wp-content\/uploads\/2017\/11\/IMG_4130-100x150.jpg 100w\" sizes=\"(max-width: 600px) 100vw, 600px\" \/><\/a>Wiele polskich utwor\u00f3w przedwojennych zrobi\u0142o \u015bwiatow\u0105 karier\u0119, jak np. <em>\u201eTango milonga\u201d<\/em>, kt\u00f3re skomponowa\u0142 Jerzy Petersburski do tekstu Andrzeja W\u0142asta dla rewii \u201eWarszawa w kwiatach\u201d. Agnieszka Wojakowska przypomnia\u0142a nam utw\u00f3r tej samej pary autor\u00f3w pt. <em>\u201eJa si\u0119 boj\u0119 sama spa\u0107\u201d<\/em>. Piosenka <em>\u201eOdrobina szcz\u0119\u015bcia w&nbsp;mi\u0142o\u015bci\u201d<\/em> przypomnia\u0142a innego polskiego kompozytora Emanuela Szlechtera, kt\u00f3ry skomponowa\u0142 j\u0105 w 1934 r. do filmu \u201eCo m\u00f3j m\u0105\u017c robi w nocy?\u201d. Wszyscy go\u015bcie w Izbie wt\u00f3rowali Agnieszce Wojakowskiej, tekst tej piosenki jest bowiem dobrze znany z repertuaru wielu powojennych piosenkarzy takich, jak Bogdan \u0141azuka i Irena Santor. <\/p>\n<p><a href=\"http:\/\/fundacjaoda.pl\/wp-content\/uploads\/2017\/11\/IMG_4084.jpg\"><img loading=\"lazy\" src=\"http:\/\/fundacjaoda.pl\/wp-content\/uploads\/2017\/11\/IMG_4084.jpg\" alt=\"IMG_4084\" style=\"margin-right: 10px;\" width=\"20%\" height=\"20%\" class=\"alignnone size-full wp-image-13225\" align=\"left\" srcset=\"http:\/\/fundacjaoda.pl\/wp-content\/uploads\/2017\/11\/IMG_4084.jpg 886w, http:\/\/fundacjaoda.pl\/wp-content\/uploads\/2017\/11\/IMG_4084-150x101.jpg 150w\" sizes=\"(max-width: 886px) 100vw, 886px\" \/><\/a>W tym czasie za granic\u0105 grano i \u015bpiewano anonimowy <em>\u201eAll of me\u201d<\/em>, wykorzystywany w wielu filmach, mi\u0119dzy innymi w \u201eP\u00f3\u0142 \u017cartem, p\u00f3\u0142 serio\u201d. Z polskiego filmu \u201eAda! To nie wypada!\u201d pochodzi\u0142 utrzymany w podobnym stylu disco znany szlagier 20-lecia mi\u0119dzywojennego, pod tym samym tytu\u0142em, skomponowany przez Zygmunta Wiehlera ze s\u0142owami Jerzego Jurandota. Agnieszka Wojakowska za\u015bpiewa\u0142a go wraz ze zgromadzon\u0105 publiczno\u015bci.<\/p>\n<p><a href=\"http:\/\/fundacjaoda.pl\/wp-content\/uploads\/2017\/11\/IMG_4083.jpg\"><img loading=\"lazy\" src=\"http:\/\/fundacjaoda.pl\/wp-content\/uploads\/2017\/11\/IMG_4083.jpg\" alt=\"IMG_4083\" style=\"margin-left: 10px;\" width=\"20%\" height=\"20%\" class=\"alignnone size-full wp-image-13224\" align=\"right\" srcset=\"http:\/\/fundacjaoda.pl\/wp-content\/uploads\/2017\/11\/IMG_4083.jpg 723w, http:\/\/fundacjaoda.pl\/wp-content\/uploads\/2017\/11\/IMG_4083-150x124.jpg 150w\" sizes=\"(max-width: 723px) 100vw, 723px\" \/><\/a>Nie spos\u00f3b by\u0142o pomin\u0105\u0107 w tym zestawie dw\u00f3ch piosenek, kt\u00f3re przesz\u0142y do historii ze wzgl\u0119du na posta\u0107 ich wykonawczyni, Marilyn Monroe \u2013 piosenki z musicalu \u201eGood boy\u201d pt. <em>\u201e&#8221;I Wanna Be Loved By You\u201d<\/em> oraz  <em>\u201eDiamonds Are a Girl&#8217;s Best Friend\u201d<\/em> z filmu \u201eM\u0119\u017cczy\u017ani wol\u0105 blondynki\u201d. Z filmu \u201eGilda\u201d nakr\u0119conego w roku 1946&nbsp;r. pochodzi\u0142 kolejny utw\u00f3r \u201eAmado Mio\u201d napisany przez Doris Fisher i  Allana Robertsa, a \u015bpiewany w filmie przez s\u0142ynn\u0105 Rit\u0119 Hayworth. Podobnym wdzi\u0119kiem emanowa\u0142 znacznie wcze\u015bniej, bo ju\u017c przed wojn\u0105 Eugeniusz Bodo przebrany za kobiet\u0119 w filmie \u201ePi\u0119tro wy\u017cej\u201d. Z tego filmu pochodzi\u0142a kolejna piosenka <em>\u201eSexapil\u201d<\/em> z tekstem Emanuela Szlechtera i muzyk\u0105 Henryka Warsa.<\/p>\n<p><a href=\"http:\/\/fundacjaoda.pl\/wp-content\/uploads\/2017\/11\/IMG_4122.jpg\"><img loading=\"lazy\" src=\"http:\/\/fundacjaoda.pl\/wp-content\/uploads\/2017\/11\/IMG_4122.jpg\" alt=\"IMG_4122\" style=\"margin-right: 10px;\" width=\"20%\" height=\"20%\" class=\"alignnone size-full wp-image-13254\" align=\"left\" srcset=\"http:\/\/fundacjaoda.pl\/wp-content\/uploads\/2017\/11\/IMG_4122.jpg 685w, http:\/\/fundacjaoda.pl\/wp-content\/uploads\/2017\/11\/IMG_4122-150x131.jpg 150w\" sizes=\"(max-width: 685px) 100vw, 685px\" \/><\/a>Kolejnym polski autorem tekst\u00f3w, po kt\u00f3rego utw\u00f3r si\u0119gn\u0119li pa\u0144stwo Wojakowscy by\u0142 Marian Hemar, autor tekst\u00f3w ponad dw\u00f3ch tysi\u0119cy piosenek. Na ten wiecz\u00f3r wybrali utw\u00f3r, po kt\u00f3ry rzadko si\u0119gali polscy wykonawcy zatytu\u0142owany <em>\u201eFilozofia ma\u0142\u017ce\u0144ska\u201d<\/em>. Agnieszka Wojakowska wykona\u0142a ten utw\u00f3r tak \u017cywio\u0142owo, \u017ce rozbawiona t\u0105 interpretacj\u0105 publiczno\u015b\u0107 poprosi\u0142a o jego ponowne wykonanie na bis. W przygotowanym na ten wiecz\u00f3r repertuarze nie mog\u0142o zabrakn\u0105\u0107 muzyki z filmu \u201eCasablanka\u201d z 1942 r. Wyb\u00f3r pad\u0142 na <em>\u201eAs Time Goes By&#8221;<\/em> napisany przez H. Hupfelda i wykonany w filmie przez Dooleya Wilsona. Utw\u00f3r ten zosta\u0142 umieszczony na drugim miejscu listy 100 najlepszych piosenek filmowych wszech czas\u00f3w wg Ameryka\u0144skiego Instytutu Filmowego.<\/p>\n<p><a href=\"http:\/\/fundacjaoda.pl\/wp-content\/uploads\/2017\/11\/IMG_4103.jpg\"><img loading=\"lazy\" src=\"http:\/\/fundacjaoda.pl\/wp-content\/uploads\/2017\/11\/IMG_4103.jpg\" alt=\"IMG_4103\" style=\"margin-left: 10px;\" width=\"20%\" height=\"20%\"  class=\"alignnone size-full wp-image-13237\" align=\"right\" srcset=\"http:\/\/fundacjaoda.pl\/wp-content\/uploads\/2017\/11\/IMG_4103.jpg 658w, http:\/\/fundacjaoda.pl\/wp-content\/uploads\/2017\/11\/IMG_4103-150x136.jpg 150w\" sizes=\"(max-width: 658px) 100vw, 658px\" \/><\/a>Piosenka <em>\u201eNikt tylko ty\u201d<\/em> z repertuaru Miry Zimi\u0144skij-Sygiety\u0144skiej da\u0142 okazj\u0119 do przytoczenia anegdoty, kt\u00f3ra przypomnia\u0142, jak barwn\u0105 i nietuzinkow\u0105 postaci\u0105 na polskiej scenie by\u0142a Mira Zimi\u0144ska. Muzyk\u0119 do oryginalnej wersji piosenki skomponowa\u0142 Arthur Johnston, natomiast polskie s\u0142owa napisa\u0142 Marian Hemar. Z filmu Alfreda Hitchcocka pt. \u201eCz\u0142owiek, kt\u00f3ry wiedzia\u0142 za du\u017co\u201d z 1956 r. pochodzi\u0142a kolejna piosenka <em>\u201eQue sera, sera\u201d<\/em>, wykonywany w filmie przez Doris Day, spopularyzowany przez wielu wykonawc\u00f3w, takich jak Yves Montand i&nbsp;Frank Sinatra. W\u015br\u00f3d utwor\u00f3w, kt\u00f3re \u0141ukasz Wojakowski przypomnia\u0142 znalaz\u0142y si\u0119 r\u00f3wnie\u017c takie, kt\u00f3re by\u0142y jedynymi warto\u015bciowymi elementami filmu i dzi\u0119ki kt\u00f3rym film zosta\u0142 w og\u00f3le zapami\u0119tany. Takim utworem by\u0142a pie\u015b\u0144 rozmarzonej Dorotki pt. <em>\u201eOver the rainbow\u201d<\/em> z filmu \u201eCzarnoksi\u0119\u017cnik z krainy Oz\u201d 1939 r. Klasyczna ballada napisana przez Harolda Arlena i&nbsp;E.Y.&nbsp;Harburga zaj\u0119\u0142a pierwsze miejsce na li\u015bcie 100 najlepszych piosenek filmowych wszech czas\u00f3w wg Ameryka\u0144skiego Instytutu Filmowego, tu\u017c przed <em>\u201eAs Time Goes By&#8221;<\/em> z filmu \u201eCasablanca\u201d.<\/p>\n<p><a href=\"http:\/\/fundacjaoda.pl\/wp-content\/uploads\/2017\/11\/IMG_4133.jpg\"><img loading=\"lazy\" src=\"http:\/\/fundacjaoda.pl\/wp-content\/uploads\/2017\/11\/IMG_4133.jpg\" alt=\"IMG_4133\" style=\"margin-right: 10px;\" width=\"20%\" height=\"20%\"class=\"alignnone size-full wp-image-13265\" align=\"left\" srcset=\"http:\/\/fundacjaoda.pl\/wp-content\/uploads\/2017\/11\/IMG_4133.jpg 600w, http:\/\/fundacjaoda.pl\/wp-content\/uploads\/2017\/11\/IMG_4133-100x150.jpg 100w\" sizes=\"(max-width: 600px) 100vw, 600px\" \/><\/a><a href=\"http:\/\/fundacjaoda.pl\/wp-content\/uploads\/2017\/11\/IMG_4140.jpg\"><img loading=\"lazy\" src=\"http:\/\/fundacjaoda.pl\/wp-content\/uploads\/2017\/11\/IMG_4140.jpg\" alt=\"IMG_4140\" style=\"margin-left: 10px;\" width=\"20%\" height=\"20%\" class=\"alignnone size-full wp-image-13269\" align=\"right\" srcset=\"http:\/\/fundacjaoda.pl\/wp-content\/uploads\/2017\/11\/IMG_4140.jpg 806w, http:\/\/fundacjaoda.pl\/wp-content\/uploads\/2017\/11\/IMG_4140-150x111.jpg 150w\" sizes=\"(max-width: 806px) 100vw, 806px\" \/><\/a>Z polskiego filmu \u201eSkarb\u201d z 1948 r. pochodzi\u0142a piosenka zatytu\u0142owana <em>\u201eJest taki jeden skarb\u201d<\/em> skomponowana przez Jerzego Haralda do s\u0142\u00f3w Jerzego Jurandota. Na zako\u0144czenie zebrani w Izbie go\u015bcie mogli przypomnie\u0107 sobie scen\u0119 z filmu filmie \u201ePawe\u0142 i Gawe\u0142\u201d z 1938 r., w kt\u00f3rej duet w sk\u0142adzie Adolf Dymsza i Eugeniusz Bodo pochyla si\u0119 nad \u0142\u00f3\u017ckiem Heleny Gross\u00f3wny graj\u0105cej \u201ecudowne dziecko\u201d Violett\u0119 Bellami i \u015bpiewa ko\u0142ysank\u0119 <em>\u201eAch \u015bpij Kochanie\u201d<\/em>. Jak zwykle po koncercie wszyscy zgormadzeni w Izbie &#8211; arty\u015bci i  go\u015bcie &#8211; zostali zaproszeni na s\u0142odki pocz\u0119stunek.<\/p>\n","protected":false},"excerpt":{"rendered":"<p>Agnieszka i \u0141ukasz Wojakowscy stworzyli tego wieczoru \u015bwietny duet muzyczno-wokalny \u2013 on zawsze na pianinie, czasem \u015bpiew, ona zawsze \u015bpiew, czasem na skrzypcach &#8211; reprezentuj\u0105c repertuar z\u0142o\u017cony z piosenek filmowych polskich i zagranicznych. Piosenk\u0105 \u201ePowr\u00f3\u0107my jak za dawnych lat\u201d zabrali zgromadzonych w izbie go\u015bci w podr\u00f3\u017c przez lata poczynaj\u0105c od \u2026 <a href=\"http:\/\/fundacjaoda.pl\/?page_id=13307\"> Continue reading <span class=\"meta-nav\">&rarr; <\/span><\/a><\/p>\n","protected":false},"author":1,"featured_media":0,"parent":0,"menu_order":0,"comment_status":"closed","ping_status":"closed","template":"","meta":[],"_links":{"self":[{"href":"http:\/\/fundacjaoda.pl\/index.php?rest_route=\/wp\/v2\/pages\/13307"}],"collection":[{"href":"http:\/\/fundacjaoda.pl\/index.php?rest_route=\/wp\/v2\/pages"}],"about":[{"href":"http:\/\/fundacjaoda.pl\/index.php?rest_route=\/wp\/v2\/types\/page"}],"author":[{"embeddable":true,"href":"http:\/\/fundacjaoda.pl\/index.php?rest_route=\/wp\/v2\/users\/1"}],"replies":[{"embeddable":true,"href":"http:\/\/fundacjaoda.pl\/index.php?rest_route=%2Fwp%2Fv2%2Fcomments&post=13307"}],"version-history":[{"count":22,"href":"http:\/\/fundacjaoda.pl\/index.php?rest_route=\/wp\/v2\/pages\/13307\/revisions"}],"predecessor-version":[{"id":13334,"href":"http:\/\/fundacjaoda.pl\/index.php?rest_route=\/wp\/v2\/pages\/13307\/revisions\/13334"}],"wp:attachment":[{"href":"http:\/\/fundacjaoda.pl\/index.php?rest_route=%2Fwp%2Fv2%2Fmedia&parent=13307"}],"curies":[{"name":"wp","href":"https:\/\/api.w.org\/{rel}","templated":true}]}}