{"id":11984,"date":"2017-09-03T12:56:28","date_gmt":"2017-09-03T10:56:28","guid":{"rendered":"http:\/\/fundacjaoda.pl\/?page_id=11984"},"modified":"2017-09-03T13:37:42","modified_gmt":"2017-09-03T11:37:42","slug":"jak-gadac-zeby-sie-dogadac-spotkanie-z-doktor-grazyna-machura-wiewiorko","status":"publish","type":"page","link":"http:\/\/fundacjaoda.pl\/?page_id=11984","title":{"rendered":"Spotkanie z doktor Gra\u017cyn\u0105 Machur\u0105-Wiewi\u00f3rko"},"content":{"rendered":"<p><a href=\"http:\/\/fundacjaoda.pl\/wp-content\/uploads\/2017\/09\/IMG_2686.jpg\"><img loading=\"lazy\" src=\"http:\/\/fundacjaoda.pl\/wp-content\/uploads\/2017\/09\/IMG_2686.jpg\" alt=\"IMG_2686\" style=\"margin-right: 10px\" width=\"25%\" height=\"25%\" class=\"alignnone size-full wp-image-11968\" align=\"left\" srcset=\"http:\/\/fundacjaoda.pl\/wp-content\/uploads\/2017\/09\/IMG_2686.jpg 900w, http:\/\/fundacjaoda.pl\/wp-content\/uploads\/2017\/09\/IMG_2686-150x100.jpg 150w\" sizes=\"(max-width: 900px) 100vw, 900px\" \/><\/a>Danuta Michalik przedstawi\u0142a zebranym doktor Gra\u017cyn\u0119 Machur\u0119-Wiewi\u00f3rko. Temat spotkania sprawi\u0142, \u017ce do Izby przybyli go\u015bcie, w\u015br\u00f3d kt\u00f3rych pani Gra\u017cyna rozpozna\u0142a licznych znajomych \u2013 wsp\u00f3\u0142pracownik\u00f3w, swoich pacjent\u00f3w, przyjaci\u00f3\u0142. <\/p>\n<p><a href=\"http:\/\/fundacjaoda.pl\/wp-content\/uploads\/2017\/09\/IMG_2691.jpg\"><img loading=\"lazy\" src=\"http:\/\/fundacjaoda.pl\/wp-content\/uploads\/2017\/09\/IMG_2691.jpg\" alt=\"IMG_2691\" style=\"margin-left: 10px\" width=\"25%\" height=\"25%\" class=\"alignnone size-full wp-image-11973\" align=\"right\" srcset=\"http:\/\/fundacjaoda.pl\/wp-content\/uploads\/2017\/09\/IMG_2691.jpg 900w, http:\/\/fundacjaoda.pl\/wp-content\/uploads\/2017\/09\/IMG_2691-150x100.jpg 150w\" sizes=\"(max-width: 900px) 100vw, 900px\" \/><\/a>W swoim wyst\u0105pieniu pani doktor zwr\u00f3ci\u0142a uwag\u0119 na to, \u017ce zatraca si\u0119 w\u0142a\u015bciwy charakter wizyty lekarskiej. Na przytoczonych licznych przyk\u0142adach zademonstrowa\u0142a r\u00f3\u017cne postawy pacjent\u00f3w, kt\u00f3rzy traktuj\u0105 wizyt\u0119 lekarsk\u0105 i spotkanie z lekarzem bardzo powierzchownie. Uniemo\u017cliwiaj\u0105 tym samym lekarzowi w\u0142a\u015bciwe podej\u015bcie do siebie jako pacjenta, a tym samym utrudniaj\u0105 podj\u0119cie prawid\u0142owego rozpoznania, a nast\u0119pnie leczenia rozpoznanego schorzenia. Por\u00f3wna\u0142a takich pacjent\u00f3w do klienta, kt\u00f3ry przyszed\u0142 do sklepu po bu\u0142eczki, a przy okazji wy\u0142udzi\u0142 trzy cukierki. Podczas gdy lekarze s\u0105 ci\u0105gle szkoleni w temacie w\u0142a\u015bciwego podej\u015bcia do pacjenta, pacjenci nie zdaj\u0105 sobie sprawy z tego, jak nale\u017cy w\u0142a\u015bciwie post\u0119powa\u0107 podczas wizyty lekarskiej. Brak podstawowej wiedzy w tej materii sprawia, \u017ce cz\u0119sto trac\u0105 sw\u00f3j i lekarza czas podczas wizyty, na kt\u00f3r\u0105 z ut\u0119sknieniem czekali. Trac\u0105 tym samym mo\u017cliwo\u015b\u0107 otrzymania w\u0142a\u015bciwej pomocy na swoje dolegliwo\u015bci. Powierzchowno\u015b\u0107 traktowania w\u0142asnych dolegliwo\u015bci i czerpanie wiedzy na ich temat z internetu skazuj\u0105 pacjenta na powierzchowne traktowanie przez lekarza, kt\u00f3remu trudno si\u0119 przebi\u0107 przez mur, jakim pacjent si\u0119 otoczy\u0142.<br \/>\nZdaniem pani doktor podstawowy zesp\u00f3\u0142, kt\u00f3ry powinien pracowa\u0107 na pacjentem, powinien sk\u0142ada\u0107 si\u0119 z internisty, rehabilitanta i psychologa. Umo\u017cliwi\u0142oby to otrzymanie pe\u0142nego obrazu dolegliwo\u015bci oraz u\u0142atwienie bezfarmakologicznego sposobu leczenia. Pacjent za\u015b przychodz\u0105c na wizyt\u0119 powinien by\u0107 do niej przygotowany pod ka\u017cdym wzgl\u0119dem. Powinien przynie\u015b\u0107 ze sob\u0105 wyniki przeprowadzonych bada\u0144, orzeczenia innych specjalist\u00f3w w zakresie odczuwanych przez niego dolegliwo\u015bci. I przede wszystkim powinien opowiedzie\u0107 o swoich dolegliwo\u015bciach w&nbsp;wyczerpuj\u0105cy spos\u00f3b, nie powinien te\u017c zataja\u0107 przed lekarzem niczego z powodu poczuciem wstydu lub za\u017cenowania.<\/p>\n<p><a href=\"http:\/\/fundacjaoda.pl\/wp-content\/uploads\/2017\/09\/IMG_2689.jpg\"><img loading=\"lazy\" src=\"http:\/\/fundacjaoda.pl\/wp-content\/uploads\/2017\/09\/IMG_2689.jpg\" alt=\"IMG_2689\" style=\"margin-right: 10px\" width=\"25%\" height=\"25%\" class=\"alignnone size-full wp-image-11971\" align=\"left\" srcset=\"http:\/\/fundacjaoda.pl\/wp-content\/uploads\/2017\/09\/IMG_2689.jpg 742w, http:\/\/fundacjaoda.pl\/wp-content\/uploads\/2017\/09\/IMG_2689-150x121.jpg 150w\" sizes=\"(max-width: 742px) 100vw, 742px\" \/><\/a>W pewnym momencie pani doktor poprosi\u0142a swoj\u0105 pacjentk\u0119, obecn\u0105 na sali, aby przedstawi\u0142a sw\u00f3j problem zdrowotny i podzieli\u0142a si\u0119 z zebranymi opini\u0105 na temat diagnozy i zalece\u0144, jakie otrzyma\u0142a od swojego lekarza. Tym samym potwierdzi\u0142a tez\u0119 pani doktor, \u017ce z wieloma dolegliwo\u015bciami mo\u017cemy poradzi\u0107 sobie sami prowadz\u0105c bardziej aktywny tryb \u017cycia i stosuj\u0105c diet\u0119 w walce z oty\u0142o\u015bci\u0105. Ta ostatnia bowiem jest cz\u0119sto przyczyn\u0105 wielu schorze\u0144, na kt\u00f3re pacjenci cierpi\u0105. Zdrowie pacjenta le\u017cy wi\u0119c bardzo cz\u0119sto w jego r\u0119kach i nie musi dba\u0107 o nie za pomoc\u0105 \u015brodk\u00f3w farmakologicznych \u2013 cz\u0119sto wystarczy zdrowy, aktywny tryb \u017cycia. Lekcewa\u017cenie tego prostego zalecenia cz\u0119sto utrudnia lub wr\u0119cz uniemo\u017cliwia lekarzowi przywr\u00f3cenie pacjentowi dobrej, zdrowej kondycji. A przede wszystkim &#8211; to nie do pacjenta nale\u017cy ostatnie s\u0142owo w procesie leczenia, to lekarz ma stwierdzi\u0107, \u017ce pacjent jest zdrowy i leczenie mo\u017cna zako\u0144czy\u0107.<\/p>\n<p><a href=\"http:\/\/fundacjaoda.pl\/wp-content\/uploads\/2017\/09\/IMG_2692.jpg\"><img loading=\"lazy\" src=\"http:\/\/fundacjaoda.pl\/wp-content\/uploads\/2017\/09\/IMG_2692.jpg\" alt=\"IMG_2692\" style=\"margin-right: 10px\" width=\"25%\" height=\"25%\" class=\"alignnone size-full wp-image-11974\" align=\"left\" srcset=\"http:\/\/fundacjaoda.pl\/wp-content\/uploads\/2017\/09\/IMG_2692.jpg 900w, http:\/\/fundacjaoda.pl\/wp-content\/uploads\/2017\/09\/IMG_2692-150x100.jpg 150w\" sizes=\"(max-width: 900px) 100vw, 900px\" \/><\/a>Za pomoc\u0105 wybranych ilustracji z atlasu anatomii pani doktor pokaza\u0142a ogrom nabytej podczas studi\u00f3w wiedzy podkre\u015blaj\u0105c, \u017ce sze\u015bcioletnie studia medyczne s\u0105 najci\u0119\u017cszymi studiami. Po ich uko\u0144czeniu nast\u0119puje okres rezydentury, specjalizacje r\u00f3\u017cnego stopnia i wieloletnia praktyka. Lekarze ucz\u0105 si\u0119 stale, podnosz\u0105 nieustannie swoje kwalifikacje. W ramach danego im 24-godzinnego dnia nie tylko pracuj\u0105, ale r\u00f3wnie\u017c uczestnicz\u0105 w szkoleniach, konferencjach, inwestuj\u0105c w nie tylko w\u0142asny czas, ale r\u00f3wnie\u017c w\u0142asne fundusze. I wszystko po to, aby zaistnia\u0142a prawdziwa wizyta lekarska, podczas kt\u00f3rej przeznaczony na ni\u0105 czas zosta\u0142 w\u0142a\u015bciwie wykorzystany.<br \/>\nWiedza nabyta podczas studi\u00f3w z zakresu anatomii, farmakologii, patologii, fizjologii organizmu cz\u0142owieka, wiedza o mikrobach i paso\u017cytach czyni\u0105 z lekarza koordynatora w procesie leczenia pacjenta. Ogarnia on bowiem ca\u0142okszta\u0142t proces\u00f3w zachodz\u0105cych w organizmie cz\u0142owieka i na podstawie udzielonej przez pacjenta informacji, w\u0142asnych obserwacji, a tak\u017ce zaleconych bada\u0144 rozpoznaje dolegliwo\u015b\u0107 i staje si\u0119 drogowskazem umo\u017cliwiaj\u0105cym powr\u00f3t pacjenta do zdrowia.<br \/>\nMimo zdobytej wiedzy diagnozowanie i leczenie nie jest jednak proste, co pani doktor wyja\u015bni\u0142a na prostym przyk\u0142adzie przepisu do pieczenia ciasta. Udane ciasto wg danego przepisu nie jest gwarancj\u0105, \u017ce uda si\u0119 za ka\u017cdym razem \u2013 czasami wychodzi z niego, niestety, zakalec, mimo, \u017ce post\u0119powa\u0142o si\u0119 zgodnie z przepisem. Leczenie pacjenta jest wypadkow\u0105 ogromnej wiedzy zdobytej przez lekarza podczas studi\u00f3w i wieloletniej praktyki.<\/p>\n<p><a href=\"http:\/\/fundacjaoda.pl\/wp-content\/uploads\/2017\/09\/IMG_2685.jpg\"><img loading=\"lazy\" src=\"http:\/\/fundacjaoda.pl\/wp-content\/uploads\/2017\/09\/IMG_2685.jpg\" alt=\"IMG_2685\" style=\"margin-right: 10px\" width=\"25%\" height=\"25%\" class=\"alignnone size-full wp-image-11967\" align=\"left\" srcset=\"http:\/\/fundacjaoda.pl\/wp-content\/uploads\/2017\/09\/IMG_2685.jpg 845w, http:\/\/fundacjaoda.pl\/wp-content\/uploads\/2017\/09\/IMG_2685-150x106.jpg 150w\" sizes=\"(max-width: 845px) 100vw, 845px\" \/><\/a>W dalszym toku swojego wyst\u0105pienia pani Gra\u017cyna wyja\u015bnia\u0142a, jak skomplikowanym jest organizm cz\u0142owieka i jakie skomplikowane procesy towarzysz\u0105 prostym, wydawa\u0142oby si\u0119, czynno\u015bciom takim jak oddech i wydech, skurcz i rozkurcz serca. Zwraca\u0142a niejednokrotnie uwag\u0119, jak oty\u0142o\u015b\u0107 utrudnia w\u0142a\u015bciw\u0105 prac\u0119 g\u0142\u00f3wnych narz\u0105d\u00f3w w naszym organizmie staj\u0105c si\u0119 przyczyn\u0105 niedokrwienia organizmu, przerostu mi\u0119\u015bnia sercowego i innych powik\u0142a\u0144. Poruszy\u0142a r\u00f3wnie\u017c zagadnienie wolnego przystosowywania si\u0119 organizmu do trudnych warunk\u00f3w, jakie cz\u0142owiek mu stwarza. Ta mo\u017cliwo\u015b\u0107 niejednokrotnie staje si\u0119 przyczyn\u0105 powa\u017cnych schorze\u0144, poniewa\u017c organizm d\u0142ugo nie daje \u017cadnych sygna\u0142\u00f3w ostrzegawczych o&nbsp;niekorzystnych zmianach, jakie w nim zachodz\u0105. Na przyk\u0142ad wzrastaj\u0105ca nadwaga powoduje powolne przeci\u0105\u017cenie staw\u00f3w doprowadzaj\u0105c do ich zwyrodnienia.<\/p>\n<p><strong><a href=\"http:\/\/fundacjaoda.pl\/?page_id=11982\" title=\"Galeria \u2013 Jak gada\u0107, \u017ceby si\u0119 dogada\u0107\">Galeria<\/a><\/strong><\/p>\n<p><strong><a href=\"http:\/\/fundacjaoda.pl\/?page_id=2206\" title=\"Popularyzacja nauki\">Powr\u00f3t<\/a><\/strong><\/p>\n","protected":false},"excerpt":{"rendered":"<p>Danuta Michalik przedstawi\u0142a zebranym doktor Gra\u017cyn\u0119 Machur\u0119-Wiewi\u00f3rko. Temat spotkania sprawi\u0142, \u017ce do Izby przybyli go\u015bcie, w\u015br\u00f3d kt\u00f3rych pani Gra\u017cyna rozpozna\u0142a licznych znajomych \u2013 wsp\u00f3\u0142pracownik\u00f3w, swoich pacjent\u00f3w, przyjaci\u00f3\u0142. W swoim wyst\u0105pieniu pani doktor zwr\u00f3ci\u0142a uwag\u0119 na to, \u017ce zatraca si\u0119 w\u0142a\u015bciwy charakter wizyty lekarskiej. Na przytoczonych licznych przyk\u0142adach zademonstrowa\u0142a r\u00f3\u017cne postawy \u2026 <a href=\"http:\/\/fundacjaoda.pl\/?page_id=11984\"> Continue reading <span class=\"meta-nav\">&rarr; <\/span><\/a><\/p>\n","protected":false},"author":1,"featured_media":0,"parent":0,"menu_order":0,"comment_status":"closed","ping_status":"closed","template":"","meta":[],"_links":{"self":[{"href":"http:\/\/fundacjaoda.pl\/index.php?rest_route=\/wp\/v2\/pages\/11984"}],"collection":[{"href":"http:\/\/fundacjaoda.pl\/index.php?rest_route=\/wp\/v2\/pages"}],"about":[{"href":"http:\/\/fundacjaoda.pl\/index.php?rest_route=\/wp\/v2\/types\/page"}],"author":[{"embeddable":true,"href":"http:\/\/fundacjaoda.pl\/index.php?rest_route=\/wp\/v2\/users\/1"}],"replies":[{"embeddable":true,"href":"http:\/\/fundacjaoda.pl\/index.php?rest_route=%2Fwp%2Fv2%2Fcomments&post=11984"}],"version-history":[{"count":18,"href":"http:\/\/fundacjaoda.pl\/index.php?rest_route=\/wp\/v2\/pages\/11984\/revisions"}],"predecessor-version":[{"id":12011,"href":"http:\/\/fundacjaoda.pl\/index.php?rest_route=\/wp\/v2\/pages\/11984\/revisions\/12011"}],"wp:attachment":[{"href":"http:\/\/fundacjaoda.pl\/index.php?rest_route=%2Fwp%2Fv2%2Fmedia&parent=11984"}],"curies":[{"name":"wp","href":"https:\/\/api.w.org\/{rel}","templated":true}]}}