{"id":11982,"date":"2017-09-01T21:29:02","date_gmt":"2017-09-01T19:29:02","guid":{"rendered":"http:\/\/fundacjaoda.pl\/?page_id=11982"},"modified":"2017-09-03T13:40:19","modified_gmt":"2017-09-03T11:40:19","slug":"galeria-jak-gadac-zeby-sie-dogadac","status":"publish","type":"page","link":"http:\/\/fundacjaoda.pl\/?page_id=11982","title":{"rendered":"Galeria &#8211; Jak gada\u0107, \u017ceby si\u0119 dogada\u0107"},"content":{"rendered":"<div id=\"envira-gallery-wrap-11962\" class=\"envira-gallery-wrap envira-gallery-theme-base envira-lightbox-theme-base\"><div id=\"envira-gallery-11962\" class=\"envira-gallery-public envira-gallery-5-columns envira-clear isotope\" data-envira-columns=\"5\"><div id=\"envira-gallery-item-11968\" class=\"envira-gallery-item isotope-item envira-gallery-item-1\" style=\"margin-bottom: 10px;\" ><a href=\"http:\/\/fundacjaoda.pl\/wp-content\/uploads\/2017\/09\/IMG_2686.jpg\" class=\"envira-gallery-11962 envira-gallery-link\" rel=\"enviragallery11962\" title=\"IMG_2686\" data-thumbnail=\"\"><img id=\"envira-gallery-image-11968\" class=\"envira-gallery-image envira-gallery-preload envira-gallery-image-1\" src=\"http:\/\/fundacjaoda.pl\/wp-content\/plugins\/envira-gallery-lite\/assets\/css\/images\/holder.gif\" data-envira-src=\"http:\/\/fundacjaoda.pl\/wp-content\/uploads\/2017\/09\/IMG_2686-120x120_c.jpg\" alt=\"IMG_2686\" title=\"IMG_2686\"  \/><\/a><\/div><div id=\"envira-gallery-item-11964\" class=\"envira-gallery-item isotope-item envira-gallery-item-2\" style=\"margin-bottom: 10px;\" ><a href=\"http:\/\/fundacjaoda.pl\/wp-content\/uploads\/2017\/09\/IMG_2682.jpg\" class=\"envira-gallery-11962 envira-gallery-link\" rel=\"enviragallery11962\" title=\"IMG_2682\" data-thumbnail=\"\"><img id=\"envira-gallery-image-11964\" class=\"envira-gallery-image envira-gallery-preload envira-gallery-image-2\" src=\"http:\/\/fundacjaoda.pl\/wp-content\/plugins\/envira-gallery-lite\/assets\/css\/images\/holder.gif\" data-envira-src=\"http:\/\/fundacjaoda.pl\/wp-content\/uploads\/2017\/09\/IMG_2682-120x120_c.jpg\" alt=\"IMG_2682\" title=\"IMG_2682\"  \/><\/a><\/div><div id=\"envira-gallery-item-11963\" class=\"envira-gallery-item isotope-item envira-gallery-item-3\" style=\"margin-bottom: 10px;\" ><a href=\"http:\/\/fundacjaoda.pl\/wp-content\/uploads\/2017\/09\/IMG_2681.jpg\" class=\"envira-gallery-11962 envira-gallery-link\" rel=\"enviragallery11962\" title=\"IMG_2681\" data-thumbnail=\"\"><img id=\"envira-gallery-image-11963\" class=\"envira-gallery-image envira-gallery-preload envira-gallery-image-3\" src=\"http:\/\/fundacjaoda.pl\/wp-content\/plugins\/envira-gallery-lite\/assets\/css\/images\/holder.gif\" data-envira-src=\"http:\/\/fundacjaoda.pl\/wp-content\/uploads\/2017\/09\/IMG_2681-120x120_c.jpg\" alt=\"IMG_2681\" title=\"IMG_2681\"  \/><\/a><\/div><div id=\"envira-gallery-item-11965\" class=\"envira-gallery-item isotope-item envira-gallery-item-4\" style=\"margin-bottom: 10px;\" ><a href=\"http:\/\/fundacjaoda.pl\/wp-content\/uploads\/2017\/09\/IMG_2683.jpg\" class=\"envira-gallery-11962 envira-gallery-link\" rel=\"enviragallery11962\" title=\"IMG_2683\" data-thumbnail=\"\"><img id=\"envira-gallery-image-11965\" class=\"envira-gallery-image envira-gallery-preload envira-gallery-image-4\" src=\"http:\/\/fundacjaoda.pl\/wp-content\/plugins\/envira-gallery-lite\/assets\/css\/images\/holder.gif\" data-envira-src=\"http:\/\/fundacjaoda.pl\/wp-content\/uploads\/2017\/09\/IMG_2683-120x120_c.jpg\" alt=\"IMG_2683\" title=\"IMG_2683\"  \/><\/a><\/div><div id=\"envira-gallery-item-11966\" class=\"envira-gallery-item isotope-item envira-gallery-item-5\" style=\"margin-bottom: 10px;\" ><a href=\"http:\/\/fundacjaoda.pl\/wp-content\/uploads\/2017\/09\/IMG_2684.jpg\" class=\"envira-gallery-11962 envira-gallery-link\" rel=\"enviragallery11962\" title=\"IMG_2684\" data-thumbnail=\"\"><img id=\"envira-gallery-image-11966\" class=\"envira-gallery-image envira-gallery-preload envira-gallery-image-5\" src=\"http:\/\/fundacjaoda.pl\/wp-content\/plugins\/envira-gallery-lite\/assets\/css\/images\/holder.gif\" data-envira-src=\"http:\/\/fundacjaoda.pl\/wp-content\/uploads\/2017\/09\/IMG_2684-120x120_c.jpg\" alt=\"IMG_2684\" title=\"IMG_2684\"  \/><\/a><\/div><div id=\"envira-gallery-item-11970\" class=\"envira-gallery-item isotope-item envira-gallery-item-6\" style=\"margin-bottom: 10px;\" ><a href=\"http:\/\/fundacjaoda.pl\/wp-content\/uploads\/2017\/09\/IMG_2688.jpg\" class=\"envira-gallery-11962 envira-gallery-link\" rel=\"enviragallery11962\" title=\"IMG_2688\" data-thumbnail=\"\"><img id=\"envira-gallery-image-11970\" class=\"envira-gallery-image envira-gallery-preload envira-gallery-image-6\" src=\"http:\/\/fundacjaoda.pl\/wp-content\/plugins\/envira-gallery-lite\/assets\/css\/images\/holder.gif\" data-envira-src=\"http:\/\/fundacjaoda.pl\/wp-content\/uploads\/2017\/09\/IMG_2688-120x120_c.jpg\" alt=\"IMG_2688\" title=\"IMG_2688\"  \/><\/a><\/div><div id=\"envira-gallery-item-11969\" class=\"envira-gallery-item isotope-item envira-gallery-item-7\" style=\"margin-bottom: 10px;\" ><a href=\"http:\/\/fundacjaoda.pl\/wp-content\/uploads\/2017\/09\/IMG_2687.jpg\" class=\"envira-gallery-11962 envira-gallery-link\" rel=\"enviragallery11962\" title=\"IMG_2687\" data-thumbnail=\"\"><img id=\"envira-gallery-image-11969\" class=\"envira-gallery-image envira-gallery-preload envira-gallery-image-7\" src=\"http:\/\/fundacjaoda.pl\/wp-content\/plugins\/envira-gallery-lite\/assets\/css\/images\/holder.gif\" data-envira-src=\"http:\/\/fundacjaoda.pl\/wp-content\/uploads\/2017\/09\/IMG_2687-120x120_c.jpg\" alt=\"IMG_2687\" title=\"IMG_2687\"  \/><\/a><\/div><div id=\"envira-gallery-item-11971\" class=\"envira-gallery-item isotope-item envira-gallery-item-8\" style=\"margin-bottom: 10px;\" ><a href=\"http:\/\/fundacjaoda.pl\/wp-content\/uploads\/2017\/09\/IMG_2689.jpg\" class=\"envira-gallery-11962 envira-gallery-link\" rel=\"enviragallery11962\" title=\"IMG_2689\" data-thumbnail=\"\"><img id=\"envira-gallery-image-11971\" class=\"envira-gallery-image envira-gallery-preload envira-gallery-image-8\" src=\"http:\/\/fundacjaoda.pl\/wp-content\/plugins\/envira-gallery-lite\/assets\/css\/images\/holder.gif\" data-envira-src=\"http:\/\/fundacjaoda.pl\/wp-content\/uploads\/2017\/09\/IMG_2689-120x120_c.jpg\" alt=\"IMG_2689\" title=\"IMG_2689\"  \/><\/a><\/div><div id=\"envira-gallery-item-11972\" class=\"envira-gallery-item isotope-item envira-gallery-item-9\" style=\"margin-bottom: 10px;\" ><a href=\"http:\/\/fundacjaoda.pl\/wp-content\/uploads\/2017\/09\/IMG_2690.jpg\" class=\"envira-gallery-11962 envira-gallery-link\" rel=\"enviragallery11962\" title=\"IMG_2690\" data-thumbnail=\"\"><img id=\"envira-gallery-image-11972\" class=\"envira-gallery-image envira-gallery-preload envira-gallery-image-9\" src=\"http:\/\/fundacjaoda.pl\/wp-content\/plugins\/envira-gallery-lite\/assets\/css\/images\/holder.gif\" data-envira-src=\"http:\/\/fundacjaoda.pl\/wp-content\/uploads\/2017\/09\/IMG_2690-120x120_c.jpg\" alt=\"IMG_2690\" title=\"IMG_2690\"  \/><\/a><\/div><div id=\"envira-gallery-item-11967\" class=\"envira-gallery-item isotope-item envira-gallery-item-10\" style=\"margin-bottom: 10px;\" ><a href=\"http:\/\/fundacjaoda.pl\/wp-content\/uploads\/2017\/09\/IMG_2685.jpg\" class=\"envira-gallery-11962 envira-gallery-link\" rel=\"enviragallery11962\" title=\"IMG_2685\" data-thumbnail=\"\"><img id=\"envira-gallery-image-11967\" class=\"envira-gallery-image envira-gallery-preload envira-gallery-image-10\" src=\"http:\/\/fundacjaoda.pl\/wp-content\/plugins\/envira-gallery-lite\/assets\/css\/images\/holder.gif\" data-envira-src=\"http:\/\/fundacjaoda.pl\/wp-content\/uploads\/2017\/09\/IMG_2685-120x120_c.jpg\" alt=\"IMG_2685\" title=\"IMG_2685\"  \/><\/a><\/div><div id=\"envira-gallery-item-11973\" class=\"envira-gallery-item isotope-item envira-gallery-item-11\" style=\"margin-bottom: 10px;\" ><a href=\"http:\/\/fundacjaoda.pl\/wp-content\/uploads\/2017\/09\/IMG_2691.jpg\" class=\"envira-gallery-11962 envira-gallery-link\" rel=\"enviragallery11962\" title=\"IMG_2691\" data-thumbnail=\"\"><img id=\"envira-gallery-image-11973\" class=\"envira-gallery-image envira-gallery-preload envira-gallery-image-11\" src=\"http:\/\/fundacjaoda.pl\/wp-content\/plugins\/envira-gallery-lite\/assets\/css\/images\/holder.gif\" data-envira-src=\"http:\/\/fundacjaoda.pl\/wp-content\/uploads\/2017\/09\/IMG_2691-120x120_c.jpg\" alt=\"IMG_2691\" title=\"IMG_2691\"  \/><\/a><\/div><div id=\"envira-gallery-item-11974\" class=\"envira-gallery-item isotope-item envira-gallery-item-12\" style=\"margin-bottom: 10px;\" ><a href=\"http:\/\/fundacjaoda.pl\/wp-content\/uploads\/2017\/09\/IMG_2692.jpg\" class=\"envira-gallery-11962 envira-gallery-link\" rel=\"enviragallery11962\" title=\"IMG_2692\" data-thumbnail=\"\"><img id=\"envira-gallery-image-11974\" class=\"envira-gallery-image envira-gallery-preload envira-gallery-image-12\" src=\"http:\/\/fundacjaoda.pl\/wp-content\/plugins\/envira-gallery-lite\/assets\/css\/images\/holder.gif\" data-envira-src=\"http:\/\/fundacjaoda.pl\/wp-content\/uploads\/2017\/09\/IMG_2692-120x120_c.jpg\" alt=\"IMG_2692\" title=\"IMG_2692\"  \/><\/a><\/div><div id=\"envira-gallery-item-11975\" class=\"envira-gallery-item isotope-item envira-gallery-item-13\" style=\"margin-bottom: 10px;\" ><a href=\"http:\/\/fundacjaoda.pl\/wp-content\/uploads\/2017\/09\/IMG_2693.jpg\" class=\"envira-gallery-11962 envira-gallery-link\" rel=\"enviragallery11962\" title=\"IMG_2693\" data-thumbnail=\"\"><img id=\"envira-gallery-image-11975\" class=\"envira-gallery-image envira-gallery-preload envira-gallery-image-13\" src=\"http:\/\/fundacjaoda.pl\/wp-content\/plugins\/envira-gallery-lite\/assets\/css\/images\/holder.gif\" data-envira-src=\"http:\/\/fundacjaoda.pl\/wp-content\/uploads\/2017\/09\/IMG_2693-120x120_c.jpg\" alt=\"IMG_2693\" title=\"IMG_2693\"  \/><\/a><\/div><div id=\"envira-gallery-item-11976\" class=\"envira-gallery-item isotope-item envira-gallery-item-14\" style=\"margin-bottom: 10px;\" ><a href=\"http:\/\/fundacjaoda.pl\/wp-content\/uploads\/2017\/09\/IMG_2694.jpg\" class=\"envira-gallery-11962 envira-gallery-link\" rel=\"enviragallery11962\" title=\"IMG_2694\" data-thumbnail=\"\"><img id=\"envira-gallery-image-11976\" class=\"envira-gallery-image envira-gallery-preload envira-gallery-image-14\" src=\"http:\/\/fundacjaoda.pl\/wp-content\/plugins\/envira-gallery-lite\/assets\/css\/images\/holder.gif\" data-envira-src=\"http:\/\/fundacjaoda.pl\/wp-content\/uploads\/2017\/09\/IMG_2694-120x120_c.jpg\" alt=\"IMG_2694\" title=\"IMG_2694\"  \/><\/a><\/div><div id=\"envira-gallery-item-11977\" class=\"envira-gallery-item isotope-item envira-gallery-item-15\" style=\"margin-bottom: 10px;\" ><a href=\"http:\/\/fundacjaoda.pl\/wp-content\/uploads\/2017\/09\/IMG_2695.jpg\" class=\"envira-gallery-11962 envira-gallery-link\" rel=\"enviragallery11962\" title=\"IMG_2695\" data-thumbnail=\"\"><img id=\"envira-gallery-image-11977\" class=\"envira-gallery-image envira-gallery-preload envira-gallery-image-15\" src=\"http:\/\/fundacjaoda.pl\/wp-content\/plugins\/envira-gallery-lite\/assets\/css\/images\/holder.gif\" data-envira-src=\"http:\/\/fundacjaoda.pl\/wp-content\/uploads\/2017\/09\/IMG_2695-120x120_c.jpg\" alt=\"IMG_2695\" title=\"IMG_2695\"  \/><\/a><\/div><div id=\"envira-gallery-item-11978\" class=\"envira-gallery-item isotope-item envira-gallery-item-16\" style=\"margin-bottom: 10px;\" ><a href=\"http:\/\/fundacjaoda.pl\/wp-content\/uploads\/2017\/09\/IMG_2696.jpg\" class=\"envira-gallery-11962 envira-gallery-link\" rel=\"enviragallery11962\" title=\"IMG_2696\" data-thumbnail=\"\"><img id=\"envira-gallery-image-11978\" class=\"envira-gallery-image envira-gallery-preload envira-gallery-image-16\" src=\"http:\/\/fundacjaoda.pl\/wp-content\/plugins\/envira-gallery-lite\/assets\/css\/images\/holder.gif\" data-envira-src=\"http:\/\/fundacjaoda.pl\/wp-content\/uploads\/2017\/09\/IMG_2696-120x120_c.jpg\" alt=\"IMG_2696\" title=\"IMG_2696\"  \/><\/a><\/div><div id=\"envira-gallery-item-11979\" class=\"envira-gallery-item isotope-item envira-gallery-item-17\" style=\"margin-bottom: 10px;\" ><a href=\"http:\/\/fundacjaoda.pl\/wp-content\/uploads\/2017\/09\/IMG_2697.jpg\" class=\"envira-gallery-11962 envira-gallery-link\" rel=\"enviragallery11962\" title=\"IMG_2697\" data-thumbnail=\"\"><img id=\"envira-gallery-image-11979\" class=\"envira-gallery-image envira-gallery-preload envira-gallery-image-17\" src=\"http:\/\/fundacjaoda.pl\/wp-content\/plugins\/envira-gallery-lite\/assets\/css\/images\/holder.gif\" data-envira-src=\"http:\/\/fundacjaoda.pl\/wp-content\/uploads\/2017\/09\/IMG_2697-120x120_c.jpg\" alt=\"IMG_2697\" title=\"IMG_2697\"  \/><\/a><\/div><div id=\"envira-gallery-item-11980\" class=\"envira-gallery-item isotope-item envira-gallery-item-18\" style=\"margin-bottom: 10px;\" ><a href=\"http:\/\/fundacjaoda.pl\/wp-content\/uploads\/2017\/09\/IMG_2698.jpg\" class=\"envira-gallery-11962 envira-gallery-link\" rel=\"enviragallery11962\" title=\"IMG_2698\" data-thumbnail=\"\"><img id=\"envira-gallery-image-11980\" class=\"envira-gallery-image envira-gallery-preload envira-gallery-image-18\" src=\"http:\/\/fundacjaoda.pl\/wp-content\/plugins\/envira-gallery-lite\/assets\/css\/images\/holder.gif\" data-envira-src=\"http:\/\/fundacjaoda.pl\/wp-content\/uploads\/2017\/09\/IMG_2698-120x120_c.jpg\" alt=\"IMG_2698\" title=\"IMG_2698\"  \/><\/a><\/div><div id=\"envira-gallery-item-11981\" class=\"envira-gallery-item isotope-item envira-gallery-item-19\" style=\"margin-bottom: 10px;\" ><a href=\"http:\/\/fundacjaoda.pl\/wp-content\/uploads\/2017\/09\/IMG_2699.jpg\" class=\"envira-gallery-11962 envira-gallery-link\" rel=\"enviragallery11962\" title=\"IMG_2699\" data-thumbnail=\"\"><img id=\"envira-gallery-image-11981\" class=\"envira-gallery-image envira-gallery-preload envira-gallery-image-19\" src=\"http:\/\/fundacjaoda.pl\/wp-content\/plugins\/envira-gallery-lite\/assets\/css\/images\/holder.gif\" data-envira-src=\"http:\/\/fundacjaoda.pl\/wp-content\/uploads\/2017\/09\/IMG_2699-120x120_c.jpg\" alt=\"IMG_2699\" title=\"IMG_2699\"  \/><\/a><\/div><\/div><\/div>\n<p><a href=\"http:\/\/fundacjaoda.pl\/?page_id=11984\" title=\"Spotkanie z doktor Gra\u017cyn\u0105 Machur\u0105-Wiewi\u00f3rko\"><strong>Powr\u00f3t<\/strong><\/a><\/p>\n","protected":false},"excerpt":{"rendered":"<p>Powr\u00f3t<\/p>\n","protected":false},"author":1,"featured_media":0,"parent":0,"menu_order":0,"comment_status":"closed","ping_status":"closed","template":"","meta":[],"_links":{"self":[{"href":"http:\/\/fundacjaoda.pl\/index.php?rest_route=\/wp\/v2\/pages\/11982"}],"collection":[{"href":"http:\/\/fundacjaoda.pl\/index.php?rest_route=\/wp\/v2\/pages"}],"about":[{"href":"http:\/\/fundacjaoda.pl\/index.php?rest_route=\/wp\/v2\/types\/page"}],"author":[{"embeddable":true,"href":"http:\/\/fundacjaoda.pl\/index.php?rest_route=\/wp\/v2\/users\/1"}],"replies":[{"embeddable":true,"href":"http:\/\/fundacjaoda.pl\/index.php?rest_route=%2Fwp%2Fv2%2Fcomments&post=11982"}],"version-history":[{"count":2,"href":"http:\/\/fundacjaoda.pl\/index.php?rest_route=\/wp\/v2\/pages\/11982\/revisions"}],"predecessor-version":[{"id":12012,"href":"http:\/\/fundacjaoda.pl\/index.php?rest_route=\/wp\/v2\/pages\/11982\/revisions\/12012"}],"wp:attachment":[{"href":"http:\/\/fundacjaoda.pl\/index.php?rest_route=%2Fwp%2Fv2%2Fmedia&parent=11982"}],"curies":[{"name":"wp","href":"https:\/\/api.w.org\/{rel}","templated":true}]}}