{"id":10947,"date":"2017-04-18T19:21:40","date_gmt":"2017-04-18T17:21:40","guid":{"rendered":"http:\/\/fundacjaoda.pl\/?page_id=10947"},"modified":"2017-04-18T19:21:58","modified_gmt":"2017-04-18T17:21:58","slug":"galeria-sniadanie-mistrzow","status":"publish","type":"page","link":"http:\/\/fundacjaoda.pl\/?page_id=10947","title":{"rendered":"Galeria &#8211; \u015aniadanie Mistrz\u00f3w"},"content":{"rendered":"<div id=\"envira-gallery-wrap-10931\" class=\"envira-gallery-wrap envira-gallery-theme-base envira-lightbox-theme-base\"><div id=\"envira-gallery-10931\" class=\"envira-gallery-public envira-gallery-5-columns envira-clear isotope\" data-envira-columns=\"5\"><div id=\"envira-gallery-item-10933\" class=\"envira-gallery-item isotope-item envira-gallery-item-1\" style=\"margin-bottom: 10px;\" ><a href=\"http:\/\/fundacjaoda.pl\/wp-content\/uploads\/2017\/04\/21.jpg\" class=\"envira-gallery-10931 envira-gallery-link\" rel=\"enviragallery10931\" title=\"2\" data-thumbnail=\"\"><img id=\"envira-gallery-image-10933\" class=\"envira-gallery-image envira-gallery-preload envira-gallery-image-1\" src=\"http:\/\/fundacjaoda.pl\/wp-content\/plugins\/envira-gallery-lite\/assets\/css\/images\/holder.gif\" data-envira-src=\"http:\/\/fundacjaoda.pl\/wp-content\/uploads\/2017\/04\/21-120x120_c.jpg\" alt=\"2\" title=\"2\"  \/><\/a><\/div><div id=\"envira-gallery-item-10932\" class=\"envira-gallery-item isotope-item envira-gallery-item-2\" style=\"margin-bottom: 10px;\" ><a href=\"http:\/\/fundacjaoda.pl\/wp-content\/uploads\/2017\/04\/1.jpg\" class=\"envira-gallery-10931 envira-gallery-link\" rel=\"enviragallery10931\" title=\"1\" data-thumbnail=\"\"><img id=\"envira-gallery-image-10932\" class=\"envira-gallery-image envira-gallery-preload envira-gallery-image-2\" src=\"http:\/\/fundacjaoda.pl\/wp-content\/plugins\/envira-gallery-lite\/assets\/css\/images\/holder.gif\" data-envira-src=\"http:\/\/fundacjaoda.pl\/wp-content\/uploads\/2017\/04\/1-120x120_c.jpg\" alt=\"1\" title=\"1\"  \/><\/a><\/div><div id=\"envira-gallery-item-10934\" class=\"envira-gallery-item isotope-item envira-gallery-item-3\" style=\"margin-bottom: 10px;\" ><a href=\"http:\/\/fundacjaoda.pl\/wp-content\/uploads\/2017\/04\/31.jpg\" class=\"envira-gallery-10931 envira-gallery-link\" rel=\"enviragallery10931\" title=\"3\" data-thumbnail=\"\"><img id=\"envira-gallery-image-10934\" class=\"envira-gallery-image envira-gallery-preload envira-gallery-image-3\" src=\"http:\/\/fundacjaoda.pl\/wp-content\/plugins\/envira-gallery-lite\/assets\/css\/images\/holder.gif\" data-envira-src=\"http:\/\/fundacjaoda.pl\/wp-content\/uploads\/2017\/04\/31-120x120_c.jpg\" alt=\"3\" title=\"3\"  \/><\/a><\/div><div id=\"envira-gallery-item-10944\" class=\"envira-gallery-item isotope-item envira-gallery-item-4\" style=\"margin-bottom: 10px;\" ><a href=\"http:\/\/fundacjaoda.pl\/wp-content\/uploads\/2017\/04\/20170312_112349.jpg\" class=\"envira-gallery-10931 envira-gallery-link\" rel=\"enviragallery10931\" title=\"20170312_112349\" data-thumbnail=\"\"><img id=\"envira-gallery-image-10944\" class=\"envira-gallery-image envira-gallery-preload envira-gallery-image-4\" src=\"http:\/\/fundacjaoda.pl\/wp-content\/plugins\/envira-gallery-lite\/assets\/css\/images\/holder.gif\" data-envira-src=\"http:\/\/fundacjaoda.pl\/wp-content\/uploads\/2017\/04\/20170312_112349-120x120_c.jpg\" alt=\"20170312_112349\" title=\"20170312_112349\"  \/><\/a><\/div><div id=\"envira-gallery-item-10943\" class=\"envira-gallery-item isotope-item envira-gallery-item-5\" style=\"margin-bottom: 10px;\" ><a href=\"http:\/\/fundacjaoda.pl\/wp-content\/uploads\/2017\/04\/20170312_112337.jpg\" class=\"envira-gallery-10931 envira-gallery-link\" rel=\"enviragallery10931\" title=\"20170312_112337\" data-thumbnail=\"\"><img id=\"envira-gallery-image-10943\" class=\"envira-gallery-image envira-gallery-preload envira-gallery-image-5\" src=\"http:\/\/fundacjaoda.pl\/wp-content\/plugins\/envira-gallery-lite\/assets\/css\/images\/holder.gif\" data-envira-src=\"http:\/\/fundacjaoda.pl\/wp-content\/uploads\/2017\/04\/20170312_112337-120x120_c.jpg\" alt=\"20170312_112337\" title=\"20170312_112337\"  \/><\/a><\/div><div id=\"envira-gallery-item-10935\" class=\"envira-gallery-item isotope-item envira-gallery-item-6\" style=\"margin-bottom: 10px;\" ><a href=\"http:\/\/fundacjaoda.pl\/wp-content\/uploads\/2017\/04\/42.jpg\" class=\"envira-gallery-10931 envira-gallery-link\" rel=\"enviragallery10931\" title=\"4\" data-thumbnail=\"\"><img id=\"envira-gallery-image-10935\" class=\"envira-gallery-image envira-gallery-preload envira-gallery-image-6\" src=\"http:\/\/fundacjaoda.pl\/wp-content\/plugins\/envira-gallery-lite\/assets\/css\/images\/holder.gif\" data-envira-src=\"http:\/\/fundacjaoda.pl\/wp-content\/uploads\/2017\/04\/42-120x120_c.jpg\" alt=\"4\" title=\"4\"  \/><\/a><\/div><div id=\"envira-gallery-item-10945\" class=\"envira-gallery-item isotope-item envira-gallery-item-7\" style=\"margin-bottom: 10px;\" ><a href=\"http:\/\/fundacjaoda.pl\/wp-content\/uploads\/2017\/04\/20170312_112447.jpg\" class=\"envira-gallery-10931 envira-gallery-link\" rel=\"enviragallery10931\" title=\"20170312_112447\" data-thumbnail=\"\"><img id=\"envira-gallery-image-10945\" class=\"envira-gallery-image envira-gallery-preload envira-gallery-image-7\" src=\"http:\/\/fundacjaoda.pl\/wp-content\/plugins\/envira-gallery-lite\/assets\/css\/images\/holder.gif\" data-envira-src=\"http:\/\/fundacjaoda.pl\/wp-content\/uploads\/2017\/04\/20170312_112447-120x120_c.jpg\" alt=\"20170312_112447\" title=\"20170312_112447\"  \/><\/a><\/div><div id=\"envira-gallery-item-10936\" class=\"envira-gallery-item isotope-item envira-gallery-item-8\" style=\"margin-bottom: 10px;\" ><a href=\"http:\/\/fundacjaoda.pl\/wp-content\/uploads\/2017\/04\/5.jpg\" class=\"envira-gallery-10931 envira-gallery-link\" rel=\"enviragallery10931\" title=\"5\" data-thumbnail=\"\"><img id=\"envira-gallery-image-10936\" class=\"envira-gallery-image envira-gallery-preload envira-gallery-image-8\" src=\"http:\/\/fundacjaoda.pl\/wp-content\/plugins\/envira-gallery-lite\/assets\/css\/images\/holder.gif\" data-envira-src=\"http:\/\/fundacjaoda.pl\/wp-content\/uploads\/2017\/04\/5-120x120_c.jpg\" alt=\"5\" title=\"5\"  \/><\/a><\/div><div id=\"envira-gallery-item-10937\" class=\"envira-gallery-item isotope-item envira-gallery-item-9\" style=\"margin-bottom: 10px;\" ><a href=\"http:\/\/fundacjaoda.pl\/wp-content\/uploads\/2017\/04\/6.jpg\" class=\"envira-gallery-10931 envira-gallery-link\" rel=\"enviragallery10931\" title=\"6\" data-thumbnail=\"\"><img id=\"envira-gallery-image-10937\" class=\"envira-gallery-image envira-gallery-preload envira-gallery-image-9\" src=\"http:\/\/fundacjaoda.pl\/wp-content\/plugins\/envira-gallery-lite\/assets\/css\/images\/holder.gif\" data-envira-src=\"http:\/\/fundacjaoda.pl\/wp-content\/uploads\/2017\/04\/6-120x120_c.jpg\" alt=\"6\" title=\"6\"  \/><\/a><\/div><div id=\"envira-gallery-item-10938\" class=\"envira-gallery-item isotope-item envira-gallery-item-10\" style=\"margin-bottom: 10px;\" ><a href=\"http:\/\/fundacjaoda.pl\/wp-content\/uploads\/2017\/04\/71.jpg\" class=\"envira-gallery-10931 envira-gallery-link\" rel=\"enviragallery10931\" title=\"7\" data-thumbnail=\"\"><img id=\"envira-gallery-image-10938\" class=\"envira-gallery-image envira-gallery-preload envira-gallery-image-10\" src=\"http:\/\/fundacjaoda.pl\/wp-content\/plugins\/envira-gallery-lite\/assets\/css\/images\/holder.gif\" data-envira-src=\"http:\/\/fundacjaoda.pl\/wp-content\/uploads\/2017\/04\/71-120x120_c.jpg\" alt=\"7\" title=\"7\"  \/><\/a><\/div><div id=\"envira-gallery-item-10939\" class=\"envira-gallery-item isotope-item envira-gallery-item-11\" style=\"margin-bottom: 10px;\" ><a href=\"http:\/\/fundacjaoda.pl\/wp-content\/uploads\/2017\/04\/8.jpg\" class=\"envira-gallery-10931 envira-gallery-link\" rel=\"enviragallery10931\" title=\"8\" data-thumbnail=\"\"><img id=\"envira-gallery-image-10939\" class=\"envira-gallery-image envira-gallery-preload envira-gallery-image-11\" src=\"http:\/\/fundacjaoda.pl\/wp-content\/plugins\/envira-gallery-lite\/assets\/css\/images\/holder.gif\" data-envira-src=\"http:\/\/fundacjaoda.pl\/wp-content\/uploads\/2017\/04\/8-120x120_c.jpg\" alt=\"8\" title=\"8\"  \/><\/a><\/div><div id=\"envira-gallery-item-10940\" class=\"envira-gallery-item isotope-item envira-gallery-item-12\" style=\"margin-bottom: 10px;\" ><a href=\"http:\/\/fundacjaoda.pl\/wp-content\/uploads\/2017\/04\/9.jpg\" class=\"envira-gallery-10931 envira-gallery-link\" rel=\"enviragallery10931\" title=\"9\" data-thumbnail=\"\"><img id=\"envira-gallery-image-10940\" class=\"envira-gallery-image envira-gallery-preload envira-gallery-image-12\" src=\"http:\/\/fundacjaoda.pl\/wp-content\/plugins\/envira-gallery-lite\/assets\/css\/images\/holder.gif\" data-envira-src=\"http:\/\/fundacjaoda.pl\/wp-content\/uploads\/2017\/04\/9-120x120_c.jpg\" alt=\"9\" title=\"9\"  \/><\/a><\/div><div id=\"envira-gallery-item-10941\" class=\"envira-gallery-item isotope-item envira-gallery-item-13\" style=\"margin-bottom: 10px;\" ><a href=\"http:\/\/fundacjaoda.pl\/wp-content\/uploads\/2017\/04\/10.jpg\" class=\"envira-gallery-10931 envira-gallery-link\" rel=\"enviragallery10931\" title=\"10\" data-thumbnail=\"\"><img id=\"envira-gallery-image-10941\" class=\"envira-gallery-image envira-gallery-preload envira-gallery-image-13\" src=\"http:\/\/fundacjaoda.pl\/wp-content\/plugins\/envira-gallery-lite\/assets\/css\/images\/holder.gif\" data-envira-src=\"http:\/\/fundacjaoda.pl\/wp-content\/uploads\/2017\/04\/10-120x120_c.jpg\" alt=\"10\" title=\"10\"  \/><\/a><\/div><div id=\"envira-gallery-item-10946\" class=\"envira-gallery-item isotope-item envira-gallery-item-14\" style=\"margin-bottom: 10px;\" ><a href=\"http:\/\/fundacjaoda.pl\/wp-content\/uploads\/2017\/04\/20170312_112451.jpg\" class=\"envira-gallery-10931 envira-gallery-link\" rel=\"enviragallery10931\" title=\"20170312_112451\" data-thumbnail=\"\"><img id=\"envira-gallery-image-10946\" class=\"envira-gallery-image envira-gallery-preload envira-gallery-image-14\" src=\"http:\/\/fundacjaoda.pl\/wp-content\/plugins\/envira-gallery-lite\/assets\/css\/images\/holder.gif\" data-envira-src=\"http:\/\/fundacjaoda.pl\/wp-content\/uploads\/2017\/04\/20170312_112451-120x120_c.jpg\" alt=\"20170312_112451\" title=\"20170312_112451\"  \/><\/a><\/div><\/div><\/div>\n<p><strong><a href=\"http:\/\/fundacjaoda.pl\/?p=10461\" title=\"\u015aniadanie Mistrz\u00f3w u Wodiczk\u00f3w\">Powr\u00f3t<\/a><\/strong><\/p>\n","protected":false},"excerpt":{"rendered":"<p>Powr\u00f3t<\/p>\n","protected":false},"author":1,"featured_media":0,"parent":0,"menu_order":0,"comment_status":"closed","ping_status":"closed","template":"","meta":[],"_links":{"self":[{"href":"http:\/\/fundacjaoda.pl\/index.php?rest_route=\/wp\/v2\/pages\/10947"}],"collection":[{"href":"http:\/\/fundacjaoda.pl\/index.php?rest_route=\/wp\/v2\/pages"}],"about":[{"href":"http:\/\/fundacjaoda.pl\/index.php?rest_route=\/wp\/v2\/types\/page"}],"author":[{"embeddable":true,"href":"http:\/\/fundacjaoda.pl\/index.php?rest_route=\/wp\/v2\/users\/1"}],"replies":[{"embeddable":true,"href":"http:\/\/fundacjaoda.pl\/index.php?rest_route=%2Fwp%2Fv2%2Fcomments&post=10947"}],"version-history":[{"count":1,"href":"http:\/\/fundacjaoda.pl\/index.php?rest_route=\/wp\/v2\/pages\/10947\/revisions"}],"predecessor-version":[{"id":10948,"href":"http:\/\/fundacjaoda.pl\/index.php?rest_route=\/wp\/v2\/pages\/10947\/revisions\/10948"}],"wp:attachment":[{"href":"http:\/\/fundacjaoda.pl\/index.php?rest_route=%2Fwp%2Fv2%2Fmedia&parent=10947"}],"curies":[{"name":"wp","href":"https:\/\/api.w.org\/{rel}","templated":true}]}}