{"id":10436,"date":"2017-01-22T22:12:22","date_gmt":"2017-01-22T21:12:22","guid":{"rendered":"http:\/\/fundacjaoda.pl\/?page_id=10436"},"modified":"2017-01-22T22:22:08","modified_gmt":"2017-01-22T21:22:08","slug":"pawel-hruszwicki","status":"publish","type":"page","link":"http:\/\/fundacjaoda.pl\/?page_id=10436","title":{"rendered":"Pawe\u0142 Hruszwicki"},"content":{"rendered":"<p><a href=\"http:\/\/fundacjaoda.pl\/wp-content\/uploads\/2017\/01\/Pawel-Hruszwicki.jpg\"><img loading=\"lazy\" src=\"http:\/\/fundacjaoda.pl\/wp-content\/uploads\/2017\/01\/Pawel-Hruszwicki.jpg\" alt=\"Pawel Hruszwicki\" style=\"margin-right: 10px;\" width=\"30%\" height=\"30%\" class=\"alignnone size-full wp-image-10437\" align=\"left\" srcset=\"http:\/\/fundacjaoda.pl\/wp-content\/uploads\/2017\/01\/Pawel-Hruszwicki.jpg 900w, http:\/\/fundacjaoda.pl\/wp-content\/uploads\/2017\/01\/Pawel-Hruszwicki-150x134.jpg 150w\" sizes=\"(max-width: 900px) 100vw, 900px\" \/><\/a>Pawe\u0142 Hruszwicki &#8211; dyrygent, \u015bpiewak i pedagog. Jest absolwentem Akademii Muzycznej im. Fryderyka Chopina w Warszawie, gdzie uko\u0144czy\u0142 z wyr\u00f3\u017cnieniem Wydzia\u0142 Wokalno-Aktorski w klasie prof. Krystyny Szczepa\u0144skiej. Studia w zakresie \u015bpiewu, dyrygentury i&nbsp;pedagogiki muzycznej pog\u0142\u0119bia\u0142 uczestnicz\u0105c w seminariach w Polsce i za granic\u0105, m.in.: w&nbsp;Niemczech (Weimar, Stuttgart), na W\u0119grzech (Kecskem\u00e9t \u2013 Instytut Z. Kod\u00e1lya), w Wielkiej Brytanii (Oakham, Leicester), w Holandii (Utrecht), w Czechach i Estonii.<br \/>\nW przesz\u0142o\u015bci wyst\u0119powa\u0142 w Zespole &#8222;Ars Antiqua&#8221; i Ch\u00f3rze Opery Narodowej. Koncertowa\u0142 tak\u017ce jako solista w repertuarze pie\u015bniarskim i oratoryjnym (Filharmonia Narodowa w Warszawie, Krajowe Biuro Koncertowe, Warszawskie Towarzystwo Muzyczne i inne).<br \/>\nJako pedagog prowadzi od 1990 roku autorski przedmiot &#8222;Klasa Kameralistyki Wokalnej&#8221; w&nbsp;Miejskiej Szkole Artystycznej w Mi\u0144sku Mazowieckim. W 2000 roku za\u0142o\u017cy\u0142 zesp\u00f3\u0142 solist\u00f3w &#8222;Recital Ensemble&#8221;. Kieruje r\u00f3wnie\u017c Ekumenicznym Ch\u00f3rem Kameralnym Ko\u015bcio\u0142a Ewangelicko-Reformowanego w Warszawie. Jest cz\u0142onkiem Polskiego Stowarzyszenia Pedagog\u00f3w \u015apiewu i&nbsp;International Kod\u00e1ly Society.<\/p>\n","protected":false},"excerpt":{"rendered":"<p>Pawe\u0142 Hruszwicki &#8211; dyrygent, \u015bpiewak i pedagog. Jest absolwentem Akademii Muzycznej im. Fryderyka Chopina w Warszawie, gdzie uko\u0144czy\u0142 z wyr\u00f3\u017cnieniem Wydzia\u0142 Wokalno-Aktorski w klasie prof. Krystyny Szczepa\u0144skiej. Studia w zakresie \u015bpiewu, dyrygentury i&nbsp;pedagogiki muzycznej pog\u0142\u0119bia\u0142 uczestnicz\u0105c w seminariach w Polsce i za granic\u0105, m.in.: w&nbsp;Niemczech (Weimar, Stuttgart), na W\u0119grzech (Kecskem\u00e9t \u2026 <a href=\"http:\/\/fundacjaoda.pl\/?page_id=10436\"> Continue reading <span class=\"meta-nav\">&rarr; <\/span><\/a><\/p>\n","protected":false},"author":1,"featured_media":0,"parent":0,"menu_order":0,"comment_status":"closed","ping_status":"closed","template":"","meta":[],"_links":{"self":[{"href":"http:\/\/fundacjaoda.pl\/index.php?rest_route=\/wp\/v2\/pages\/10436"}],"collection":[{"href":"http:\/\/fundacjaoda.pl\/index.php?rest_route=\/wp\/v2\/pages"}],"about":[{"href":"http:\/\/fundacjaoda.pl\/index.php?rest_route=\/wp\/v2\/types\/page"}],"author":[{"embeddable":true,"href":"http:\/\/fundacjaoda.pl\/index.php?rest_route=\/wp\/v2\/users\/1"}],"replies":[{"embeddable":true,"href":"http:\/\/fundacjaoda.pl\/index.php?rest_route=%2Fwp%2Fv2%2Fcomments&post=10436"}],"version-history":[{"count":10,"href":"http:\/\/fundacjaoda.pl\/index.php?rest_route=\/wp\/v2\/pages\/10436\/revisions"}],"predecessor-version":[{"id":10448,"href":"http:\/\/fundacjaoda.pl\/index.php?rest_route=\/wp\/v2\/pages\/10436\/revisions\/10448"}],"wp:attachment":[{"href":"http:\/\/fundacjaoda.pl\/index.php?rest_route=%2Fwp%2Fv2%2Fmedia&parent=10436"}],"curies":[{"name":"wp","href":"https:\/\/api.w.org\/{rel}","templated":true}]}}