{"id":10206,"date":"2017-01-02T12:48:00","date_gmt":"2017-01-02T11:48:00","guid":{"rendered":"http:\/\/fundacjaoda.pl\/?page_id=10206"},"modified":"2017-01-02T12:58:10","modified_gmt":"2017-01-02T11:58:10","slug":"miejska-koleda-miedzypokoleniowy-wieczor-koled-i-pastoralek","status":"publish","type":"page","link":"http:\/\/fundacjaoda.pl\/?page_id=10206","title":{"rendered":"\u201eMiejska kol\u0119da\u201d \u2013 mi\u0119dzypokoleniowy wiecz\u00f3r kol\u0119d i pastora\u0142ek"},"content":{"rendered":"<p>\u201eMiejska kol\u0119da\u201d to tytu\u0142 mi\u0119dzypokoleniowego wieczoru kol\u0119d i pastora\u0142ek, kt\u00f3ry odb\u0119dzie si\u0119 6 stycznia 2017 r., w Izbie Muzealnej Wodiczk\u00f3w. Jest to zarazem tytu\u0142 utworu Ryszarda Matusiewicza, kt\u00f3ry to utw\u00f3r w\u0142a\u015bnie tego dnia b\u0119dzie mia\u0142 swoj\u0105 premier\u0119. Podczas \u015bwi\u0105tecznego, muzycznego spotkania us\u0142yszymy tak\u017ce szereg kol\u0119d, pastora\u0142ek i innych utwor\u00f3w o tematyce \u015bwi\u0105tecznej. Za\u015bpiewaj\u0105 je znane ju\u017c wo\u0142omi\u0144skiej publiczno\u015bci, dwie m\u0142ode, ale utytu\u0142owane wokalistki \u2013 12-letnia Julia G\u0105siorkiewicz i 9-letnia Ania G\u0105siorkiewicz. Ich indywidualne wyst\u0119py b\u0119d\u0105 przeplatane wsp\u00f3lnym \u015bpiewaniem tradycyjnych polskich kol\u0119d i pastora\u0142ek przy akompaniamencie Ryszarda Matusiewicza. M\u0142ode wokalistki do swojego wyst\u0119pu przygotowywa\u0142y si\u0119 pod opiek\u0105 swojej instruktor wokalnej \u2013 Marceliny Wo\u017anej.<\/p>\n<p><a href=\"http:\/\/fundacjaoda.pl\/wp-content\/uploads\/2016\/03\/5.jpg\"><img loading=\"lazy\" src=\"http:\/\/fundacjaoda.pl\/wp-content\/uploads\/2016\/03\/5.jpg\" alt=\"5\" style=\"margin-right:10px\" width=\"30%\" height=\"30%\" class=\"alignnone size-full wp-image-6988\" align=\"left\" srcset=\"http:\/\/fundacjaoda.pl\/wp-content\/uploads\/2016\/03\/5.jpg 900w, http:\/\/fundacjaoda.pl\/wp-content\/uploads\/2016\/03\/5-150x112.jpg 150w\" sizes=\"(max-width: 900px) 100vw, 900px\" \/><\/a>Julia G\u0105siorkiewicz od najm\u0142odszych lat rozwija si\u0119 muzycznie. Jest laureatk\u0105 ok. 40 dzieci\u0119cych i&nbsp;m\u0142odzie\u017cowych konkurs\u00f3w oraz festiwali wokalnych. W 2016 roku zdoby\u0142a I nagrod\u0119 w&nbsp;Og\u00f3lnopolskim Konkursie \u201eM\u0142ode Talenty Muzyczne 2016\u201d. Jest trzykrotn\u0105 laureatk\u0105 Mazowieckiego Festiwalu Piosenki z Dobrym Tekstem \u201eMuzyczna Jesie\u0144\u201d (gdzie wykonywa\u0142a piosenki napisane wsp\u00f3lnie przez Ryszarda Matusiewicza i tat\u0119 \u2013 Artura G\u0105siorkiewicza). Zdobywa\u0142a tak\u017ce laury w przegl\u0105dach kol\u0119d i pastora\u0142ek. W 2015 r. zosta\u0142a uhonorowana nagrod\u0105 Burmistrza Dzielnicy Wola M. St. Warszawy \u2013 \u201eTalent Woli\u201d.<\/p>\n<p><a href=\"http:\/\/fundacjaoda.pl\/wp-content\/uploads\/2016\/03\/6_a.jpg\"><img loading=\"lazy\" src=\"http:\/\/fundacjaoda.pl\/wp-content\/uploads\/2016\/03\/6_a.jpg\" alt=\"6_a\" style=\"margin-left:10px\" width=\"25%\" height=\"25%\" class=\"alignnone size-full wp-image-6989\" align=\"right\" srcset=\"http:\/\/fundacjaoda.pl\/wp-content\/uploads\/2016\/03\/6_a.jpg 642w, http:\/\/fundacjaoda.pl\/wp-content\/uploads\/2016\/03\/6_a-107x150.jpg 107w\" sizes=\"(max-width: 642px) 100vw, 642px\" \/><\/a>Ania G\u0105siorkiewicz, pomimo m\u0142odego wieku, zosta\u0142a ju\u017c nagrodzona w ok. 25 dzieci\u0119cych konkursach wokalnych \u2013 w tym tak znacz\u0105cych jak Mi\u0119dzynarodowy Festiwal Piosenkarzy Dzieci\u0119cych i M\u0142odzie\u017cowych im. H. Morysa (III miejsce), Otwarty Konkurs Wokalno-Muzyczny \u201eDebiuty 2016\u201d (I miejsce). Dwukrotnie zdobywa\u0142a te\u017c II nagrod\u0119 w Mazowieckim Festiwalu Dzieci\u0119cej i M\u0142odzie\u017cowej Tw\u00f3rczo\u015bci Artystycznej \u2013 \u201eAsteriada\u201d. Jest cz\u0142onkiem m\u0142odszego zespo\u0142u wokalnego \u201eEdyta Band\u201d pod kierownictwem Edyty Kiesewetter.<\/p>\n<p><a href=\"http:\/\/fundacjaoda.pl\/wp-content\/uploads\/2016\/03\/1.jpg\"><img loading=\"lazy\" src=\"http:\/\/fundacjaoda.pl\/wp-content\/uploads\/2016\/03\/1.jpg\" alt=\"1\" style=\"margin-right:10px\" width=\"25%\" height=\"25%\" class=\"alignnone size-full wp-image-6985\" align=\"left\" srcset=\"http:\/\/fundacjaoda.pl\/wp-content\/uploads\/2016\/03\/1.jpg 900w, http:\/\/fundacjaoda.pl\/wp-content\/uploads\/2016\/03\/1-150x112.jpg 150w\" sizes=\"(max-width: 900px) 100vw, 900px\" \/><\/a>Ryszard Matusiewicz, kt\u00f3ry tym razem wyst\u0105pi w roli skromnego akompaniatora, jest z zawodu in\u017cynierem, ale z zami\u0142owania kompozytorem i poet\u0105. Napisa\u0142 ponad 100 utwor\u00f3w, niekt\u00f3re z nich zosta\u0142y za\u015b wydane na dw\u00f3ch amatorskich, niskonak\u0142adowych p\u0142ytach. Utwory te wymykaj\u0105 si\u0119 popularnym obecnie w radiu konwencjom, dlatego \u2013 jak m\u00f3wi sam autor \u2013 \u201ep\u0142yty nie s\u0105 dost\u0119pne w najlepszych salonach muzycznych\u201d. W 2016 roku Ryszard Matusiewicz zosta\u0142 finalist\u0105 OPPA. Od kilku lat wsp\u00f3\u0142pracuje artystycznie z rodzin\u0105 G\u0105siorkiewicz\u00f3w. Wsp\u00f3lnie tworz\u0105 i koncertuj\u0105 \u201ena z\u0142o\u015b\u0107 przeciwno\u015bciom losu\u201d. Obecnie przygotowuj\u0105 amatorsk\u0105 p\u0142yt\u0119 b\u0119d\u0105c\u0105 efektem kilku lat wsp\u00f3lnego muzykowania. Jak jednak twierdz\u0105, nie przewiduj\u0105 odszkodowa\u0144 za straty moralne wynikaj\u0105ce z przes\u0142uchania zawartych na niej utwor\u00f3w.<\/p>\n<p>Linki do YouTube:<br \/>\n<a href=\"https:\/\/www.youtube.com\/watch?v=T2qmVBCzoB0\">Julia G\u0105siorkiewicz \u2013 \u201eSzara kol\u0119da\u201d<\/a><br \/>\n<a href=\"https:\/\/www.youtube.com\/watch?v=PAF2etDNq6w\">Ania G\u0105siorkiewicz \u2013 \u201e\u017b\u0142\u00f3bek Ci\u0119 utuli\u201d<\/a><\/p>\n","protected":false},"excerpt":{"rendered":"<p>\u201eMiejska kol\u0119da\u201d to tytu\u0142 mi\u0119dzypokoleniowego wieczoru kol\u0119d i pastora\u0142ek, kt\u00f3ry odb\u0119dzie si\u0119 6 stycznia 2017 r., w Izbie Muzealnej Wodiczk\u00f3w. Jest to zarazem tytu\u0142 utworu Ryszarda Matusiewicza, kt\u00f3ry to utw\u00f3r w\u0142a\u015bnie tego dnia b\u0119dzie mia\u0142 swoj\u0105 premier\u0119. Podczas \u015bwi\u0105tecznego, muzycznego spotkania us\u0142yszymy tak\u017ce szereg kol\u0119d, pastora\u0142ek i innych utwor\u00f3w o \u2026 <a href=\"http:\/\/fundacjaoda.pl\/?page_id=10206\"> Continue reading <span class=\"meta-nav\">&rarr; <\/span><\/a><\/p>\n","protected":false},"author":1,"featured_media":0,"parent":0,"menu_order":0,"comment_status":"closed","ping_status":"closed","template":"","meta":[],"_links":{"self":[{"href":"http:\/\/fundacjaoda.pl\/index.php?rest_route=\/wp\/v2\/pages\/10206"}],"collection":[{"href":"http:\/\/fundacjaoda.pl\/index.php?rest_route=\/wp\/v2\/pages"}],"about":[{"href":"http:\/\/fundacjaoda.pl\/index.php?rest_route=\/wp\/v2\/types\/page"}],"author":[{"embeddable":true,"href":"http:\/\/fundacjaoda.pl\/index.php?rest_route=\/wp\/v2\/users\/1"}],"replies":[{"embeddable":true,"href":"http:\/\/fundacjaoda.pl\/index.php?rest_route=%2Fwp%2Fv2%2Fcomments&post=10206"}],"version-history":[{"count":9,"href":"http:\/\/fundacjaoda.pl\/index.php?rest_route=\/wp\/v2\/pages\/10206\/revisions"}],"predecessor-version":[{"id":19342,"href":"http:\/\/fundacjaoda.pl\/index.php?rest_route=\/wp\/v2\/pages\/10206\/revisions\/19342"}],"wp:attachment":[{"href":"http:\/\/fundacjaoda.pl\/index.php?rest_route=%2Fwp%2Fv2%2Fmedia&parent=10206"}],"curies":[{"name":"wp","href":"https:\/\/api.w.org\/{rel}","templated":true}]}}